{"id":10966,"date":"2026-01-30T22:02:10","date_gmt":"2026-01-30T22:02:10","guid":{"rendered":"https:\/\/k-beautyci.com\/?post_type=product&#038;p=10966"},"modified":"2026-03-08T19:11:38","modified_gmt":"2026-03-08T19:11:38","slug":"nineless-a-control-azelaic-acid-cream","status":"publish","type":"product","link":"https:\/\/k-beautyci.com\/fr\/produit\/nineless-a-control-azelaic-acid-cream\/","title":{"rendered":"NINELESS A-Control Azelaic Acid Cream"},"content":{"rendered":"<p>Comment l'utiliser :<\/p>\n<p>Appliquez une quantit\u00e9 appropri\u00e9e sur la peau.  Massez doucement jusqu'\u00e0 absorption compl\u00e8te.<\/p>\n<p>Avertissement : Pour usage externe uniquement. Toujours effectuer un test \u00e9picutan\u00e9. Cessez d'utiliser le produit si vous ressentez une quelconque g\u00eane. Suivre les instructions suppl\u00e9mentaires figurant sur l'emballage. Les r\u00e9sultats individuels peuvent varier.<\/p>","protected":false},"excerpt":{"rendered":"<p>Cette cr\u00e8me contre l'acn\u00e9 riche en acide az\u00e9la\u00efque traite les peaux \u00e0 probl\u00e8mes et les inflammations. D'autres ingr\u00e9dients tels que l'extrait de th\u00e9 vert et l'acide lactique exfolient les cellules mortes tout en r\u00e9gulant la production de s\u00e9bum. Elle contient \u00e9galement des ingr\u00e9dients hydratants tels que le filtrat de s\u00e9cr\u00e9tion d'escargot. Sa formule non irritante convient \u00e0 tous les types de peau.<\/p>","protected":false},"featured_media":10971,"comment_status":"open","ping_status":"closed","template":"","meta":{"om_disable_all_campaigns":false},"product_brand":[],"product_cat":[60,165,88,148,26,191,86],"product_tag":[],"class_list":{"0":"post-10966","1":"product","2":"type-product","3":"status-publish","4":"has-post-thumbnail","6":"product_cat-acne","7":"product_cat-azelaic-acid","8":"product_cat-centella","9":"product_cat-ceramide","10":"product_cat-face-moisturizer","11":"product_cat-nineless","12":"product_cat-snail-mucin","14":"first","15":"instock","16":"shipping-taxable","17":"purchasable","18":"product-type-simple"},"aioseo_notices":[],"jetpack_sharing_enabled":true,"_links":{"self":[{"href":"https:\/\/k-beautyci.com\/fr\/wp-json\/wp\/v2\/product\/10966","targetHints":{"allow":["GET"]}}],"collection":[{"href":"https:\/\/k-beautyci.com\/fr\/wp-json\/wp\/v2\/product"}],"about":[{"href":"https:\/\/k-beautyci.com\/fr\/wp-json\/wp\/v2\/types\/product"}],"replies":[{"embeddable":true,"href":"https:\/\/k-beautyci.com\/fr\/wp-json\/wp\/v2\/comments?post=10966"}],"wp:featuredmedia":[{"embeddable":true,"href":"https:\/\/k-beautyci.com\/fr\/wp-json\/wp\/v2\/media\/10971"}],"wp:attachment":[{"href":"https:\/\/k-beautyci.com\/fr\/wp-json\/wp\/v2\/media?parent=10966"}],"wp:term":[{"taxonomy":"product_brand","embeddable":true,"href":"https:\/\/k-beautyci.com\/fr\/wp-json\/wp\/v2\/product_brand?post=10966"},{"taxonomy":"product_cat","embeddable":true,"href":"https:\/\/k-beautyci.com\/fr\/wp-json\/wp\/v2\/product_cat?post=10966"},{"taxonomy":"product_tag","embeddable":true,"href":"https:\/\/k-beautyci.com\/fr\/wp-json\/wp\/v2\/product_tag?post=10966"}],"curies":[{"name":"wp","href":"https:\/\/api.w.org\/{rel}","templated":true}]}}