{"id":1096,"date":"2023-05-23T15:05:40","date_gmt":"2023-05-23T15:05:40","guid":{"rendered":"https:\/\/k-beautyci.com\/?post_type=product&#038;p=1096"},"modified":"2023-07-14T11:54:46","modified_gmt":"2023-07-14T11:54:46","slug":"haruharu-wonder-black-rice-serum","status":"publish","type":"product","link":"https:\/\/k-beautyci.com\/fr\/produit\/haruharu-wonder-black-rice-serum\/","title":{"rendered":"S\u00e9rum de riz noir haruharu wonder"},"content":{"rendered":"","protected":false},"excerpt":{"rendered":"<p>Un s\u00e9rum l\u00e9ger qui apporte de l'hydratation et des ingr\u00e9dients anti-\u00e2ge.<\/p>\n<p>L'\u00e9nergie superpuissante du riz noir ferment\u00e9 100% cor\u00e9en et des pousses de bambou rafra\u00eechit la peau et soulage les tiraillements de la couche interne.<\/p>","protected":false},"featured_media":1097,"comment_status":"open","ping_status":"closed","template":"","meta":{"om_disable_all_campaigns":false},"product_brand":[],"product_cat":[25,42,31,33,152,66,41],"product_tag":[],"class_list":{"0":"post-1096","1":"product","2":"type-product","3":"status-publish","4":"has-post-thumbnail","6":"product_cat-asian-brands","7":"product_cat-dry-skin","8":"product_cat-face-serums","9":"product_cat-face-treatments","10":"product_cat-haruharu-wonder","11":"product_cat-normal-combination-skin","12":"product_cat-oily-skin","14":"first","15":"outofstock","16":"shipping-taxable","17":"purchasable","18":"product-type-simple"},"aioseo_notices":[],"jetpack_sharing_enabled":true,"_links":{"self":[{"href":"https:\/\/k-beautyci.com\/fr\/wp-json\/wp\/v2\/product\/1096","targetHints":{"allow":["GET"]}}],"collection":[{"href":"https:\/\/k-beautyci.com\/fr\/wp-json\/wp\/v2\/product"}],"about":[{"href":"https:\/\/k-beautyci.com\/fr\/wp-json\/wp\/v2\/types\/product"}],"replies":[{"embeddable":true,"href":"https:\/\/k-beautyci.com\/fr\/wp-json\/wp\/v2\/comments?post=1096"}],"wp:featuredmedia":[{"embeddable":true,"href":"https:\/\/k-beautyci.com\/fr\/wp-json\/wp\/v2\/media\/1097"}],"wp:attachment":[{"href":"https:\/\/k-beautyci.com\/fr\/wp-json\/wp\/v2\/media?parent=1096"}],"wp:term":[{"taxonomy":"product_brand","embeddable":true,"href":"https:\/\/k-beautyci.com\/fr\/wp-json\/wp\/v2\/product_brand?post=1096"},{"taxonomy":"product_cat","embeddable":true,"href":"https:\/\/k-beautyci.com\/fr\/wp-json\/wp\/v2\/product_cat?post=1096"},{"taxonomy":"product_tag","embeddable":true,"href":"https:\/\/k-beautyci.com\/fr\/wp-json\/wp\/v2\/product_tag?post=1096"}],"curies":[{"name":"wp","href":"https:\/\/api.w.org\/{rel}","templated":true}]}}