{"id":10953,"date":"2026-01-30T18:29:02","date_gmt":"2026-01-30T18:29:02","guid":{"rendered":"https:\/\/k-beautyci.com\/?post_type=product&#038;p=10953"},"modified":"2026-01-31T17:40:37","modified_gmt":"2026-01-31T17:40:37","slug":"nine-less-root-biome-caffeine-scalp-ampoule","status":"publish","type":"product","link":"https:\/\/k-beautyci.com\/fr\/produit\/nine-less-root-biome-caffeine-scalp-ampoule\/","title":{"rendered":"NINE LESS Root-Biome\u2122 Caffeine Scalp Ampoule"},"content":{"rendered":"<p>Avertissement : Pour usage externe uniquement. Toujours effectuer un test \u00e9picutan\u00e9. Cessez d'utiliser le produit si vous ressentez une quelconque g\u00eane. Suivre les instructions suppl\u00e9mentaires figurant sur l'emballage. Les r\u00e9sultats individuels peuvent varier.<\/p>","protected":false},"excerpt":{"rendered":"<p><span class=\"a-list-item\">Une ampoule l\u00e9g\u00e8re et rapidement absorb\u00e9e, con\u00e7ue pour rafra\u00eechir, apaiser et dynamiser les racines. Gr\u00e2ce \u00e0 la technologie RootBiome, elle r\u00e9tablit l'\u00e9quilibre du cuir chevelu tandis que la caf\u00e9ine et le menthol stimulent la microcirculation et procurent un effet rafra\u00eechissant instantan\u00e9. Id\u00e9ale pour les cuirs chevelus fatigu\u00e9s, gras ou stress\u00e9s par la chaleur.<\/span><\/p>","protected":false},"featured_media":10957,"comment_status":"open","ping_status":"closed","template":"","meta":{"om_disable_all_campaigns":false},"product_brand":[],"product_cat":[191],"product_tag":[],"class_list":{"0":"post-10953","1":"product","2":"type-product","3":"status-publish","4":"has-post-thumbnail","6":"product_cat-nineless","8":"first","9":"instock","10":"shipping-taxable","11":"purchasable","12":"product-type-simple"},"aioseo_notices":[],"jetpack_sharing_enabled":true,"_links":{"self":[{"href":"https:\/\/k-beautyci.com\/fr\/wp-json\/wp\/v2\/product\/10953","targetHints":{"allow":["GET"]}}],"collection":[{"href":"https:\/\/k-beautyci.com\/fr\/wp-json\/wp\/v2\/product"}],"about":[{"href":"https:\/\/k-beautyci.com\/fr\/wp-json\/wp\/v2\/types\/product"}],"replies":[{"embeddable":true,"href":"https:\/\/k-beautyci.com\/fr\/wp-json\/wp\/v2\/comments?post=10953"}],"wp:featuredmedia":[{"embeddable":true,"href":"https:\/\/k-beautyci.com\/fr\/wp-json\/wp\/v2\/media\/10957"}],"wp:attachment":[{"href":"https:\/\/k-beautyci.com\/fr\/wp-json\/wp\/v2\/media?parent=10953"}],"wp:term":[{"taxonomy":"product_brand","embeddable":true,"href":"https:\/\/k-beautyci.com\/fr\/wp-json\/wp\/v2\/product_brand?post=10953"},{"taxonomy":"product_cat","embeddable":true,"href":"https:\/\/k-beautyci.com\/fr\/wp-json\/wp\/v2\/product_cat?post=10953"},{"taxonomy":"product_tag","embeddable":true,"href":"https:\/\/k-beautyci.com\/fr\/wp-json\/wp\/v2\/product_tag?post=10953"}],"curies":[{"name":"wp","href":"https:\/\/api.w.org\/{rel}","templated":true}]}}