{"id":10946,"date":"2026-01-30T17:39:28","date_gmt":"2026-01-30T17:39:28","guid":{"rendered":"https:\/\/k-beautyci.com\/?post_type=product&#038;p=10946"},"modified":"2026-04-14T08:01:25","modified_gmt":"2026-04-14T08:01:25","slug":"numbuzin-no-9-nad-retinol-volumetox-eye-cream","status":"publish","type":"product","link":"https:\/\/k-beautyci.com\/fr\/produit\/numbuzin-no-9-nad-retinol-volumetox-eye-cream\/","title":{"rendered":"numbuzin No.9 NAD+ Retinol Volumetox Eye Cream"},"content":{"rendered":"<p><b>Comment l'utiliser :<\/b><\/p>\n<p>Appliquez une quantit\u00e9 mod\u00e9r\u00e9e sur les zones concern\u00e9es et massez doucement pour une meilleure absorption.<\/p>\n<p>Avertissement : Pour usage externe uniquement. Toujours effectuer un test \u00e9picutan\u00e9. Cessez d'utiliser le produit si vous ressentez une quelconque g\u00eane. Suivre les instructions suppl\u00e9mentaires figurant sur l'emballage. Les r\u00e9sultats individuels peuvent varier.<\/p>","protected":false},"excerpt":{"rendered":"<p>Une cr\u00e8me pour les yeux riche et nacr\u00e9e qui raffermit visiblement la peau et lisse l'apparence des rides et ridules. Elle revitalise les cernes fatigu\u00e9s et ravive le contour des yeux gonfl\u00e9 pour une apparence plus lumineuse et plus jeune. Redonne du volume aux yeux ternes et affaiss\u00e9s gr\u00e2ce \u00e0 cette cr\u00e8me raffermissante pour les yeux. Elle est formul\u00e9e \u00e0 base de niacinamide et de c\u00e9ramide pour \u00e9claircir le contour des yeux, ainsi que de r\u00e9tinol et de 50 peptides pour raffermir les zones rel\u00e2ch\u00e9es. Le NAD+ contenu dans la formule apporte \u00e9galement un soin hydratant.<\/p>","protected":false},"featured_media":10952,"comment_status":"open","ping_status":"closed","template":"","meta":{"om_disable_all_campaigns":false},"product_brand":[],"product_cat":[148,38,190,223,68],"product_tag":[],"class_list":{"0":"post-10946","1":"product","2":"type-product","3":"status-publish","4":"has-post-thumbnail","6":"product_cat-ceramide","7":"product_cat-eye-care","8":"product_cat-numbuzin","9":"product_cat-panthenol","10":"product_cat-retinol","12":"first","13":"instock","14":"shipping-taxable","15":"purchasable","16":"product-type-simple"},"aioseo_notices":[],"jetpack_sharing_enabled":true,"_links":{"self":[{"href":"https:\/\/k-beautyci.com\/fr\/wp-json\/wp\/v2\/product\/10946","targetHints":{"allow":["GET"]}}],"collection":[{"href":"https:\/\/k-beautyci.com\/fr\/wp-json\/wp\/v2\/product"}],"about":[{"href":"https:\/\/k-beautyci.com\/fr\/wp-json\/wp\/v2\/types\/product"}],"replies":[{"embeddable":true,"href":"https:\/\/k-beautyci.com\/fr\/wp-json\/wp\/v2\/comments?post=10946"}],"wp:featuredmedia":[{"embeddable":true,"href":"https:\/\/k-beautyci.com\/fr\/wp-json\/wp\/v2\/media\/10952"}],"wp:attachment":[{"href":"https:\/\/k-beautyci.com\/fr\/wp-json\/wp\/v2\/media?parent=10946"}],"wp:term":[{"taxonomy":"product_brand","embeddable":true,"href":"https:\/\/k-beautyci.com\/fr\/wp-json\/wp\/v2\/product_brand?post=10946"},{"taxonomy":"product_cat","embeddable":true,"href":"https:\/\/k-beautyci.com\/fr\/wp-json\/wp\/v2\/product_cat?post=10946"},{"taxonomy":"product_tag","embeddable":true,"href":"https:\/\/k-beautyci.com\/fr\/wp-json\/wp\/v2\/product_tag?post=10946"}],"curies":[{"name":"wp","href":"https:\/\/api.w.org\/{rel}","templated":true}]}}