{"id":10942,"date":"2026-01-30T17:48:07","date_gmt":"2026-01-30T17:48:07","guid":{"rendered":"https:\/\/k-beautyci.com\/?post_type=product&#038;p=10942"},"modified":"2026-01-30T17:48:10","modified_gmt":"2026-01-30T17:48:10","slug":"manyo-pure-deep-cleansing-foam","status":"publish","type":"product","link":"https:\/\/k-beautyci.com\/fr\/produit\/manyo-pure-deep-cleansing-foam\/","title":{"rendered":"ma:nyo Pure &amp; Deep Cleansing Foam"},"content":{"rendered":"<p><b>Comment l'utiliser :<\/b><\/p>\n<p>Pr\u00e9levez une noisette de produit et faites mousser. Massez d\u00e9licatement le visage et rincez \u00e0 l'eau ti\u00e8de.<\/p>\n<p>Avertissement : Pour usage externe uniquement. Toujours effectuer un test \u00e9picutan\u00e9. Cessez d'utiliser le produit si vous ressentez une quelconque g\u00eane. Suivre les instructions suppl\u00e9mentaires figurant sur l'emballage. Les r\u00e9sultats individuels peuvent varier.<\/p>","protected":false},"excerpt":{"rendered":"<p>Cette mousse nettoyante est enrichie de dix types d'ingr\u00e9dients floraux d'origine naturelle (tels que l'extrait d'ylang-ylang et l'extrait de rose) pour revitaliser la peau. Sa formule riche et onctueuse forme une mousse fine et douce qui nettoie les pores en profondeur et \u00e9limine l'exc\u00e8s de s\u00e9bum et les impuret\u00e9s. La c\u00e9ramide et l'acide hyaluronique contenus dans la formule hydratent la peau et pr\u00e9servent son hydratation pour un r\u00e9sultat net sans sensation de tiraillement.<\/p>","protected":false},"featured_media":10945,"comment_status":"open","ping_status":"closed","template":"","meta":{"om_disable_all_campaigns":false},"product_brand":[],"product_cat":[35,270],"product_tag":[],"class_list":{"0":"post-10942","1":"product","2":"type-product","3":"status-publish","4":"has-post-thumbnail","6":"product_cat-face-cleansers","7":"product_cat-manyo","9":"first","10":"instock","11":"shipping-taxable","12":"purchasable","13":"product-type-simple"},"aioseo_notices":[],"jetpack_sharing_enabled":true,"_links":{"self":[{"href":"https:\/\/k-beautyci.com\/fr\/wp-json\/wp\/v2\/product\/10942","targetHints":{"allow":["GET"]}}],"collection":[{"href":"https:\/\/k-beautyci.com\/fr\/wp-json\/wp\/v2\/product"}],"about":[{"href":"https:\/\/k-beautyci.com\/fr\/wp-json\/wp\/v2\/types\/product"}],"replies":[{"embeddable":true,"href":"https:\/\/k-beautyci.com\/fr\/wp-json\/wp\/v2\/comments?post=10942"}],"wp:featuredmedia":[{"embeddable":true,"href":"https:\/\/k-beautyci.com\/fr\/wp-json\/wp\/v2\/media\/10945"}],"wp:attachment":[{"href":"https:\/\/k-beautyci.com\/fr\/wp-json\/wp\/v2\/media?parent=10942"}],"wp:term":[{"taxonomy":"product_brand","embeddable":true,"href":"https:\/\/k-beautyci.com\/fr\/wp-json\/wp\/v2\/product_brand?post=10942"},{"taxonomy":"product_cat","embeddable":true,"href":"https:\/\/k-beautyci.com\/fr\/wp-json\/wp\/v2\/product_cat?post=10942"},{"taxonomy":"product_tag","embeddable":true,"href":"https:\/\/k-beautyci.com\/fr\/wp-json\/wp\/v2\/product_tag?post=10942"}],"curies":[{"name":"wp","href":"https:\/\/api.w.org\/{rel}","templated":true}]}}