{"id":10932,"date":"2026-01-30T18:01:34","date_gmt":"2026-01-30T18:01:34","guid":{"rendered":"https:\/\/k-beautyci.com\/?post_type=product&#038;p=10932"},"modified":"2026-04-15T23:30:33","modified_gmt":"2026-04-15T23:30:33","slug":"marymay-spicule-retinol-pdrn-cream","status":"publish","type":"product","link":"https:\/\/k-beautyci.com\/fr\/produit\/marymay-spicule-retinol-pdrn-cream\/","title":{"rendered":"Mary&amp;May Spicule Retinol PDRN Cream"},"content":{"rendered":"<p>Conseil de pro : pour les d\u00e9butants en mati\u00e8re de r\u00e9tinol, habituez votre peau \u00e0 cet ingr\u00e9dient puissant gr\u00e2ce \u00e0 la \u00ab m\u00e9thode sandwich \u00bb. Appliquez une fine couche de cr\u00e8me hydratante, puis une noisette de soin au r\u00e9tinol. Enfin, fixez le tout avec une autre couche de cr\u00e8me hydratante.<\/p>\n<p>&nbsp;<\/p>\n<p>Avertissement : Pour usage externe uniquement. Toujours effectuer un test \u00e9picutan\u00e9. Cessez d'utiliser le produit si vous ressentez une quelconque g\u00eane. Suivre les instructions suppl\u00e9mentaires figurant sur l'emballage. Les r\u00e9sultats individuels peuvent varier.<\/p>","protected":false},"excerpt":{"rendered":"<p>R\u00e9tinol et PDRN : existe-t-il un meilleur duo anti-\u00e2ge ? Vos rides et ridules n'ont aucune chance face \u00e0 cette cr\u00e8me raffermissante enrichie en r\u00e9tinol nano-liposomal, en PDRN d\u00e9riv\u00e9 de la centella et en micro-spicules qui favorisent l'absorption de ces ingr\u00e9dients vedettes par la peau. La formule est douce pour la peau gr\u00e2ce \u00e0 des ingr\u00e9dients apaisants qui pr\u00e9servent la barri\u00e8re cutan\u00e9e, tels que le panth\u00e9nol, le c\u00e9ramide NP, l'acide hyaluronique et l'allanto\u00efne.<\/p>","protected":false},"featured_media":10941,"comment_status":"open","ping_status":"closed","template":"","meta":{"om_disable_all_campaigns":false},"product_brand":[],"product_cat":[69,96,238,68],"product_tag":[],"class_list":{"0":"post-10932","1":"product","2":"type-product","3":"status-publish","4":"has-post-thumbnail","6":"product_cat-hyaluronic-acid","7":"product_cat-mary-may","8":"product_cat-pdrn","9":"product_cat-retinol","11":"first","12":"instock","13":"shipping-taxable","14":"purchasable","15":"product-type-simple"},"aioseo_notices":[],"jetpack_sharing_enabled":true,"_links":{"self":[{"href":"https:\/\/k-beautyci.com\/fr\/wp-json\/wp\/v2\/product\/10932","targetHints":{"allow":["GET"]}}],"collection":[{"href":"https:\/\/k-beautyci.com\/fr\/wp-json\/wp\/v2\/product"}],"about":[{"href":"https:\/\/k-beautyci.com\/fr\/wp-json\/wp\/v2\/types\/product"}],"replies":[{"embeddable":true,"href":"https:\/\/k-beautyci.com\/fr\/wp-json\/wp\/v2\/comments?post=10932"}],"wp:featuredmedia":[{"embeddable":true,"href":"https:\/\/k-beautyci.com\/fr\/wp-json\/wp\/v2\/media\/10941"}],"wp:attachment":[{"href":"https:\/\/k-beautyci.com\/fr\/wp-json\/wp\/v2\/media?parent=10932"}],"wp:term":[{"taxonomy":"product_brand","embeddable":true,"href":"https:\/\/k-beautyci.com\/fr\/wp-json\/wp\/v2\/product_brand?post=10932"},{"taxonomy":"product_cat","embeddable":true,"href":"https:\/\/k-beautyci.com\/fr\/wp-json\/wp\/v2\/product_cat?post=10932"},{"taxonomy":"product_tag","embeddable":true,"href":"https:\/\/k-beautyci.com\/fr\/wp-json\/wp\/v2\/product_tag?post=10932"}],"curies":[{"name":"wp","href":"https:\/\/api.w.org\/{rel}","templated":true}]}}