{"id":1093,"date":"2023-05-23T13:54:44","date_gmt":"2023-05-23T13:54:44","guid":{"rendered":"https:\/\/k-beautyci.com\/?post_type=product&#038;p=1093"},"modified":"2026-03-08T23:07:10","modified_gmt":"2026-03-08T23:07:10","slug":"haruharu-wonder-black-rice-hyaluronic-cream-50ml","status":"publish","type":"product","link":"https:\/\/k-beautyci.com\/fr\/produit\/haruharu-wonder-black-rice-hyaluronic-cream-50ml\/","title":{"rendered":"haruharu wonder Black Rice Hyaluronic Cream 50ml"},"content":{"rendered":"<p><strong>COMMENT L'UTILISER :<\/strong><\/p>\n<p>Appliquer uniform\u00e9ment sur le visage et le cou, tapoter et presser d\u00e9licatement pour une absorption compl\u00e8te.<br \/>\nUtilisation sugg\u00e9r\u00e9e : Utilisez-le avec d'autres produits de la gamme Wonder Black pour un r\u00e9sultat plus efficace.<\/p>","protected":false},"excerpt":{"rendered":"<p>Maintient l'hydratation de la peau en cr\u00e9ant une barri\u00e8re protectrice qui emp\u00eache la perte d'humidit\u00e9 gr\u00e2ce \u00e0 l'acide hyaluronique hautement concentr\u00e9 et \u00e0 d'autres propri\u00e9t\u00e9s nourrissantes.<\/p>","protected":false},"featured_media":1095,"comment_status":"open","ping_status":"closed","template":"","meta":{"om_disable_all_campaigns":false},"product_brand":[],"product_cat":[57,25,42,26,152,69,66,41],"product_tag":[],"class_list":{"0":"post-1093","1":"product","2":"type-product","3":"status-publish","4":"has-post-thumbnail","6":"product_cat-anti-aging","7":"product_cat-asian-brands","8":"product_cat-dry-skin","9":"product_cat-face-moisturizer","10":"product_cat-haruharu-wonder","11":"product_cat-hyaluronic-acid","12":"product_cat-normal-combination-skin","13":"product_cat-oily-skin","15":"first","16":"instock","17":"shipping-taxable","18":"purchasable","19":"product-type-simple"},"aioseo_notices":[],"jetpack_sharing_enabled":true,"_links":{"self":[{"href":"https:\/\/k-beautyci.com\/fr\/wp-json\/wp\/v2\/product\/1093","targetHints":{"allow":["GET"]}}],"collection":[{"href":"https:\/\/k-beautyci.com\/fr\/wp-json\/wp\/v2\/product"}],"about":[{"href":"https:\/\/k-beautyci.com\/fr\/wp-json\/wp\/v2\/types\/product"}],"replies":[{"embeddable":true,"href":"https:\/\/k-beautyci.com\/fr\/wp-json\/wp\/v2\/comments?post=1093"}],"wp:featuredmedia":[{"embeddable":true,"href":"https:\/\/k-beautyci.com\/fr\/wp-json\/wp\/v2\/media\/1095"}],"wp:attachment":[{"href":"https:\/\/k-beautyci.com\/fr\/wp-json\/wp\/v2\/media?parent=1093"}],"wp:term":[{"taxonomy":"product_brand","embeddable":true,"href":"https:\/\/k-beautyci.com\/fr\/wp-json\/wp\/v2\/product_brand?post=1093"},{"taxonomy":"product_cat","embeddable":true,"href":"https:\/\/k-beautyci.com\/fr\/wp-json\/wp\/v2\/product_cat?post=1093"},{"taxonomy":"product_tag","embeddable":true,"href":"https:\/\/k-beautyci.com\/fr\/wp-json\/wp\/v2\/product_tag?post=1093"}],"curies":[{"name":"wp","href":"https:\/\/api.w.org\/{rel}","templated":true}]}}