{"id":10923,"date":"2026-01-30T18:01:25","date_gmt":"2026-01-30T18:01:25","guid":{"rendered":"https:\/\/k-beautyci.com\/?post_type=product&#038;p=10923"},"modified":"2026-03-05T05:37:37","modified_gmt":"2026-03-05T05:37:37","slug":"marymay-spicule-collagen-pdrn-cream","status":"publish","type":"product","link":"https:\/\/k-beautyci.com\/fr\/produit\/marymay-spicule-collagen-pdrn-cream\/","title":{"rendered":"Mary&amp;May Spicule Collagen PDRN Cream"},"content":{"rendered":"<p><b>Comment l'utiliser :<\/b><br \/>\n1. Apr\u00e8s avoir nettoy\u00e9 votre peau, appliquez uniform\u00e9ment sur une peau propre comme premi\u00e8re \u00e9tape de votre routine de soins.<\/p>\n<p>2. \u00c9talez d\u00e9licatement sur la peau en suivant son grain, puis appuyez l\u00e9g\u00e8rement avec la paume des mains pour favoriser l'absorption.<\/p>\n<p>Avertissement : Pour usage externe uniquement. Toujours effectuer un test \u00e9picutan\u00e9. Cessez d'utiliser le produit si vous ressentez une quelconque g\u00eane. Suivre les instructions suppl\u00e9mentaires figurant sur l'emballage. Les r\u00e9sultats individuels peuvent varier.<\/p>","protected":false},"excerpt":{"rendered":"<p>Vous ne voulez pas de produits de soin qui n'agissent qu'en surface ? Boostez votre routine anti-\u00e2ge avec la cr\u00e8me multi-fonctions Spicule Collagen PDRN Cream de Mary&amp;May, enrichie en micro-spicules qui p\u00e9n\u00e8trent profond\u00e9ment dans la peau pour une diffusion suffisante des ingr\u00e9dients actifs et un impact maximal. La formule renforce la barri\u00e8re cutan\u00e9e et stimule l'\u00e9lasticit\u00e9 pour r\u00e9duire au minimum les rides et ridules. Vous allez adorer le fini apaisant et hydratant de l'azul\u00e8ne, des c\u00e9ramides et de l'acide hyaluronique.<\/p>","protected":false},"featured_media":10931,"comment_status":"open","ping_status":"closed","template":"","meta":{"om_disable_all_campaigns":false},"product_brand":[],"product_cat":[57,96,238],"product_tag":[],"class_list":{"0":"post-10923","1":"product","2":"type-product","3":"status-publish","4":"has-post-thumbnail","6":"product_cat-anti-aging","7":"product_cat-mary-may","8":"product_cat-pdrn","10":"first","11":"outofstock","12":"shipping-taxable","13":"purchasable","14":"product-type-simple"},"aioseo_notices":[],"jetpack_sharing_enabled":true,"_links":{"self":[{"href":"https:\/\/k-beautyci.com\/fr\/wp-json\/wp\/v2\/product\/10923","targetHints":{"allow":["GET"]}}],"collection":[{"href":"https:\/\/k-beautyci.com\/fr\/wp-json\/wp\/v2\/product"}],"about":[{"href":"https:\/\/k-beautyci.com\/fr\/wp-json\/wp\/v2\/types\/product"}],"replies":[{"embeddable":true,"href":"https:\/\/k-beautyci.com\/fr\/wp-json\/wp\/v2\/comments?post=10923"}],"wp:featuredmedia":[{"embeddable":true,"href":"https:\/\/k-beautyci.com\/fr\/wp-json\/wp\/v2\/media\/10931"}],"wp:attachment":[{"href":"https:\/\/k-beautyci.com\/fr\/wp-json\/wp\/v2\/media?parent=10923"}],"wp:term":[{"taxonomy":"product_brand","embeddable":true,"href":"https:\/\/k-beautyci.com\/fr\/wp-json\/wp\/v2\/product_brand?post=10923"},{"taxonomy":"product_cat","embeddable":true,"href":"https:\/\/k-beautyci.com\/fr\/wp-json\/wp\/v2\/product_cat?post=10923"},{"taxonomy":"product_tag","embeddable":true,"href":"https:\/\/k-beautyci.com\/fr\/wp-json\/wp\/v2\/product_tag?post=10923"}],"curies":[{"name":"wp","href":"https:\/\/api.w.org\/{rel}","templated":true}]}}