{"id":10916,"date":"2026-01-31T01:12:35","date_gmt":"2026-01-31T01:12:35","guid":{"rendered":"https:\/\/k-beautyci.com\/?post_type=product&#038;p=10916"},"modified":"2026-04-16T00:21:09","modified_gmt":"2026-04-16T00:21:09","slug":"medicube-kojic-acid-turmeric-vita-capsule-cream","status":"publish","type":"product","link":"https:\/\/k-beautyci.com\/fr\/produit\/medicube-kojic-acid-turmeric-vita-capsule-cream\/","title":{"rendered":"medicube Kojic Acid Turmeric Vita Capsule Cream"},"content":{"rendered":"<p>Avertissement : Pour usage externe uniquement. Toujours effectuer un test \u00e9picutan\u00e9. Cessez d'utiliser le produit si vous ressentez une quelconque g\u00eane. Suivre les instructions suppl\u00e9mentaires figurant sur l'emballage. Les r\u00e9sultats individuels peuvent varier.<\/p>","protected":false},"excerpt":{"rendered":"<p>La cr\u00e8me Medicube Kojic Acid Turmeric Vita Capsule Cream exploite les effets \u00e9claircissants de l'acide kojique et les bienfaits apaisants du curcuma pour am\u00e9liorer le teint et r\u00e9duire les d\u00e9colorations. La formulation innovante en capsules am\u00e9liore l'absorption des ingr\u00e9dients, favorisant un teint plus \u00e9clatant et plus uniforme.<\/p>","protected":false},"featured_media":10922,"comment_status":"open","ping_status":"closed","template":"","meta":{"om_disable_all_campaigns":false},"product_brand":[],"product_cat":[52,26,215],"product_tag":[],"class_list":{"0":"post-10916","1":"product","2":"type-product","3":"status-publish","4":"has-post-thumbnail","6":"product_cat-dark-spots","7":"product_cat-face-moisturizer","8":"product_cat-medicube","10":"first","11":"instock","12":"shipping-taxable","13":"purchasable","14":"product-type-simple"},"aioseo_notices":[],"jetpack_sharing_enabled":true,"_links":{"self":[{"href":"https:\/\/k-beautyci.com\/fr\/wp-json\/wp\/v2\/product\/10916","targetHints":{"allow":["GET"]}}],"collection":[{"href":"https:\/\/k-beautyci.com\/fr\/wp-json\/wp\/v2\/product"}],"about":[{"href":"https:\/\/k-beautyci.com\/fr\/wp-json\/wp\/v2\/types\/product"}],"replies":[{"embeddable":true,"href":"https:\/\/k-beautyci.com\/fr\/wp-json\/wp\/v2\/comments?post=10916"}],"wp:featuredmedia":[{"embeddable":true,"href":"https:\/\/k-beautyci.com\/fr\/wp-json\/wp\/v2\/media\/10922"}],"wp:attachment":[{"href":"https:\/\/k-beautyci.com\/fr\/wp-json\/wp\/v2\/media?parent=10916"}],"wp:term":[{"taxonomy":"product_brand","embeddable":true,"href":"https:\/\/k-beautyci.com\/fr\/wp-json\/wp\/v2\/product_brand?post=10916"},{"taxonomy":"product_cat","embeddable":true,"href":"https:\/\/k-beautyci.com\/fr\/wp-json\/wp\/v2\/product_cat?post=10916"},{"taxonomy":"product_tag","embeddable":true,"href":"https:\/\/k-beautyci.com\/fr\/wp-json\/wp\/v2\/product_tag?post=10916"}],"curies":[{"name":"wp","href":"https:\/\/api.w.org\/{rel}","templated":true}]}}