{"id":1090,"date":"2023-05-23T13:54:25","date_gmt":"2023-05-23T13:54:25","guid":{"rendered":"https:\/\/k-beautyci.com\/?post_type=product&#038;p=1090"},"modified":"2025-10-19T00:44:31","modified_gmt":"2025-10-19T00:44:31","slug":"haruharu-wonder-black-rice-bakuchiol-eye-cream","status":"publish","type":"product","link":"https:\/\/k-beautyci.com\/fr\/produit\/haruharu-wonder-black-rice-bakuchiol-eye-cream\/","title":{"rendered":"haruharu wonder Black Rice Bakuchiol Eye Cream"},"content":{"rendered":"<p><strong>B\u00c9N\u00c9FICES<\/strong><\/p>\n<ul>\n<li>Le riz noir ferment\u00e9 aide \u00e0 restaurer l'\u00e9lasticit\u00e9 de la peau.<\/li>\n<li>L'extrait d'\u00e9corce de pousse de bambou contient des propri\u00e9t\u00e9s antioxydantes et apaisantes pour la peau.<\/li>\n<li>Le Bakuchiol fournit des effets naturels de r\u00e9tinol pour aider \u00e0 affiner le teint et \u00e0 r\u00e9duire les signes de vieillissement.<\/li>\n<\/ul>\n<p>&nbsp;<\/p>\n<p><strong>COMMENT L'UTILISER :<\/strong><\/p>\n<p>R\u00e9partissez une petite quantit\u00e9 de produit de la taille d'un grain de riz entre les extr\u00e9mit\u00e9s de votre annulaire et tamponnez d\u00e9licatement le contour des yeux. Utiliser jour et nuit pour de meilleurs r\u00e9sultats.<\/p>\n<p>Avertissement : Pour usage externe uniquement. Toujours effectuer un test \u00e9picutan\u00e9. Cessez d'utiliser le produit si vous ressentez une quelconque g\u00eane. Suivre les instructions suppl\u00e9mentaires figurant sur l'emballage. Les r\u00e9sultats individuels peuvent varier.<\/p>","protected":false},"excerpt":{"rendered":"<p>Lissez les ridules autour de la peau gr\u00e2ce aux pouvoirs naturels de l'extrait de riz noir et du bakuchiol. Ces deux ingr\u00e9dients se combinent pour donner de l'\u00e9lasticit\u00e9 \u00e0 la peau du contour des yeux et r\u00e9duire l'apparence des ridules et des pattes d'oie pour un aspect plus jeune.<\/p>","protected":false},"featured_media":1092,"comment_status":"open","ping_status":"closed","template":"","meta":{"om_disable_all_campaigns":false},"product_brand":[],"product_cat":[57,25,38,152],"product_tag":[],"class_list":{"0":"post-1090","1":"product","2":"type-product","3":"status-publish","4":"has-post-thumbnail","6":"product_cat-anti-aging","7":"product_cat-asian-brands","8":"product_cat-eye-care","9":"product_cat-haruharu-wonder","11":"first","12":"instock","13":"shipping-taxable","14":"purchasable","15":"product-type-simple"},"aioseo_notices":[],"jetpack_sharing_enabled":true,"_links":{"self":[{"href":"https:\/\/k-beautyci.com\/fr\/wp-json\/wp\/v2\/product\/1090","targetHints":{"allow":["GET"]}}],"collection":[{"href":"https:\/\/k-beautyci.com\/fr\/wp-json\/wp\/v2\/product"}],"about":[{"href":"https:\/\/k-beautyci.com\/fr\/wp-json\/wp\/v2\/types\/product"}],"replies":[{"embeddable":true,"href":"https:\/\/k-beautyci.com\/fr\/wp-json\/wp\/v2\/comments?post=1090"}],"wp:featuredmedia":[{"embeddable":true,"href":"https:\/\/k-beautyci.com\/fr\/wp-json\/wp\/v2\/media\/1092"}],"wp:attachment":[{"href":"https:\/\/k-beautyci.com\/fr\/wp-json\/wp\/v2\/media?parent=1090"}],"wp:term":[{"taxonomy":"product_brand","embeddable":true,"href":"https:\/\/k-beautyci.com\/fr\/wp-json\/wp\/v2\/product_brand?post=1090"},{"taxonomy":"product_cat","embeddable":true,"href":"https:\/\/k-beautyci.com\/fr\/wp-json\/wp\/v2\/product_cat?post=1090"},{"taxonomy":"product_tag","embeddable":true,"href":"https:\/\/k-beautyci.com\/fr\/wp-json\/wp\/v2\/product_tag?post=1090"}],"curies":[{"name":"wp","href":"https:\/\/api.w.org\/{rel}","templated":true}]}}