{"id":10895,"date":"2026-01-30T22:00:53","date_gmt":"2026-01-30T22:00:53","guid":{"rendered":"https:\/\/k-beautyci.com\/?post_type=product&#038;p=10895"},"modified":"2026-02-04T19:29:29","modified_gmt":"2026-02-04T19:29:29","slug":"kopher-redtinol-reset-age-cleansing-oil-200ml","status":"publish","type":"product","link":"https:\/\/k-beautyci.com\/fr\/produit\/kopher-redtinol-reset-age-cleansing-oil-200ml\/","title":{"rendered":"KOPHER Redtinol Reset Age Cleansing Oil 200ml"},"content":{"rendered":"<p class=\"QN2lPu\"><strong>COMMENT L'UTILISER :<\/strong><\/p>\n<p>1. Pompez une quantit\u00e9 appropri\u00e9e sur vos mains s\u00e8ches.<\/p>\n<p>2. Massez d\u00e9licatement sur le visage sec pendant 30 secondes pour dissoudre le maquillage et les impuret\u00e9s.<\/p>\n<p class=\"QN2lPu\">3. Ajoutez une petite quantit\u00e9 d'eau pour \u00e9mulsionner et continuez \u00e0 masser pendant 30 secondes.<\/p>\n<p class=\"QN2lPu\">4. Rincez abondamment \u00e0 l'eau ti\u00e8de pendant au moins 30 secondes.<\/p>\n<p class=\"QN2lPu\">5. Utilisez quotidiennement comme premi\u00e8re \u00e9tape de votre routine de soins du soir.<\/p>\n<p>Avertissement : Pour usage externe uniquement. Toujours effectuer un test \u00e9picutan\u00e9. Cessez d'utiliser le produit si vous ressentez une quelconque g\u00eane. Suivre les instructions suppl\u00e9mentaires figurant sur l'emballage. Les r\u00e9sultats individuels peuvent varier.<\/p>","protected":false},"excerpt":{"rendered":"<p>L'huile d\u00e9maquillante Kopher Redtinol Reset Age est une huile d\u00e9maquillante anti-\u00e2ge haut de gamme qui \u00e9limine le maquillage \u00e9pais, l'exc\u00e8s de s\u00e9bum et les impuret\u00e9s quotidiennes tout en offrant un soin puissant pour une peau d'apparence jeune. Formul\u00e9e \u00e0 base de Redtinol (un d\u00e9riv\u00e9 stabilis\u00e9 du r\u00e9tinol) et d'huiles v\u00e9g\u00e9tales nourrissantes, cette huile d\u00e9maquillante douce mais puissante aide \u00e0 am\u00e9liorer l'\u00e9lasticit\u00e9 de la peau, \u00e0 lisser le grain de peau et \u00e0 affiner les pores sans alt\u00e9rer l'hydratation naturelle. D\u00e9couvrez un nettoyage en profondeur et rafra\u00eechissant qui r\u00e9initialise votre peau pour lui redonner \u00e9clat et vitalit\u00e9.<\/p>","protected":false},"featured_media":10903,"comment_status":"open","ping_status":"closed","template":"","meta":{"om_disable_all_campaigns":false},"product_brand":[],"product_cat":[35,266,63,68],"product_tag":[],"class_list":{"0":"post-10895","1":"product","2":"type-product","3":"status-publish","4":"has-post-thumbnail","6":"product_cat-face-cleansers","7":"product_cat-kopher","8":"product_cat-makeup-removers","9":"product_cat-retinol","11":"first","12":"instock","13":"shipping-taxable","14":"purchasable","15":"product-type-simple"},"aioseo_notices":[],"jetpack_sharing_enabled":true,"_links":{"self":[{"href":"https:\/\/k-beautyci.com\/fr\/wp-json\/wp\/v2\/product\/10895","targetHints":{"allow":["GET"]}}],"collection":[{"href":"https:\/\/k-beautyci.com\/fr\/wp-json\/wp\/v2\/product"}],"about":[{"href":"https:\/\/k-beautyci.com\/fr\/wp-json\/wp\/v2\/types\/product"}],"replies":[{"embeddable":true,"href":"https:\/\/k-beautyci.com\/fr\/wp-json\/wp\/v2\/comments?post=10895"}],"wp:featuredmedia":[{"embeddable":true,"href":"https:\/\/k-beautyci.com\/fr\/wp-json\/wp\/v2\/media\/10903"}],"wp:attachment":[{"href":"https:\/\/k-beautyci.com\/fr\/wp-json\/wp\/v2\/media?parent=10895"}],"wp:term":[{"taxonomy":"product_brand","embeddable":true,"href":"https:\/\/k-beautyci.com\/fr\/wp-json\/wp\/v2\/product_brand?post=10895"},{"taxonomy":"product_cat","embeddable":true,"href":"https:\/\/k-beautyci.com\/fr\/wp-json\/wp\/v2\/product_cat?post=10895"},{"taxonomy":"product_tag","embeddable":true,"href":"https:\/\/k-beautyci.com\/fr\/wp-json\/wp\/v2\/product_tag?post=10895"}],"curies":[{"name":"wp","href":"https:\/\/api.w.org\/{rel}","templated":true}]}}