{"id":10888,"date":"2026-01-30T19:50:28","date_gmt":"2026-01-30T19:50:28","guid":{"rendered":"https:\/\/k-beautyci.com\/?post_type=product&#038;p=10888"},"modified":"2026-01-30T19:50:31","modified_gmt":"2026-01-30T19:50:31","slug":"beauty-of-joseon-revive-under-eye-patch","status":"publish","type":"product","link":"https:\/\/k-beautyci.com\/fr\/produit\/beauty-of-joseon-revive-under-eye-patch\/","title":{"rendered":"Beauty of Joseon Revive Under Eye Patch"},"content":{"rendered":"<p><b>Comment l'utiliser :<\/b><br \/>\n1. Utilisez la spatule pour soulever d\u00e9licatement les patchs et les appliquer \u00e0 l'endroit souhait\u00e9.<\/p>\n<p>2. Laissez les patchs en place pendant 20 \u00e0 30 minutes.<\/p>\n<p>3. Retirez les patchs et tapotez doucement pour une meilleure absorption.<\/p>\n<p>Avertissement : Pour usage externe uniquement. Toujours effectuer un test \u00e9picutan\u00e9. Cessez d'utiliser le produit si vous ressentez une quelconque g\u00eane. Suivre les instructions suppl\u00e9mentaires figurant sur l'emballage. Les r\u00e9sultats individuels peuvent varier.<\/p>","protected":false},"excerpt":{"rendered":"<p>Un patch hydrogel rajeunissant pour les yeux, infus\u00e9 d'eau de ginseng, de r\u00e9tinal et d'\u00e9clat de perle pour raffermir visiblement,\u00a0<span data-teams=\"true\">under-eye clarity Improvement<\/span>, and smooth wrinkles, puffiness, and dark circles.<\/p>","protected":false},"featured_media":10894,"comment_status":"open","ping_status":"closed","template":"","meta":{"om_disable_all_campaigns":false},"product_brand":[],"product_cat":[82,38,68],"product_tag":[],"class_list":{"0":"post-10888","1":"product","2":"type-product","3":"status-publish","4":"has-post-thumbnail","6":"product_cat-beauty-of-joseon","7":"product_cat-eye-care","8":"product_cat-retinol","10":"first","11":"instock","12":"shipping-taxable","13":"purchasable","14":"product-type-simple"},"aioseo_notices":[],"jetpack_sharing_enabled":true,"_links":{"self":[{"href":"https:\/\/k-beautyci.com\/fr\/wp-json\/wp\/v2\/product\/10888","targetHints":{"allow":["GET"]}}],"collection":[{"href":"https:\/\/k-beautyci.com\/fr\/wp-json\/wp\/v2\/product"}],"about":[{"href":"https:\/\/k-beautyci.com\/fr\/wp-json\/wp\/v2\/types\/product"}],"replies":[{"embeddable":true,"href":"https:\/\/k-beautyci.com\/fr\/wp-json\/wp\/v2\/comments?post=10888"}],"wp:featuredmedia":[{"embeddable":true,"href":"https:\/\/k-beautyci.com\/fr\/wp-json\/wp\/v2\/media\/10894"}],"wp:attachment":[{"href":"https:\/\/k-beautyci.com\/fr\/wp-json\/wp\/v2\/media?parent=10888"}],"wp:term":[{"taxonomy":"product_brand","embeddable":true,"href":"https:\/\/k-beautyci.com\/fr\/wp-json\/wp\/v2\/product_brand?post=10888"},{"taxonomy":"product_cat","embeddable":true,"href":"https:\/\/k-beautyci.com\/fr\/wp-json\/wp\/v2\/product_cat?post=10888"},{"taxonomy":"product_tag","embeddable":true,"href":"https:\/\/k-beautyci.com\/fr\/wp-json\/wp\/v2\/product_tag?post=10888"}],"curies":[{"name":"wp","href":"https:\/\/api.w.org\/{rel}","templated":true}]}}