{"id":10873,"date":"2026-01-30T17:07:16","date_gmt":"2026-01-30T17:07:16","guid":{"rendered":"https:\/\/k-beautyci.com\/?post_type=product&#038;p=10873"},"modified":"2026-01-30T17:07:19","modified_gmt":"2026-01-30T17:07:19","slug":"im-from-rice-serum","status":"publish","type":"product","link":"https:\/\/k-beautyci.com\/fr\/produit\/im-from-rice-serum\/","title":{"rendered":"I&#8217;m from Rice Serum"},"content":{"rendered":"<p>Comment l'utiliser :<\/p>\n<p>Appliquez une quantit\u00e9 mod\u00e9r\u00e9e et \u00e9talez uniform\u00e9ment sur votre visage. Tapotez doucement pour une meilleure absorption.<\/p>\n<p>Avertissement : Pour usage externe uniquement. Toujours effectuer un test \u00e9picutan\u00e9. Cessez d'utiliser le produit si vous ressentez une quelconque g\u00eane. Suivre les instructions suppl\u00e9mentaires figurant sur l'emballage. Les r\u00e9sultats individuels peuvent varier.<\/p>","protected":false},"excerpt":{"rendered":"<p>Illuminez et hydratez votre peau gr\u00e2ce \u00e0 ce s\u00e9rum vegan \u00e0 double fonction \u00e0 base d'extrait d'embryon de riz ! Il p\u00e9n\u00e8tre rapidement dans la peau pour lui apporter un \u00e9clat instantan\u00e9 et une nutrition longue dur\u00e9e.<\/p>","protected":false},"featured_media":10883,"comment_status":"open","ping_status":"closed","template":"","meta":{"om_disable_all_campaigns":false},"product_brand":[],"product_cat":[31,170],"product_tag":[],"class_list":{"0":"post-10873","1":"product","2":"type-product","3":"status-publish","4":"has-post-thumbnail","6":"product_cat-face-serums","7":"product_cat-im-from","9":"first","10":"instock","11":"shipping-taxable","12":"purchasable","13":"product-type-simple"},"aioseo_notices":[],"jetpack_sharing_enabled":true,"_links":{"self":[{"href":"https:\/\/k-beautyci.com\/fr\/wp-json\/wp\/v2\/product\/10873","targetHints":{"allow":["GET"]}}],"collection":[{"href":"https:\/\/k-beautyci.com\/fr\/wp-json\/wp\/v2\/product"}],"about":[{"href":"https:\/\/k-beautyci.com\/fr\/wp-json\/wp\/v2\/types\/product"}],"replies":[{"embeddable":true,"href":"https:\/\/k-beautyci.com\/fr\/wp-json\/wp\/v2\/comments?post=10873"}],"wp:featuredmedia":[{"embeddable":true,"href":"https:\/\/k-beautyci.com\/fr\/wp-json\/wp\/v2\/media\/10883"}],"wp:attachment":[{"href":"https:\/\/k-beautyci.com\/fr\/wp-json\/wp\/v2\/media?parent=10873"}],"wp:term":[{"taxonomy":"product_brand","embeddable":true,"href":"https:\/\/k-beautyci.com\/fr\/wp-json\/wp\/v2\/product_brand?post=10873"},{"taxonomy":"product_cat","embeddable":true,"href":"https:\/\/k-beautyci.com\/fr\/wp-json\/wp\/v2\/product_cat?post=10873"},{"taxonomy":"product_tag","embeddable":true,"href":"https:\/\/k-beautyci.com\/fr\/wp-json\/wp\/v2\/product_tag?post=10873"}],"curies":[{"name":"wp","href":"https:\/\/api.w.org\/{rel}","templated":true}]}}