{"id":1087,"date":"2023-05-23T13:53:58","date_gmt":"2023-05-23T13:53:58","guid":{"rendered":"https:\/\/k-beautyci.com\/?post_type=product&#038;p=1087"},"modified":"2026-03-08T17:42:52","modified_gmt":"2026-03-08T17:42:52","slug":"haruharu-wonder-black-rice-hyaluronic-toner","status":"publish","type":"product","link":"https:\/\/k-beautyci.com\/fr\/produit\/haruharu-wonder-black-rice-hyaluronic-toner\/","title":{"rendered":"haruharu wonder Black Rice Hyaluronic Toner"},"content":{"rendered":"<p><strong>B\u00c9N\u00c9FICES<\/strong><\/p>\n<ul>\n<li>Les extraits de riz noir ferment\u00e9 provenant \u00e0 100 % de Cor\u00e9e aident \u00e0 restaurer l'\u00e9lasticit\u00e9 de la peau.<\/li>\n<li>L'acide hyaluronique et le b\u00eata-glucane assurent une hydratation imm\u00e9diate gr\u00e2ce \u00e0 la technologie brevet\u00e9e Ultra.Deep.Technology (U.D.T).<\/li>\n<\/ul>\n<p>&nbsp;<\/p>\n<p><strong>COMMENT L'UTILISER :<\/strong><\/p>\n<p>Apr\u00e8s le nettoyage, appliquez le produit sur le visage \u00e0 l'aide de mains propres ou d'un coton. Tapotez d\u00e9licatement pour faire p\u00e9n\u00e9trer le produit, puis appliquez le reste de la routine de soins de la peau.<\/p>\n<p>Avertissement : Pour usage externe uniquement. Toujours effectuer un test \u00e9picutan\u00e9. Cessez d'utiliser le produit si vous ressentez une quelconque g\u00eane. Suivre les instructions suppl\u00e9mentaires figurant sur l'emballage. Les r\u00e9sultats individuels peuvent varier.<\/p>","protected":false},"excerpt":{"rendered":"<p>Repulpez et hydratez votre peau en profondeur gr\u00e2ce \u00e0 l'acide hyaluronique et \u00e0 l'extrait de riz noir de Cor\u00e9e. Vous retrouverez l'\u00e9lasticit\u00e9 de votre peau et vous obtiendrez un \u00e9clat de jeunesse.<\/p>","protected":false},"featured_media":1089,"comment_status":"open","ping_status":"closed","template":"","meta":{"om_disable_all_campaigns":false},"product_brand":[],"product_cat":[42,39,152,69,66,41],"product_tag":[],"class_list":{"0":"post-1087","1":"product","2":"type-product","3":"status-publish","4":"has-post-thumbnail","6":"product_cat-dry-skin","7":"product_cat-face-toners","8":"product_cat-haruharu-wonder","9":"product_cat-hyaluronic-acid","10":"product_cat-normal-combination-skin","11":"product_cat-oily-skin","13":"first","14":"instock","15":"shipping-taxable","16":"purchasable","17":"product-type-simple"},"aioseo_notices":[],"jetpack_sharing_enabled":true,"_links":{"self":[{"href":"https:\/\/k-beautyci.com\/fr\/wp-json\/wp\/v2\/product\/1087","targetHints":{"allow":["GET"]}}],"collection":[{"href":"https:\/\/k-beautyci.com\/fr\/wp-json\/wp\/v2\/product"}],"about":[{"href":"https:\/\/k-beautyci.com\/fr\/wp-json\/wp\/v2\/types\/product"}],"replies":[{"embeddable":true,"href":"https:\/\/k-beautyci.com\/fr\/wp-json\/wp\/v2\/comments?post=1087"}],"wp:featuredmedia":[{"embeddable":true,"href":"https:\/\/k-beautyci.com\/fr\/wp-json\/wp\/v2\/media\/1089"}],"wp:attachment":[{"href":"https:\/\/k-beautyci.com\/fr\/wp-json\/wp\/v2\/media?parent=1087"}],"wp:term":[{"taxonomy":"product_brand","embeddable":true,"href":"https:\/\/k-beautyci.com\/fr\/wp-json\/wp\/v2\/product_brand?post=1087"},{"taxonomy":"product_cat","embeddable":true,"href":"https:\/\/k-beautyci.com\/fr\/wp-json\/wp\/v2\/product_cat?post=1087"},{"taxonomy":"product_tag","embeddable":true,"href":"https:\/\/k-beautyci.com\/fr\/wp-json\/wp\/v2\/product_tag?post=1087"}],"curies":[{"name":"wp","href":"https:\/\/api.w.org\/{rel}","templated":true}]}}