{"id":10867,"date":"2026-01-30T17:37:57","date_gmt":"2026-01-30T17:37:57","guid":{"rendered":"https:\/\/k-beautyci.com\/?post_type=product&#038;p=10867"},"modified":"2026-01-30T17:38:00","modified_gmt":"2026-01-30T17:38:00","slug":"im-from-ginseng-serum","status":"publish","type":"product","link":"https:\/\/k-beautyci.com\/fr\/produit\/im-from-ginseng-serum\/","title":{"rendered":"I&#8217;m from Ginseng Serum"},"content":{"rendered":"<p><b>Comment l'utiliser :<\/b><br \/>\n1. Apr\u00e8s avoir lav\u00e9 votre visage (matin et soir), appliquez une fine couche sur l'ensemble du visage du bout des doigts.<\/p>\n<p>Avertissement : Pour usage externe uniquement. Toujours effectuer un test \u00e9picutan\u00e9. Cessez d'utiliser le produit si vous ressentez une quelconque g\u00eane. Suivre les instructions suppl\u00e9mentaires figurant sur l'emballage. Les r\u00e9sultats individuels peuvent varier.<\/p>","protected":false},"excerpt":{"rendered":"<p>Formul\u00e9 \u00e0 partir d'un extrait de ginseng rouge \u00e0 7,98 % r\u00e9colt\u00e9 dans le comt\u00e9 de Geumsan en Cor\u00e9e, ce s\u00e9rum est riche en nutriments et en antioxydants qui favorisent le renouvellement cellulaire. La peau devient plus lisse, les rides et ridules s'estompent, et le teint est plus souple et plus raffin\u00e9.<\/p>","protected":false},"featured_media":10871,"comment_status":"open","ping_status":"closed","template":"","meta":{"om_disable_all_campaigns":false},"product_brand":[],"product_cat":[31,170],"product_tag":[],"class_list":{"0":"post-10867","1":"product","2":"type-product","3":"status-publish","4":"has-post-thumbnail","6":"product_cat-face-serums","7":"product_cat-im-from","9":"first","10":"instock","11":"shipping-taxable","12":"purchasable","13":"product-type-simple"},"aioseo_notices":[],"jetpack_sharing_enabled":true,"_links":{"self":[{"href":"https:\/\/k-beautyci.com\/fr\/wp-json\/wp\/v2\/product\/10867","targetHints":{"allow":["GET"]}}],"collection":[{"href":"https:\/\/k-beautyci.com\/fr\/wp-json\/wp\/v2\/product"}],"about":[{"href":"https:\/\/k-beautyci.com\/fr\/wp-json\/wp\/v2\/types\/product"}],"replies":[{"embeddable":true,"href":"https:\/\/k-beautyci.com\/fr\/wp-json\/wp\/v2\/comments?post=10867"}],"wp:featuredmedia":[{"embeddable":true,"href":"https:\/\/k-beautyci.com\/fr\/wp-json\/wp\/v2\/media\/10871"}],"wp:attachment":[{"href":"https:\/\/k-beautyci.com\/fr\/wp-json\/wp\/v2\/media?parent=10867"}],"wp:term":[{"taxonomy":"product_brand","embeddable":true,"href":"https:\/\/k-beautyci.com\/fr\/wp-json\/wp\/v2\/product_brand?post=10867"},{"taxonomy":"product_cat","embeddable":true,"href":"https:\/\/k-beautyci.com\/fr\/wp-json\/wp\/v2\/product_cat?post=10867"},{"taxonomy":"product_tag","embeddable":true,"href":"https:\/\/k-beautyci.com\/fr\/wp-json\/wp\/v2\/product_tag?post=10867"}],"curies":[{"name":"wp","href":"https:\/\/api.w.org\/{rel}","templated":true}]}}