{"id":10856,"date":"2026-01-30T17:46:16","date_gmt":"2026-01-30T17:46:16","guid":{"rendered":"https:\/\/k-beautyci.com\/?post_type=product&#038;p=10856"},"modified":"2026-03-08T17:51:43","modified_gmt":"2026-03-08T17:51:43","slug":"im-from-rice-mask-110g","status":"publish","type":"product","link":"https:\/\/k-beautyci.com\/fr\/produit\/im-from-rice-mask-110g\/","title":{"rendered":"I&#8217;m from Rice Mask 110g"},"content":{"rendered":"<p>Comment l'utiliser :<br \/>\n1. Apr\u00e8s avoir nettoy\u00e9 votre peau, prenez une quantit\u00e9 mod\u00e9r\u00e9e et massez l'ensemble du visage.<br \/>\n2. Laisser agir pendant 10 minutes, puis rincer \u00e0 l'eau ti\u00e8de.<\/p>\n<p>Avertissement : Pour usage externe uniquement. Toujours effectuer un test \u00e9picutan\u00e9. Cessez d'utiliser le produit si vous ressentez une quelconque g\u00eane. Suivre les instructions suppl\u00e9mentaires figurant sur l'emballage. Les r\u00e9sultats individuels peuvent varier.<\/p>","protected":false},"excerpt":{"rendered":"<p>Fabriqu\u00e9 \u00e0 partir de riz biologique cultiv\u00e9 sans pesticides dans la province de Yeoju en Cor\u00e9e, ce masque lavable est riche en vitamines B1 et B2 qui aident \u00e0 restaurer l'\u00e9lasticit\u00e9 et la fermet\u00e9 de la peau. Les grains de riz et la poudre de riz exfolient en douceur pour \u00e9liminer les cellules mortes, l'exc\u00e8s de s\u00e9bum et autres impuret\u00e9s, pour un teint plus \u00e9clatant et plus souple.<\/p>","protected":false},"featured_media":10866,"comment_status":"open","ping_status":"closed","template":"","meta":{"om_disable_all_campaigns":false},"product_brand":[],"product_cat":[62,170],"product_tag":[],"class_list":{"0":"post-10856","1":"product","2":"type-product","3":"status-publish","4":"has-post-thumbnail","6":"product_cat-face-masks","7":"product_cat-im-from","9":"first","10":"instock","11":"shipping-taxable","12":"purchasable","13":"product-type-simple"},"aioseo_notices":[],"jetpack_sharing_enabled":true,"_links":{"self":[{"href":"https:\/\/k-beautyci.com\/fr\/wp-json\/wp\/v2\/product\/10856","targetHints":{"allow":["GET"]}}],"collection":[{"href":"https:\/\/k-beautyci.com\/fr\/wp-json\/wp\/v2\/product"}],"about":[{"href":"https:\/\/k-beautyci.com\/fr\/wp-json\/wp\/v2\/types\/product"}],"replies":[{"embeddable":true,"href":"https:\/\/k-beautyci.com\/fr\/wp-json\/wp\/v2\/comments?post=10856"}],"wp:featuredmedia":[{"embeddable":true,"href":"https:\/\/k-beautyci.com\/fr\/wp-json\/wp\/v2\/media\/10866"}],"wp:attachment":[{"href":"https:\/\/k-beautyci.com\/fr\/wp-json\/wp\/v2\/media?parent=10856"}],"wp:term":[{"taxonomy":"product_brand","embeddable":true,"href":"https:\/\/k-beautyci.com\/fr\/wp-json\/wp\/v2\/product_brand?post=10856"},{"taxonomy":"product_cat","embeddable":true,"href":"https:\/\/k-beautyci.com\/fr\/wp-json\/wp\/v2\/product_cat?post=10856"},{"taxonomy":"product_tag","embeddable":true,"href":"https:\/\/k-beautyci.com\/fr\/wp-json\/wp\/v2\/product_tag?post=10856"}],"curies":[{"name":"wp","href":"https:\/\/api.w.org\/{rel}","templated":true}]}}