{"id":10852,"date":"2026-01-30T18:13:33","date_gmt":"2026-01-30T18:13:33","guid":{"rendered":"https:\/\/k-beautyci.com\/?post_type=product&#038;p=10852"},"modified":"2026-03-08T17:49:53","modified_gmt":"2026-03-08T17:49:53","slug":"im-from-honey-mask-70ml","status":"publish","type":"product","link":"https:\/\/k-beautyci.com\/fr\/produit\/im-from-honey-mask-70ml\/","title":{"rendered":"I&#8217;m from Honey Mask 70ml"},"content":{"rendered":"<p>Comment l'utiliser :<br \/>\n1. Apr\u00e8s avoir lav\u00e9 votre visage, \u00e9talez le produit sur l'ensemble du visage (en \u00e9vitant les yeux).<br \/>\n2. Laissez agir pendant 10 minutes \u00e0 1 heure maximum. Rincez \u00e0 l'eau ti\u00e8de.<\/p>\n<p>Attention :<br \/>\n1. Ne pas r\u00e9frig\u00e9rer, car le miel naturel durcit \u00e0 basse temp\u00e9rature.<br \/>\n2. Le parfum, l'apparence et la couleur peuvent varier d'un produit \u00e0 l'autre, car tous les produits sont fabriqu\u00e9s \u00e0 partir d'ingr\u00e9dients naturels et ne contiennent aucun colorant artificiel.<\/p>\n<p>Avertissement : Pour usage externe uniquement. Toujours effectuer un test \u00e9picutan\u00e9. Cessez d'utiliser le produit si vous ressentez une quelconque g\u00eane. Suivre les instructions suppl\u00e9mentaires figurant sur l'emballage. Les r\u00e9sultats individuels peuvent varier.<\/p>","protected":false},"excerpt":{"rendered":"<p>Ce masque lavable haut de gamme contient 38,7 % de miel naturel provenant du mont Jiri en Cor\u00e9e, ainsi que de la propolis, du venin d'abeille, des huiles de noix de macadamia, de graines de jojoba, de noisette et de graines de tournesol pour resserrer les pores, hydrater et nourrir la peau, la laissant douce et lisse. Appliquez pendant 10 minutes \u00e0 une heure, puis rincez \u00e0 l'eau ti\u00e8de. Ne pas r\u00e9frig\u00e9rer.<\/p>","protected":false},"featured_media":10855,"comment_status":"open","ping_status":"closed","template":"","meta":{"om_disable_all_campaigns":false},"product_brand":[],"product_cat":[62,170],"product_tag":[],"class_list":{"0":"post-10852","1":"product","2":"type-product","3":"status-publish","4":"has-post-thumbnail","6":"product_cat-face-masks","7":"product_cat-im-from","9":"first","10":"instock","11":"shipping-taxable","12":"purchasable","13":"product-type-simple"},"aioseo_notices":[],"jetpack_sharing_enabled":true,"_links":{"self":[{"href":"https:\/\/k-beautyci.com\/fr\/wp-json\/wp\/v2\/product\/10852","targetHints":{"allow":["GET"]}}],"collection":[{"href":"https:\/\/k-beautyci.com\/fr\/wp-json\/wp\/v2\/product"}],"about":[{"href":"https:\/\/k-beautyci.com\/fr\/wp-json\/wp\/v2\/types\/product"}],"replies":[{"embeddable":true,"href":"https:\/\/k-beautyci.com\/fr\/wp-json\/wp\/v2\/comments?post=10852"}],"wp:featuredmedia":[{"embeddable":true,"href":"https:\/\/k-beautyci.com\/fr\/wp-json\/wp\/v2\/media\/10855"}],"wp:attachment":[{"href":"https:\/\/k-beautyci.com\/fr\/wp-json\/wp\/v2\/media?parent=10852"}],"wp:term":[{"taxonomy":"product_brand","embeddable":true,"href":"https:\/\/k-beautyci.com\/fr\/wp-json\/wp\/v2\/product_brand?post=10852"},{"taxonomy":"product_cat","embeddable":true,"href":"https:\/\/k-beautyci.com\/fr\/wp-json\/wp\/v2\/product_cat?post=10852"},{"taxonomy":"product_tag","embeddable":true,"href":"https:\/\/k-beautyci.com\/fr\/wp-json\/wp\/v2\/product_tag?post=10852"}],"curies":[{"name":"wp","href":"https:\/\/api.w.org\/{rel}","templated":true}]}}