{"id":10850,"date":"2026-01-30T18:42:51","date_gmt":"2026-01-30T18:42:51","guid":{"rendered":"https:\/\/k-beautyci.com\/?post_type=product&#038;p=10850"},"modified":"2026-01-30T18:42:55","modified_gmt":"2026-01-30T18:42:55","slug":"im-from-fig-scrub-mask-70g","status":"publish","type":"product","link":"https:\/\/k-beautyci.com\/fr\/produit\/im-from-fig-scrub-mask-70g\/","title":{"rendered":"I&#8217;M From Fig Scrub Mask 70g"},"content":{"rendered":"<p>Comment l'utiliser :<\/p>\n<p>Appliquez uniform\u00e9ment une quantit\u00e9 suffisante sur le visage et laissez agir pendant 10 \u00e0 15 minutes avant de masser d\u00e9licatement et de rincer \u00e0 l'eau ti\u00e8de.<\/p>\n<p>Avertissement : Pour usage externe uniquement. Toujours effectuer un test \u00e9picutan\u00e9. Cessez d'utiliser le produit si vous ressentez une quelconque g\u00eane. Suivre les instructions suppl\u00e9mentaires figurant sur l'emballage. Les r\u00e9sultats individuels peuvent varier.<\/p>","protected":false},"excerpt":{"rendered":"<p>Ce masque exfoliant contient 1,2 % de poudre de figue et du sucre noir pour \u00e9liminer en douceur les cellules mortes et rendre la peau plus claire. Un double exfoliant qui dissout en douceur les cellules mortes tandis que le sucre noir aide \u00e0 \u00e9liminer compl\u00e8tement les impuret\u00e9s gr\u00e2ce \u00e0 son effet gommant.<\/p>","protected":false},"featured_media":10851,"comment_status":"open","ping_status":"closed","template":"","meta":{"om_disable_all_campaigns":false},"product_brand":[],"product_cat":[61,62,170],"product_tag":[],"class_list":{"0":"post-10850","1":"product","2":"type-product","3":"status-publish","4":"has-post-thumbnail","6":"product_cat-face-exfoliator-peels-scrubs","7":"product_cat-face-masks","8":"product_cat-im-from","10":"first","11":"instock","12":"shipping-taxable","13":"purchasable","14":"product-type-simple"},"aioseo_notices":[],"jetpack_sharing_enabled":true,"_links":{"self":[{"href":"https:\/\/k-beautyci.com\/fr\/wp-json\/wp\/v2\/product\/10850","targetHints":{"allow":["GET"]}}],"collection":[{"href":"https:\/\/k-beautyci.com\/fr\/wp-json\/wp\/v2\/product"}],"about":[{"href":"https:\/\/k-beautyci.com\/fr\/wp-json\/wp\/v2\/types\/product"}],"replies":[{"embeddable":true,"href":"https:\/\/k-beautyci.com\/fr\/wp-json\/wp\/v2\/comments?post=10850"}],"wp:featuredmedia":[{"embeddable":true,"href":"https:\/\/k-beautyci.com\/fr\/wp-json\/wp\/v2\/media\/10851"}],"wp:attachment":[{"href":"https:\/\/k-beautyci.com\/fr\/wp-json\/wp\/v2\/media?parent=10850"}],"wp:term":[{"taxonomy":"product_brand","embeddable":true,"href":"https:\/\/k-beautyci.com\/fr\/wp-json\/wp\/v2\/product_brand?post=10850"},{"taxonomy":"product_cat","embeddable":true,"href":"https:\/\/k-beautyci.com\/fr\/wp-json\/wp\/v2\/product_cat?post=10850"},{"taxonomy":"product_tag","embeddable":true,"href":"https:\/\/k-beautyci.com\/fr\/wp-json\/wp\/v2\/product_tag?post=10850"}],"curies":[{"name":"wp","href":"https:\/\/api.w.org\/{rel}","templated":true}]}}