{"id":10844,"date":"2026-01-30T17:43:10","date_gmt":"2026-01-30T17:43:10","guid":{"rendered":"https:\/\/k-beautyci.com\/?post_type=product&#038;p=10844"},"modified":"2026-03-17T06:26:23","modified_gmt":"2026-03-17T06:26:23","slug":"heimish-rx-amino-keratin-heat-protecting-leave-in-treatment-150ml","status":"publish","type":"product","link":"https:\/\/k-beautyci.com\/fr\/produit\/heimish-rx-amino-keratin-heat-protecting-leave-in-treatment-150ml\/","title":{"rendered":"Heimish RX Amino Keratin Heat Protecting Leave In Treatment 150ml"},"content":{"rendered":"<h4><strong>Comment l'utiliser<\/strong>:<\/h4>\n<ol>\n<li>Apr\u00e8s le shampooing et l'apr\u00e8s-shampooing, s\u00e9chez vos cheveux \u00e0 l'aide d'une serviette.<\/li>\n<li>Appliquez une quantit\u00e9 appropri\u00e9e sur les longueurs et les pointes.<\/li>\n<li>Ne pas rincer. S\u00e9cher au s\u00e8che-cheveux ou coiffer selon vos envies.<\/li>\n<\/ol>\n<p>Avertissement : Pour usage externe uniquement. Toujours effectuer un test \u00e9picutan\u00e9. Cessez d'utiliser le produit si vous ressentez une quelconque g\u00eane. Suivre les instructions suppl\u00e9mentaires figurant sur l'emballage. Les r\u00e9sultats individuels peuvent varier.<\/p>","protected":false},"excerpt":{"rendered":"<p>Offrez \u00e0 vos cheveux fragilis\u00e9s et ab\u00eem\u00e9s par la chaleur les soins dont ils ont besoin ! Le soin sans rin\u00e7age Heimish RX Amino Keratin Heat Protecting Leave In Treatment est enrichi en 17 types d'acides amin\u00e9s et en k\u00e9ratine pour r\u00e9parer les cheveux ab\u00eem\u00e9s. Sa formule pratique sans rin\u00e7age s'applique sur cheveux humides apr\u00e8s le shampooing et s\u00e8che rapidement pour un r\u00e9sultat doux et sans frisottis. Elle laisse \u00e9galement un parfum fruit\u00e9 et floral sur vos cheveux.<\/p>","protected":false},"featured_media":10845,"comment_status":"open","ping_status":"closed","template":"","meta":{"om_disable_all_campaigns":false},"product_brand":[],"product_cat":[91],"product_tag":[],"class_list":{"0":"post-10844","1":"product","2":"type-product","3":"status-publish","4":"has-post-thumbnail","6":"product_cat-heimish","8":"first","9":"outofstock","10":"shipping-taxable","11":"purchasable","12":"product-type-simple"},"aioseo_notices":[],"jetpack_sharing_enabled":true,"_links":{"self":[{"href":"https:\/\/k-beautyci.com\/fr\/wp-json\/wp\/v2\/product\/10844","targetHints":{"allow":["GET"]}}],"collection":[{"href":"https:\/\/k-beautyci.com\/fr\/wp-json\/wp\/v2\/product"}],"about":[{"href":"https:\/\/k-beautyci.com\/fr\/wp-json\/wp\/v2\/types\/product"}],"replies":[{"embeddable":true,"href":"https:\/\/k-beautyci.com\/fr\/wp-json\/wp\/v2\/comments?post=10844"}],"wp:featuredmedia":[{"embeddable":true,"href":"https:\/\/k-beautyci.com\/fr\/wp-json\/wp\/v2\/media\/10845"}],"wp:attachment":[{"href":"https:\/\/k-beautyci.com\/fr\/wp-json\/wp\/v2\/media?parent=10844"}],"wp:term":[{"taxonomy":"product_brand","embeddable":true,"href":"https:\/\/k-beautyci.com\/fr\/wp-json\/wp\/v2\/product_brand?post=10844"},{"taxonomy":"product_cat","embeddable":true,"href":"https:\/\/k-beautyci.com\/fr\/wp-json\/wp\/v2\/product_cat?post=10844"},{"taxonomy":"product_tag","embeddable":true,"href":"https:\/\/k-beautyci.com\/fr\/wp-json\/wp\/v2\/product_tag?post=10844"}],"curies":[{"name":"wp","href":"https:\/\/api.w.org\/{rel}","templated":true}]}}