{"id":10838,"date":"2026-01-30T18:14:30","date_gmt":"2026-01-30T18:14:30","guid":{"rendered":"https:\/\/k-beautyci.com\/?post_type=product&#038;p=10838"},"modified":"2026-01-30T18:14:33","modified_gmt":"2026-01-30T18:14:33","slug":"heimish-all-clean-white-clay-foam-150g-cleansing-foam","status":"publish","type":"product","link":"https:\/\/k-beautyci.com\/fr\/produit\/heimish-all-clean-white-clay-foam-150g-cleansing-foam\/","title":{"rendered":"Heimish All Clean White Clay Foam 150g (cleansing foam)"},"content":{"rendered":"<p>Comment l'utiliser :<br \/>\n1. Faites mousser la quantit\u00e9 souhait\u00e9e de nettoyant en le frottant entre vos mains mouill\u00e9es.<br \/>\n2. Massez sur le visage et rincez abondamment \u00e0 l'eau ti\u00e8de.<\/p>\n<p>Avertissement : Pour usage externe uniquement. Toujours effectuer un test \u00e9picutan\u00e9. Cessez d'utiliser le produit si vous ressentez une quelconque g\u00eane. Suivre les instructions suppl\u00e9mentaires figurant sur l'emballage. Les r\u00e9sultats individuels peuvent varier.<\/p>","protected":false},"excerpt":{"rendered":"<p><strong><span style=\"font-weight: 400\">Cette argile blanche naturelle d'Amazonie nettoie le visage en \u00e9liminant le s\u00e9bum et les impuret\u00e9s des pores, laissant une sensation de fra\u00eecheur. Ce nettoyant moussant facile \u00e0 utiliser peut \u00eatre utilis\u00e9 avant votre routine quotidienne de soins de la peau !<\/span><\/strong><\/p>\n<p>&nbsp;<\/p>","protected":false},"featured_media":10843,"comment_status":"open","ping_status":"closed","template":"","meta":{"om_disable_all_campaigns":false},"product_brand":[],"product_cat":[35,91],"product_tag":[],"class_list":{"0":"post-10838","1":"product","2":"type-product","3":"status-publish","4":"has-post-thumbnail","6":"product_cat-face-cleansers","7":"product_cat-heimish","9":"first","10":"instock","11":"shipping-taxable","12":"purchasable","13":"product-type-simple"},"aioseo_notices":[],"jetpack_sharing_enabled":true,"_links":{"self":[{"href":"https:\/\/k-beautyci.com\/fr\/wp-json\/wp\/v2\/product\/10838","targetHints":{"allow":["GET"]}}],"collection":[{"href":"https:\/\/k-beautyci.com\/fr\/wp-json\/wp\/v2\/product"}],"about":[{"href":"https:\/\/k-beautyci.com\/fr\/wp-json\/wp\/v2\/types\/product"}],"replies":[{"embeddable":true,"href":"https:\/\/k-beautyci.com\/fr\/wp-json\/wp\/v2\/comments?post=10838"}],"wp:featuredmedia":[{"embeddable":true,"href":"https:\/\/k-beautyci.com\/fr\/wp-json\/wp\/v2\/media\/10843"}],"wp:attachment":[{"href":"https:\/\/k-beautyci.com\/fr\/wp-json\/wp\/v2\/media?parent=10838"}],"wp:term":[{"taxonomy":"product_brand","embeddable":true,"href":"https:\/\/k-beautyci.com\/fr\/wp-json\/wp\/v2\/product_brand?post=10838"},{"taxonomy":"product_cat","embeddable":true,"href":"https:\/\/k-beautyci.com\/fr\/wp-json\/wp\/v2\/product_cat?post=10838"},{"taxonomy":"product_tag","embeddable":true,"href":"https:\/\/k-beautyci.com\/fr\/wp-json\/wp\/v2\/product_tag?post=10838"}],"curies":[{"name":"wp","href":"https:\/\/api.w.org\/{rel}","templated":true}]}}