{"id":10832,"date":"2026-01-30T18:11:33","date_gmt":"2026-01-30T18:11:33","guid":{"rendered":"https:\/\/k-beautyci.com\/?post_type=product&#038;p=10832"},"modified":"2026-01-30T18:11:36","modified_gmt":"2026-01-30T18:11:36","slug":"dr-ceuracle-jeju-matcha-tea-essence","status":"publish","type":"product","link":"https:\/\/k-beautyci.com\/fr\/produit\/dr-ceuracle-jeju-matcha-tea-essence\/","title":{"rendered":"Dr. Ceuracle Jeju Matcha Tea Essence"},"content":{"rendered":"<p><b>Comment l'utiliser :<\/b><\/p>\n<p>Appliquez une quantit\u00e9 mod\u00e9r\u00e9e sur la peau et tapotez doucement pour une meilleure absorption.<\/p>\n<p>Avertissement : Pour usage externe uniquement. Toujours effectuer un test \u00e9picutan\u00e9. Cessez d'utiliser le produit si vous ressentez une quelconque g\u00eane. Suivre les instructions suppl\u00e9mentaires figurant sur l'emballage. Les r\u00e9sultats individuels peuvent varier.<\/p>","protected":false},"excerpt":{"rendered":"<p>Une lotion hydratante purifiante double couche enrichie en matcha et th\u00e9 vert de Jeju qui apaise en profondeur, lisse et aide \u00e0 maintenir une barri\u00e8re cutan\u00e9e d'apparence saine. Formul\u00e9e avec du PHA et du LHA pour exfolier en douceur et \u00e9liminer les impuret\u00e9s tout en stimulant l'absorption des 9 peptides pour un soin antioxydant et une peau d'apparence plus saine.<\/p>","protected":false},"featured_media":10837,"comment_status":"open","ping_status":"closed","template":"","meta":{"om_disable_all_campaigns":false},"product_brand":[],"product_cat":[189,39],"product_tag":[],"class_list":{"0":"post-10832","1":"product","2":"type-product","3":"status-publish","4":"has-post-thumbnail","6":"product_cat-dr-ceracule","7":"product_cat-face-toners","9":"first","10":"instock","11":"shipping-taxable","12":"purchasable","13":"product-type-simple"},"aioseo_notices":[],"jetpack_sharing_enabled":true,"_links":{"self":[{"href":"https:\/\/k-beautyci.com\/fr\/wp-json\/wp\/v2\/product\/10832","targetHints":{"allow":["GET"]}}],"collection":[{"href":"https:\/\/k-beautyci.com\/fr\/wp-json\/wp\/v2\/product"}],"about":[{"href":"https:\/\/k-beautyci.com\/fr\/wp-json\/wp\/v2\/types\/product"}],"replies":[{"embeddable":true,"href":"https:\/\/k-beautyci.com\/fr\/wp-json\/wp\/v2\/comments?post=10832"}],"wp:featuredmedia":[{"embeddable":true,"href":"https:\/\/k-beautyci.com\/fr\/wp-json\/wp\/v2\/media\/10837"}],"wp:attachment":[{"href":"https:\/\/k-beautyci.com\/fr\/wp-json\/wp\/v2\/media?parent=10832"}],"wp:term":[{"taxonomy":"product_brand","embeddable":true,"href":"https:\/\/k-beautyci.com\/fr\/wp-json\/wp\/v2\/product_brand?post=10832"},{"taxonomy":"product_cat","embeddable":true,"href":"https:\/\/k-beautyci.com\/fr\/wp-json\/wp\/v2\/product_cat?post=10832"},{"taxonomy":"product_tag","embeddable":true,"href":"https:\/\/k-beautyci.com\/fr\/wp-json\/wp\/v2\/product_tag?post=10832"}],"curies":[{"name":"wp","href":"https:\/\/api.w.org\/{rel}","templated":true}]}}