{"id":10825,"date":"2026-01-30T18:23:08","date_gmt":"2026-01-30T18:23:08","guid":{"rendered":"https:\/\/k-beautyci.com\/?post_type=product&#038;p=10825"},"modified":"2026-03-28T01:19:18","modified_gmt":"2026-03-28T01:19:18","slug":"delphyr-fresh-matcha-pack-cleansing-powder","status":"publish","type":"product","link":"https:\/\/k-beautyci.com\/fr\/produit\/delphyr-fresh-matcha-pack-cleansing-powder\/","title":{"rendered":"delphyr Fresh Matcha Pack Cleansing Powder"},"content":{"rendered":"<p><b>Comment l'utiliser :<\/b><br \/>\n1. Utilisation comme nettoyant quotidien : humidifiez une quantit\u00e9 mod\u00e9r\u00e9e de produit avec de l'eau, puis faites mousser dans vos mains avant de masser d\u00e9licatement votre peau. Rincez abondamment \u00e0 l'eau ti\u00e8de.<\/p>\n<p>2. Utilisation comme masque \u00e0 rincer : ajoutez de l'eau dans un rapport de 2 parts de poudre pour 1 part d'eau, puis m\u00e9langez soigneusement jusqu'\u00e0 obtenir une p\u00e2te. Appliquez sur le visage sec et laissez agir pendant 1 \u00e0 3 minutes. Massez d\u00e9licatement et rincez les r\u00e9sidus.<\/p>\n<p>Avertissement : Pour usage externe uniquement. Toujours effectuer un test \u00e9picutan\u00e9. Cessez d'utiliser le produit si vous ressentez une quelconque g\u00eane. Suivre les instructions suppl\u00e9mentaires figurant sur l'emballage. Les r\u00e9sultats individuels peuvent varier.<\/p>","protected":false},"excerpt":{"rendered":"<p>Une poudre nettoyante douce 2 en 1 formul\u00e9e \u00e0 base de poudre de feuilles de Camellia Sinensis pour r\u00e9duire l'inflammation et favoriser un teint plus lisse et plus hydrat\u00e9, tout en nettoyant et en exfoliant efficacement la peau. Sert \u00e0 la fois de nettoyant et de masque facial \u00e0 rincer.<\/p>","protected":false},"featured_media":10831,"comment_status":"open","ping_status":"closed","template":"","meta":{"om_disable_all_campaigns":false},"product_brand":[],"product_cat":[88,259,35,62],"product_tag":[],"class_list":{"0":"post-10825","1":"product","2":"type-product","3":"status-publish","4":"has-post-thumbnail","6":"product_cat-centella","7":"product_cat-delphyr","8":"product_cat-face-cleansers","9":"product_cat-face-masks","11":"first","12":"instock","13":"shipping-taxable","14":"purchasable","15":"product-type-simple"},"aioseo_notices":[],"jetpack_sharing_enabled":true,"_links":{"self":[{"href":"https:\/\/k-beautyci.com\/fr\/wp-json\/wp\/v2\/product\/10825","targetHints":{"allow":["GET"]}}],"collection":[{"href":"https:\/\/k-beautyci.com\/fr\/wp-json\/wp\/v2\/product"}],"about":[{"href":"https:\/\/k-beautyci.com\/fr\/wp-json\/wp\/v2\/types\/product"}],"replies":[{"embeddable":true,"href":"https:\/\/k-beautyci.com\/fr\/wp-json\/wp\/v2\/comments?post=10825"}],"wp:featuredmedia":[{"embeddable":true,"href":"https:\/\/k-beautyci.com\/fr\/wp-json\/wp\/v2\/media\/10831"}],"wp:attachment":[{"href":"https:\/\/k-beautyci.com\/fr\/wp-json\/wp\/v2\/media?parent=10825"}],"wp:term":[{"taxonomy":"product_brand","embeddable":true,"href":"https:\/\/k-beautyci.com\/fr\/wp-json\/wp\/v2\/product_brand?post=10825"},{"taxonomy":"product_cat","embeddable":true,"href":"https:\/\/k-beautyci.com\/fr\/wp-json\/wp\/v2\/product_cat?post=10825"},{"taxonomy":"product_tag","embeddable":true,"href":"https:\/\/k-beautyci.com\/fr\/wp-json\/wp\/v2\/product_tag?post=10825"}],"curies":[{"name":"wp","href":"https:\/\/api.w.org\/{rel}","templated":true}]}}