{"id":10818,"date":"2026-01-30T21:49:35","date_gmt":"2026-01-30T21:49:35","guid":{"rendered":"https:\/\/k-beautyci.com\/?post_type=product&#038;p=10818"},"modified":"2026-02-02T18:55:46","modified_gmt":"2026-02-02T18:55:46","slug":"centellian24-glutathione-toning-boosting-ampoule","status":"publish","type":"product","link":"https:\/\/k-beautyci.com\/fr\/produit\/centellian24-glutathione-toning-boosting-ampoule\/","title":{"rendered":"Centellian24 Glutathione Toning Boosting Ampoule"},"content":{"rendered":"<p>Comment l'utiliser :<\/p>\n<p>Appliquez une quantit\u00e9 appropri\u00e9e d'ampoule sur votre peau apr\u00e8s avoir nettoy\u00e9 et tonifi\u00e9 votre visage, puis tapotez doucement pour une meilleure absorption.<\/p>\n<p>Avertissement : Pour usage externe uniquement. Toujours effectuer un test \u00e9picutan\u00e9. Cessez d'utiliser le produit si vous ressentez une quelconque g\u00eane. Suivre les instructions suppl\u00e9mentaires figurant sur l'emballage. Les r\u00e9sultats individuels peuvent varier.<\/p>","protected":false},"excerpt":{"rendered":"<p>Comment ne pas aimer une ampoule \u00e9claircissante \u00e0 base de glutathion, d'acide tranexamique et de vitamine C ? Vos taches brunes n'auront aucune chance ! Ces ingr\u00e9dients \u00e9claircissants agissent en synergie dans l'ampoule Glutathione Toning Boosting Ampoule de Centellian24 pour \u00e9liminer l'hyperpigmentation et revitaliser les peaux ternes. La formule nourrissante prot\u00e8ge votre peau des dommages oxydatifs gr\u00e2ce \u00e0 des exosomes de lait et \u00e0 de la m\u00e9latonine riche en antioxydants.<\/p>","protected":false},"featured_media":10824,"comment_status":"open","ping_status":"closed","template":"","meta":{"om_disable_all_campaigns":false},"product_brand":[],"product_cat":[263,52,31,257,243,72],"product_tag":[],"class_list":{"0":"post-10818","1":"product","2":"type-product","3":"status-publish","4":"has-post-thumbnail","6":"product_cat-centellian24","7":"product_cat-dark-spots","8":"product_cat-face-serums","9":"product_cat-glutathione","10":"product_cat-tranxemic-acid-txa","11":"product_cat-vitamin-c","13":"first","14":"instock","15":"shipping-taxable","16":"purchasable","17":"product-type-simple"},"aioseo_notices":[],"jetpack_sharing_enabled":true,"_links":{"self":[{"href":"https:\/\/k-beautyci.com\/fr\/wp-json\/wp\/v2\/product\/10818","targetHints":{"allow":["GET"]}}],"collection":[{"href":"https:\/\/k-beautyci.com\/fr\/wp-json\/wp\/v2\/product"}],"about":[{"href":"https:\/\/k-beautyci.com\/fr\/wp-json\/wp\/v2\/types\/product"}],"replies":[{"embeddable":true,"href":"https:\/\/k-beautyci.com\/fr\/wp-json\/wp\/v2\/comments?post=10818"}],"wp:featuredmedia":[{"embeddable":true,"href":"https:\/\/k-beautyci.com\/fr\/wp-json\/wp\/v2\/media\/10824"}],"wp:attachment":[{"href":"https:\/\/k-beautyci.com\/fr\/wp-json\/wp\/v2\/media?parent=10818"}],"wp:term":[{"taxonomy":"product_brand","embeddable":true,"href":"https:\/\/k-beautyci.com\/fr\/wp-json\/wp\/v2\/product_brand?post=10818"},{"taxonomy":"product_cat","embeddable":true,"href":"https:\/\/k-beautyci.com\/fr\/wp-json\/wp\/v2\/product_cat?post=10818"},{"taxonomy":"product_tag","embeddable":true,"href":"https:\/\/k-beautyci.com\/fr\/wp-json\/wp\/v2\/product_tag?post=10818"}],"curies":[{"name":"wp","href":"https:\/\/api.w.org\/{rel}","templated":true}]}}