{"id":10814,"date":"2026-01-30T17:50:52","date_gmt":"2026-01-30T17:50:52","guid":{"rendered":"https:\/\/k-beautyci.com\/?post_type=product&#038;p=10814"},"modified":"2026-02-04T19:29:29","modified_gmt":"2026-02-04T19:29:29","slug":"celimax-poredark-spot-brightening-kit","status":"publish","type":"product","link":"https:\/\/k-beautyci.com\/fr\/produit\/celimax-poredark-spot-brightening-kit\/","title":{"rendered":"celimax PORE+DARK SPOT BRIGHTENING KIT"},"content":{"rendered":"<p>Avertissement : Pour usage externe uniquement. Toujours effectuer un test \u00e9picutan\u00e9. Cessez d'utiliser le produit si vous ressentez une quelconque g\u00eane. Suivre les instructions suppl\u00e9mentaires figurant sur l'emballage. Les r\u00e9sultats individuels peuvent varier.<\/p>","protected":false},"excerpt":{"rendered":"<p>D\u00e9couvrez le kit \u00e9claircissant pour pores et taches brunes celimax, un soin haut de gamme appr\u00e9ci\u00e9 des adeptes de la K-beauty \u00e0 travers le monde. Ce kit contient :<\/p>\n<p>S\u00e9rum \u00e9claircissant \u2013 10 ml \/ 0,33 fl. oz.<\/p>\n<p>Cr\u00e8me \u00e9claircissante \u2013 7 ml \/ 0,23 fl. oz.<\/p>\n<p>Cr\u00e8me solaire \u00e9claircissante SPF 50+ PA+++ \u2013 10 ml \/ 0,33 fl. oz.<\/p>","protected":false},"featured_media":10815,"comment_status":"open","ping_status":"closed","template":"","meta":{"om_disable_all_campaigns":false},"product_brand":[],"product_cat":[209,52,26,31,77],"product_tag":[],"class_list":{"0":"post-10814","1":"product","2":"type-product","3":"status-publish","4":"has-post-thumbnail","6":"product_cat-celimax","7":"product_cat-dark-spots","8":"product_cat-face-moisturizer","9":"product_cat-face-serums","10":"product_cat-spf-50","12":"first","13":"outofstock","14":"shipping-taxable","15":"purchasable","16":"product-type-simple"},"aioseo_notices":[],"jetpack_sharing_enabled":true,"_links":{"self":[{"href":"https:\/\/k-beautyci.com\/fr\/wp-json\/wp\/v2\/product\/10814","targetHints":{"allow":["GET"]}}],"collection":[{"href":"https:\/\/k-beautyci.com\/fr\/wp-json\/wp\/v2\/product"}],"about":[{"href":"https:\/\/k-beautyci.com\/fr\/wp-json\/wp\/v2\/types\/product"}],"replies":[{"embeddable":true,"href":"https:\/\/k-beautyci.com\/fr\/wp-json\/wp\/v2\/comments?post=10814"}],"wp:featuredmedia":[{"embeddable":true,"href":"https:\/\/k-beautyci.com\/fr\/wp-json\/wp\/v2\/media\/10815"}],"wp:attachment":[{"href":"https:\/\/k-beautyci.com\/fr\/wp-json\/wp\/v2\/media?parent=10814"}],"wp:term":[{"taxonomy":"product_brand","embeddable":true,"href":"https:\/\/k-beautyci.com\/fr\/wp-json\/wp\/v2\/product_brand?post=10814"},{"taxonomy":"product_cat","embeddable":true,"href":"https:\/\/k-beautyci.com\/fr\/wp-json\/wp\/v2\/product_cat?post=10814"},{"taxonomy":"product_tag","embeddable":true,"href":"https:\/\/k-beautyci.com\/fr\/wp-json\/wp\/v2\/product_tag?post=10814"}],"curies":[{"name":"wp","href":"https:\/\/api.w.org\/{rel}","templated":true}]}}