{"id":1081,"date":"2023-05-23T13:53:39","date_gmt":"2023-05-23T13:53:39","guid":{"rendered":"https:\/\/k-beautyci.com\/?post_type=product&#038;p=1081"},"modified":"2026-02-06T19:31:46","modified_gmt":"2026-02-06T19:31:46","slug":"laneige-lip-sleeping-mask-ex","status":"publish","type":"product","link":"https:\/\/k-beautyci.com\/fr\/produit\/laneige-lip-sleeping-mask-ex\/","title":{"rendered":"LANEIGE Lip Sleeping Mask EX"},"content":{"rendered":"<p><strong>B\u00c9N\u00c9FICES<\/strong><\/p>\n<ul>\n<li>Les extraits de baies riches en vitamine C et en antioxydants agissent sur les l\u00e8vres s\u00e8ches et rugueuses, les rendant lisses et souples.<\/li>\n<li>LANEIGE MOISTURE WRAP : un r\u00e9seau d'acide hyaluronique forme un film hydratant qui aide \u00e0 fixer les ingr\u00e9dients actifs et la peau \u00e0 absorber et \u00e0 retenir l'hydratation pendant la nuit.<\/li>\n<\/ul>\n<p>&nbsp;<\/p>\n<p><strong>COMMENT L'UTILISER :<\/strong><\/p>\n<p>\u00c0 l'aide de l'applicateur, appliquer une quantit\u00e9 g\u00e9n\u00e9reuse sur les l\u00e8vres avant le coucher. Essuyer le masque le lendemain matin. Appliquez chaque fois que vous le souhaitez pour obtenir une teinte ros\u00e9e et une brillance \u00e9clatante !<\/p>\n<p>&nbsp;<\/p>\n<p>Avertissement : Pour usage externe uniquement. Toujours effectuer un test \u00e9picutan\u00e9. Cessez d'utiliser le produit si vous ressentez une quelconque g\u00eane. Suivre les instructions suppl\u00e9mentaires figurant sur la bo\u00eete. Les r\u00e9sultats individuels peuvent varier.<\/p>","protected":false},"excerpt":{"rendered":"<p>Le masque de sommeil pour les l\u00e8vres EX, favori de LANEIGE, revient avec une formule am\u00e9lior\u00e9e qui aide \u00e0 dissoudre les cellules mortes de la peau et \u00e0 hydrater vos l\u00e8vres pendant que vous dormez tranquillement.<\/p>","protected":false},"featured_media":1085,"comment_status":"open","ping_status":"closed","template":"","meta":{"om_disable_all_campaigns":false},"product_brand":[],"product_cat":[69,147,65],"product_tag":[],"class_list":{"0":"post-1081","1":"product","2":"type-product","3":"status-publish","4":"has-post-thumbnail","6":"product_cat-hyaluronic-acid","7":"product_cat-laneige","8":"product_cat-lip-care","10":"first","11":"instock","12":"sale","13":"shipping-taxable","14":"purchasable","15":"product-type-variable"},"aioseo_notices":[],"jetpack_sharing_enabled":true,"_links":{"self":[{"href":"https:\/\/k-beautyci.com\/fr\/wp-json\/wp\/v2\/product\/1081","targetHints":{"allow":["GET"]}}],"collection":[{"href":"https:\/\/k-beautyci.com\/fr\/wp-json\/wp\/v2\/product"}],"about":[{"href":"https:\/\/k-beautyci.com\/fr\/wp-json\/wp\/v2\/types\/product"}],"replies":[{"embeddable":true,"href":"https:\/\/k-beautyci.com\/fr\/wp-json\/wp\/v2\/comments?post=1081"}],"wp:featuredmedia":[{"embeddable":true,"href":"https:\/\/k-beautyci.com\/fr\/wp-json\/wp\/v2\/media\/1085"}],"wp:attachment":[{"href":"https:\/\/k-beautyci.com\/fr\/wp-json\/wp\/v2\/media?parent=1081"}],"wp:term":[{"taxonomy":"product_brand","embeddable":true,"href":"https:\/\/k-beautyci.com\/fr\/wp-json\/wp\/v2\/product_brand?post=1081"},{"taxonomy":"product_cat","embeddable":true,"href":"https:\/\/k-beautyci.com\/fr\/wp-json\/wp\/v2\/product_cat?post=1081"},{"taxonomy":"product_tag","embeddable":true,"href":"https:\/\/k-beautyci.com\/fr\/wp-json\/wp\/v2\/product_tag?post=1081"}],"curies":[{"name":"wp","href":"https:\/\/api.w.org\/{rel}","templated":true}]}}