{"id":10809,"date":"2026-01-30T22:13:34","date_gmt":"2026-01-30T22:13:34","guid":{"rendered":"https:\/\/k-beautyci.com\/?post_type=product&#038;p=10809"},"modified":"2026-02-02T18:55:46","modified_gmt":"2026-02-02T18:55:46","slug":"celimax-derma-nature-relief-madecica-ph-balancing-foam-cleansing-150ml","status":"publish","type":"product","link":"https:\/\/k-beautyci.com\/fr\/produit\/celimax-derma-nature-relief-madecica-ph-balancing-foam-cleansing-150ml\/","title":{"rendered":"celimax Derma Nature Relief Madecica pH Balancing Foam Cleansing 150ml"},"content":{"rendered":"<p>Avertissement : Pour usage externe uniquement. Toujours effectuer un test \u00e9picutan\u00e9. Cessez d'utiliser le produit si vous ressentez une quelconque g\u00eane. Suivre les instructions suppl\u00e9mentaires figurant sur l'emballage. Les r\u00e9sultats individuels peuvent varier.<\/p>","protected":false},"excerpt":{"rendered":"<p>Enrichi en tensioactifs naturels tels que l'huile de noix de coco et en agents apaisants tels que le cica et le mad\u00e9cassoside, ce nettoyant moussant \u00e9limine les impuret\u00e9s et les salet\u00e9s de la peau tout en soulageant les irritations. Sa formule au pH \u00e9quilibr\u00e9 est exempte de colorants et de parfums artificiels, ce qui la rend adapt\u00e9e aux peaux sensibles.<\/p>","protected":false},"featured_media":10813,"comment_status":"open","ping_status":"closed","template":"","meta":{"om_disable_all_campaigns":false},"product_brand":[],"product_cat":[209,35],"product_tag":[],"class_list":{"0":"post-10809","1":"product","2":"type-product","3":"status-publish","4":"has-post-thumbnail","6":"product_cat-celimax","7":"product_cat-face-cleansers","9":"first","10":"instock","11":"shipping-taxable","12":"purchasable","13":"product-type-simple"},"aioseo_notices":[],"jetpack_sharing_enabled":true,"_links":{"self":[{"href":"https:\/\/k-beautyci.com\/fr\/wp-json\/wp\/v2\/product\/10809","targetHints":{"allow":["GET"]}}],"collection":[{"href":"https:\/\/k-beautyci.com\/fr\/wp-json\/wp\/v2\/product"}],"about":[{"href":"https:\/\/k-beautyci.com\/fr\/wp-json\/wp\/v2\/types\/product"}],"replies":[{"embeddable":true,"href":"https:\/\/k-beautyci.com\/fr\/wp-json\/wp\/v2\/comments?post=10809"}],"wp:featuredmedia":[{"embeddable":true,"href":"https:\/\/k-beautyci.com\/fr\/wp-json\/wp\/v2\/media\/10813"}],"wp:attachment":[{"href":"https:\/\/k-beautyci.com\/fr\/wp-json\/wp\/v2\/media?parent=10809"}],"wp:term":[{"taxonomy":"product_brand","embeddable":true,"href":"https:\/\/k-beautyci.com\/fr\/wp-json\/wp\/v2\/product_brand?post=10809"},{"taxonomy":"product_cat","embeddable":true,"href":"https:\/\/k-beautyci.com\/fr\/wp-json\/wp\/v2\/product_cat?post=10809"},{"taxonomy":"product_tag","embeddable":true,"href":"https:\/\/k-beautyci.com\/fr\/wp-json\/wp\/v2\/product_tag?post=10809"}],"curies":[{"name":"wp","href":"https:\/\/api.w.org\/{rel}","templated":true}]}}