{"id":10804,"date":"2026-01-30T18:10:21","date_gmt":"2026-01-30T18:10:21","guid":{"rendered":"https:\/\/k-beautyci.com\/?post_type=product&#038;p=10804"},"modified":"2026-01-31T16:39:54","modified_gmt":"2026-01-31T16:39:54","slug":"celimax-jiwoogae-cica-bha-acne-cleansing-foam","status":"publish","type":"product","link":"https:\/\/k-beautyci.com\/fr\/produit\/celimax-jiwoogae-cica-bha-acne-cleansing-foam\/","title":{"rendered":"celimax Jiwoogae Cica BHA Acne Cleansing Foam"},"content":{"rendered":"<p><b>Comment l'utiliser :<\/b><br \/>\n1. Prenez une quantit\u00e9 mod\u00e9r\u00e9e et faites mousser.<\/p>\n<p>2. Massez d\u00e9licatement le visage avec une mousse onctueuse, puis rincez abondamment \u00e0 l'eau ti\u00e8de.<\/p>\n<p>Avertissement : Pour usage externe uniquement. Toujours effectuer un test \u00e9picutan\u00e9. Cessez d'utiliser le produit si vous ressentez une quelconque g\u00eane. Suivre les instructions suppl\u00e9mentaires figurant sur l'emballage. Les r\u00e9sultats individuels peuvent varier.<\/p>","protected":false},"excerpt":{"rendered":"<p>Utilisez ce nettoyant moussant pour lutter contre l'acn\u00e9 et \u00e9liminer le maquillage, les impuret\u00e9s et l'exc\u00e8s de s\u00e9bum de la peau. Il est formul\u00e9 \u00e0 partir d'un ingr\u00e9dient brevet\u00e9, le Cica Biome Complex\u2122, pour un soin apaisant \u00e0 base de centella. Le BHA (acide salicylique) contenu dans la formule nettoie les pores en profondeur pour aider \u00e0 pr\u00e9venir l'acn\u00e9. Sa formule hypoallerg\u00e9nique convient aux peaux sensibles et sujettes \u00e0 l'acn\u00e9.<\/p>","protected":false},"featured_media":10808,"comment_status":"open","ping_status":"closed","template":"","meta":{"om_disable_all_campaigns":false},"product_brand":[],"product_cat":[60,78,209,35],"product_tag":[],"class_list":{"0":"post-10804","1":"product","2":"type-product","3":"status-publish","4":"has-post-thumbnail","6":"product_cat-acne","7":"product_cat-aha-bha","8":"product_cat-celimax","9":"product_cat-face-cleansers","11":"first","12":"instock","13":"shipping-taxable","14":"purchasable","15":"product-type-simple"},"aioseo_notices":[],"jetpack_sharing_enabled":true,"_links":{"self":[{"href":"https:\/\/k-beautyci.com\/fr\/wp-json\/wp\/v2\/product\/10804","targetHints":{"allow":["GET"]}}],"collection":[{"href":"https:\/\/k-beautyci.com\/fr\/wp-json\/wp\/v2\/product"}],"about":[{"href":"https:\/\/k-beautyci.com\/fr\/wp-json\/wp\/v2\/types\/product"}],"replies":[{"embeddable":true,"href":"https:\/\/k-beautyci.com\/fr\/wp-json\/wp\/v2\/comments?post=10804"}],"wp:featuredmedia":[{"embeddable":true,"href":"https:\/\/k-beautyci.com\/fr\/wp-json\/wp\/v2\/media\/10808"}],"wp:attachment":[{"href":"https:\/\/k-beautyci.com\/fr\/wp-json\/wp\/v2\/media?parent=10804"}],"wp:term":[{"taxonomy":"product_brand","embeddable":true,"href":"https:\/\/k-beautyci.com\/fr\/wp-json\/wp\/v2\/product_brand?post=10804"},{"taxonomy":"product_cat","embeddable":true,"href":"https:\/\/k-beautyci.com\/fr\/wp-json\/wp\/v2\/product_cat?post=10804"},{"taxonomy":"product_tag","embeddable":true,"href":"https:\/\/k-beautyci.com\/fr\/wp-json\/wp\/v2\/product_tag?post=10804"}],"curies":[{"name":"wp","href":"https:\/\/api.w.org\/{rel}","templated":true}]}}