{"id":10799,"date":"2026-01-31T01:25:40","date_gmt":"2026-01-31T01:25:40","guid":{"rendered":"https:\/\/k-beautyci.com\/?post_type=product&#038;p=10799"},"modified":"2026-02-04T16:02:43","modified_gmt":"2026-02-04T16:02:43","slug":"by-juccy-gooseberry-dark-spot-brightening-serum-30ml","status":"publish","type":"product","link":"https:\/\/k-beautyci.com\/fr\/produit\/by-juccy-gooseberry-dark-spot-brightening-serum-30ml\/","title":{"rendered":"By Juccy Gooseberry Dark Spot Brightening Serum 30ml"},"content":{"rendered":"<p><b>Comment l'utiliser :<\/b><\/p>\n<p>Apr\u00e8s la tonification, appliquer une quantit\u00e9 mod\u00e9r\u00e9e sur la peau et tapoter d\u00e9licatement pour une meilleure absorption.<\/p>\n<p>Avertissement : Pour usage externe uniquement. Toujours effectuer un test \u00e9picutan\u00e9. Cessez d'utiliser le produit si vous ressentez une quelconque g\u00eane. Suivre les instructions suppl\u00e9mentaires figurant sur l'emballage. Les r\u00e9sultats individuels peuvent varier.<\/p>","protected":false},"excerpt":{"rendered":"<p>Un s\u00e9rum \u00e9claircissant puissant enrichi en groseille \u00e0 maquereau indienne, en argousier, en niacinamide et en alpha-arbutine pour r\u00e9duire visiblement les taches brunes, uniformiser le teint et r\u00e9v\u00e9ler un \u00e9clat radieux et lumineux.<\/p>","protected":false},"featured_media":10803,"comment_status":"open","ping_status":"closed","template":"","meta":{"om_disable_all_campaigns":false},"product_brand":[],"product_cat":[269,268,148,31,74,66,41],"product_tag":[],"class_list":{"0":"post-10799","1":"product","2":"type-product","3":"status-publish","4":"has-post-thumbnail","6":"product_cat-alpha-arbutin","7":"product_cat-by-juccy","8":"product_cat-ceramide","9":"product_cat-face-serums","10":"product_cat-niacinamide","11":"product_cat-normal-combination-skin","12":"product_cat-oily-skin","14":"first","15":"instock","16":"shipping-taxable","17":"purchasable","18":"product-type-simple"},"aioseo_notices":[],"jetpack_sharing_enabled":true,"_links":{"self":[{"href":"https:\/\/k-beautyci.com\/fr\/wp-json\/wp\/v2\/product\/10799","targetHints":{"allow":["GET"]}}],"collection":[{"href":"https:\/\/k-beautyci.com\/fr\/wp-json\/wp\/v2\/product"}],"about":[{"href":"https:\/\/k-beautyci.com\/fr\/wp-json\/wp\/v2\/types\/product"}],"replies":[{"embeddable":true,"href":"https:\/\/k-beautyci.com\/fr\/wp-json\/wp\/v2\/comments?post=10799"}],"wp:featuredmedia":[{"embeddable":true,"href":"https:\/\/k-beautyci.com\/fr\/wp-json\/wp\/v2\/media\/10803"}],"wp:attachment":[{"href":"https:\/\/k-beautyci.com\/fr\/wp-json\/wp\/v2\/media?parent=10799"}],"wp:term":[{"taxonomy":"product_brand","embeddable":true,"href":"https:\/\/k-beautyci.com\/fr\/wp-json\/wp\/v2\/product_brand?post=10799"},{"taxonomy":"product_cat","embeddable":true,"href":"https:\/\/k-beautyci.com\/fr\/wp-json\/wp\/v2\/product_cat?post=10799"},{"taxonomy":"product_tag","embeddable":true,"href":"https:\/\/k-beautyci.com\/fr\/wp-json\/wp\/v2\/product_tag?post=10799"}],"curies":[{"name":"wp","href":"https:\/\/api.w.org\/{rel}","templated":true}]}}