{"id":10794,"date":"2026-01-30T21:45:10","date_gmt":"2026-01-30T21:45:10","guid":{"rendered":"https:\/\/k-beautyci.com\/?post_type=product&#038;p=10794"},"modified":"2026-04-02T22:45:18","modified_gmt":"2026-04-02T22:45:18","slug":"by-juccy-gooseberry-juicy-glow-up-gel-cream-55ml","status":"publish","type":"product","link":"https:\/\/k-beautyci.com\/fr\/produit\/by-juccy-gooseberry-juicy-glow-up-gel-cream-55ml\/","title":{"rendered":"By Juccy Gooseberry Juicy Glow-up Gel Cream 55ml"},"content":{"rendered":"<p><b>Comment l'utiliser :<\/b><\/p>\n<p>Apr\u00e8s avoir appliqu\u00e9 le s\u00e9rum, appliquez une quantit\u00e9 mod\u00e9r\u00e9e sur la peau et tapotez doucement pour une meilleure absorption.<\/p>\n<p>CONSEIL : Les soirs o\u00f9 votre peau a besoin d'un soin apaisant ou \u00e9claircissant intensif, appliquez une couche \u00e9paisse de cr\u00e8me \u00e0 l'aide d'un pinceau en silicone et laissez agir toute la nuit.<\/p>\n<p>Avertissement : Pour usage externe uniquement. Toujours effectuer un test \u00e9picutan\u00e9. Cessez d'utiliser le produit si vous ressentez une quelconque g\u00eane. Suivre les instructions suppl\u00e9mentaires figurant sur l'emballage. Les r\u00e9sultats individuels peuvent varier.<\/p>","protected":false},"excerpt":{"rendered":"<p>Une cr\u00e8me gel rafra\u00eechissante rose infus\u00e9e de groseille \u00e0 maquereau, de m\u00e9langes Vita-Berry et de niacinamide pour am\u00e9liorer visiblement l'\u00e9clat de la peau, uniformiser le teint et r\u00e9v\u00e9ler une peau plus lumineuse. Enrichie en agents phyto-rafra\u00eechissants et en centella asiatica, elle r\u00e9duit en douceur la temp\u00e9rature de la peau, apaise les irritations et renforce la barri\u00e8re cutan\u00e9e, pour un teint \u00e9clatant et sain.<\/p>","protected":false},"featured_media":10798,"comment_status":"open","ping_status":"closed","template":"","meta":{"om_disable_all_campaigns":false},"product_brand":[],"product_cat":[269,268,88,52,26,74],"product_tag":[],"class_list":{"0":"post-10794","1":"product","2":"type-product","3":"status-publish","4":"has-post-thumbnail","6":"product_cat-alpha-arbutin","7":"product_cat-by-juccy","8":"product_cat-centella","9":"product_cat-dark-spots","10":"product_cat-face-moisturizer","11":"product_cat-niacinamide","13":"first","14":"instock","15":"shipping-taxable","16":"purchasable","17":"product-type-simple"},"aioseo_notices":[],"jetpack_sharing_enabled":true,"_links":{"self":[{"href":"https:\/\/k-beautyci.com\/fr\/wp-json\/wp\/v2\/product\/10794","targetHints":{"allow":["GET"]}}],"collection":[{"href":"https:\/\/k-beautyci.com\/fr\/wp-json\/wp\/v2\/product"}],"about":[{"href":"https:\/\/k-beautyci.com\/fr\/wp-json\/wp\/v2\/types\/product"}],"replies":[{"embeddable":true,"href":"https:\/\/k-beautyci.com\/fr\/wp-json\/wp\/v2\/comments?post=10794"}],"wp:featuredmedia":[{"embeddable":true,"href":"https:\/\/k-beautyci.com\/fr\/wp-json\/wp\/v2\/media\/10798"}],"wp:attachment":[{"href":"https:\/\/k-beautyci.com\/fr\/wp-json\/wp\/v2\/media?parent=10794"}],"wp:term":[{"taxonomy":"product_brand","embeddable":true,"href":"https:\/\/k-beautyci.com\/fr\/wp-json\/wp\/v2\/product_brand?post=10794"},{"taxonomy":"product_cat","embeddable":true,"href":"https:\/\/k-beautyci.com\/fr\/wp-json\/wp\/v2\/product_cat?post=10794"},{"taxonomy":"product_tag","embeddable":true,"href":"https:\/\/k-beautyci.com\/fr\/wp-json\/wp\/v2\/product_tag?post=10794"}],"curies":[{"name":"wp","href":"https:\/\/api.w.org\/{rel}","templated":true}]}}