{"id":10790,"date":"2026-01-30T18:15:46","date_gmt":"2026-01-30T18:15:46","guid":{"rendered":"https:\/\/k-beautyci.com\/?post_type=product&#038;p=10790"},"modified":"2026-04-08T06:34:30","modified_gmt":"2026-04-08T06:34:30","slug":"axis-y-txa-2-5-intensive-brightening-cream","status":"publish","type":"product","link":"https:\/\/k-beautyci.com\/fr\/produit\/axis-y-txa-2-5-intensive-brightening-cream\/","title":{"rendered":"Axis-Y TXA 2.5% Intensive Brightening Cream"},"content":{"rendered":"<p><b>Comment l'utiliser :<\/b><\/p>\n<p>\u00c0 la derni\u00e8re \u00e9tape de votre routine de soins, appliquez une quantit\u00e9 appropri\u00e9e sur la peau et tapotez doucement pour faciliter l'absorption.<\/p>\n<p>Avertissement : Pour usage externe uniquement. Toujours effectuer un test \u00e9picutan\u00e9. Cessez d'utiliser le produit si vous ressentez une quelconque g\u00eane. Suivre les instructions suppl\u00e9mentaires figurant sur l'emballage. Les r\u00e9sultats individuels peuvent varier.<\/p>","protected":false},"excerpt":{"rendered":"<p>Enrichie en acide tranexamique \u00e0 2,5 %, en niacinamide \u00e0 2,5 % et en glutathion, cette cr\u00e8me nourrissante sans silicone att\u00e9nue visiblement les taches brunes, affine le teint et redonne de l'\u00e9clat \u00e0 la peau. Sa texture douce et onctueuse fond parfaitement sur la peau, offrant un fini apaisant et soyeux qui rend la peau plus lisse, plus lumineuse et plus \u00e9quilibr\u00e9e. Parfaite pour un usage quotidien, elle constitue une \u00e9tape apaisante et r\u00e9confortante vers l'\u00e9clat paisible que votre peau m\u00e9rite.<\/p>","protected":false},"featured_media":10793,"comment_status":"open","ping_status":"closed","template":"","meta":{"om_disable_all_campaigns":false},"product_brand":[],"product_cat":[89,148,52,26,257,69,74,243],"product_tag":[],"class_list":{"0":"post-10790","1":"product","2":"type-product","3":"status-publish","4":"has-post-thumbnail","6":"product_cat-axis-y","7":"product_cat-ceramide","8":"product_cat-dark-spots","9":"product_cat-face-moisturizer","10":"product_cat-glutathione","11":"product_cat-hyaluronic-acid","12":"product_cat-niacinamide","13":"product_cat-tranxemic-acid-txa","15":"first","16":"instock","17":"shipping-taxable","18":"purchasable","19":"product-type-simple"},"aioseo_notices":[],"jetpack_sharing_enabled":true,"_links":{"self":[{"href":"https:\/\/k-beautyci.com\/fr\/wp-json\/wp\/v2\/product\/10790","targetHints":{"allow":["GET"]}}],"collection":[{"href":"https:\/\/k-beautyci.com\/fr\/wp-json\/wp\/v2\/product"}],"about":[{"href":"https:\/\/k-beautyci.com\/fr\/wp-json\/wp\/v2\/types\/product"}],"replies":[{"embeddable":true,"href":"https:\/\/k-beautyci.com\/fr\/wp-json\/wp\/v2\/comments?post=10790"}],"wp:featuredmedia":[{"embeddable":true,"href":"https:\/\/k-beautyci.com\/fr\/wp-json\/wp\/v2\/media\/10793"}],"wp:attachment":[{"href":"https:\/\/k-beautyci.com\/fr\/wp-json\/wp\/v2\/media?parent=10790"}],"wp:term":[{"taxonomy":"product_brand","embeddable":true,"href":"https:\/\/k-beautyci.com\/fr\/wp-json\/wp\/v2\/product_brand?post=10790"},{"taxonomy":"product_cat","embeddable":true,"href":"https:\/\/k-beautyci.com\/fr\/wp-json\/wp\/v2\/product_cat?post=10790"},{"taxonomy":"product_tag","embeddable":true,"href":"https:\/\/k-beautyci.com\/fr\/wp-json\/wp\/v2\/product_tag?post=10790"}],"curies":[{"name":"wp","href":"https:\/\/api.w.org\/{rel}","templated":true}]}}