{"id":10777,"date":"2026-01-30T22:15:30","date_gmt":"2026-01-30T22:15:30","guid":{"rendered":"https:\/\/k-beautyci.com\/?post_type=product&#038;p=10777"},"modified":"2026-03-26T22:00:16","modified_gmt":"2026-03-26T22:00:16","slug":"arencia-deep-water-surge-serum","status":"publish","type":"product","link":"https:\/\/k-beautyci.com\/fr\/produit\/arencia-deep-water-surge-serum\/","title":{"rendered":"Arencia Deep Water Surge Serum"},"content":{"rendered":"<p><b>Comment l'utiliser :<\/b><\/p>\n<p>Appliquez une quantit\u00e9 appropri\u00e9e sur une peau propre apr\u00e8s le tonique et tapotez doucement pour faciliter l'absorption.<\/p>\n<p>Avertissement : Pour usage externe uniquement. Toujours effectuer un test \u00e9picutan\u00e9. Cessez d'utiliser le produit si vous ressentez une quelconque g\u00eane. Suivre les instructions suppl\u00e9mentaires figurant sur l'emballage. Les r\u00e9sultats individuels peuvent varier.<\/p>","protected":false},"excerpt":{"rendered":"<p>Enrichi en acide hyaluronique, en phyto PDRN, en c\u00e9ramide NP et en panth\u00e9nol, ce s\u00e9rum renforce la barri\u00e8re cutan\u00e9e et pr\u00e9serve l'\u00e9lasticit\u00e9 de la peau tout en la hydratant. Des ingr\u00e9dients botaniques tels que l'extrait de th\u00e9 vert, l'extrait d'aloe vera et l'extrait d'\u00e9corce de saule blanc apaisent davantage les peaux irrit\u00e9es. Sa formule l\u00e9g\u00e8re et apaisante p\u00e9n\u00e8tre rapidement dans la peau sans laisser de sensation collante.<\/p>","protected":false},"featured_media":10783,"comment_status":"open","ping_status":"closed","template":"","meta":{"om_disable_all_campaigns":false},"product_brand":[],"product_cat":[230,267,148,31,69,223,238],"product_tag":[],"class_list":{"0":"post-10777","1":"product","2":"type-product","3":"status-publish","4":"has-post-thumbnail","6":"product_cat-arencia","7":"product_cat-barrier-repair","8":"product_cat-ceramide","9":"product_cat-face-serums","10":"product_cat-hyaluronic-acid","11":"product_cat-panthenol","12":"product_cat-pdrn","14":"first","15":"outofstock","16":"shipping-taxable","17":"purchasable","18":"product-type-simple"},"aioseo_notices":[],"jetpack_sharing_enabled":true,"_links":{"self":[{"href":"https:\/\/k-beautyci.com\/fr\/wp-json\/wp\/v2\/product\/10777","targetHints":{"allow":["GET"]}}],"collection":[{"href":"https:\/\/k-beautyci.com\/fr\/wp-json\/wp\/v2\/product"}],"about":[{"href":"https:\/\/k-beautyci.com\/fr\/wp-json\/wp\/v2\/types\/product"}],"replies":[{"embeddable":true,"href":"https:\/\/k-beautyci.com\/fr\/wp-json\/wp\/v2\/comments?post=10777"}],"wp:featuredmedia":[{"embeddable":true,"href":"https:\/\/k-beautyci.com\/fr\/wp-json\/wp\/v2\/media\/10783"}],"wp:attachment":[{"href":"https:\/\/k-beautyci.com\/fr\/wp-json\/wp\/v2\/media?parent=10777"}],"wp:term":[{"taxonomy":"product_brand","embeddable":true,"href":"https:\/\/k-beautyci.com\/fr\/wp-json\/wp\/v2\/product_brand?post=10777"},{"taxonomy":"product_cat","embeddable":true,"href":"https:\/\/k-beautyci.com\/fr\/wp-json\/wp\/v2\/product_cat?post=10777"},{"taxonomy":"product_tag","embeddable":true,"href":"https:\/\/k-beautyci.com\/fr\/wp-json\/wp\/v2\/product_tag?post=10777"}],"curies":[{"name":"wp","href":"https:\/\/api.w.org\/{rel}","templated":true}]}}