{"id":1077,"date":"2023-05-23T13:53:04","date_gmt":"2023-05-23T13:53:04","guid":{"rendered":"https:\/\/k-beautyci.com\/?post_type=product&#038;p=1077"},"modified":"2026-01-02T00:30:52","modified_gmt":"2026-01-02T00:30:52","slug":"laneige-mini-cream-skin-cerapeptide-refiner-50ml","status":"publish","type":"product","link":"https:\/\/k-beautyci.com\/fr\/produit\/laneige-mini-cream-skin-cerapeptide-refiner-50ml\/","title":{"rendered":"LANEIGE MINI CREAM SKIN CERAPEPTIDE\u2122 REFINER 50ML"},"content":{"rendered":"","protected":false},"excerpt":{"rendered":"<p>Version renouvel\u00e9e de la 2\u00e8me g\u00e9n\u00e9ration de Cream Skin !<\/p>\n<p>Tonique lact\u00e9 contenant des c\u00e9ramides et des peptides qui assurent une hydratation en profondeur, r\u00e9parent et renforcent la barri\u00e8re cutan\u00e9e.<\/p>\n<p>Riche en acides amin\u00e9s, l'eau de th\u00e9 \u00e0 la feuille blanche aide \u00e0 hydrater et \u00e0 apaiser la peau. Id\u00e9ale pour les peaux s\u00e8ches et sensibles ou les barri\u00e8res cutan\u00e9es endommag\u00e9es.<\/p>\n<p>&nbsp;<\/p>","protected":false},"featured_media":1078,"comment_status":"open","ping_status":"closed","template":"","meta":{"om_disable_all_campaigns":false},"product_brand":[],"product_cat":[148,42,39,33,147,66,36],"product_tag":[],"class_list":{"0":"post-1077","1":"product","2":"type-product","3":"status-publish","4":"has-post-thumbnail","6":"product_cat-ceramide","7":"product_cat-dry-skin","8":"product_cat-face-toners","9":"product_cat-face-treatments","10":"product_cat-laneige","11":"product_cat-normal-combination-skin","12":"product_cat-sensitive-skin","14":"first","15":"outofstock","16":"shipping-taxable","17":"purchasable","18":"product-type-simple"},"aioseo_notices":[],"jetpack_sharing_enabled":true,"_links":{"self":[{"href":"https:\/\/k-beautyci.com\/fr\/wp-json\/wp\/v2\/product\/1077","targetHints":{"allow":["GET"]}}],"collection":[{"href":"https:\/\/k-beautyci.com\/fr\/wp-json\/wp\/v2\/product"}],"about":[{"href":"https:\/\/k-beautyci.com\/fr\/wp-json\/wp\/v2\/types\/product"}],"replies":[{"embeddable":true,"href":"https:\/\/k-beautyci.com\/fr\/wp-json\/wp\/v2\/comments?post=1077"}],"wp:featuredmedia":[{"embeddable":true,"href":"https:\/\/k-beautyci.com\/fr\/wp-json\/wp\/v2\/media\/1078"}],"wp:attachment":[{"href":"https:\/\/k-beautyci.com\/fr\/wp-json\/wp\/v2\/media?parent=1077"}],"wp:term":[{"taxonomy":"product_brand","embeddable":true,"href":"https:\/\/k-beautyci.com\/fr\/wp-json\/wp\/v2\/product_brand?post=1077"},{"taxonomy":"product_cat","embeddable":true,"href":"https:\/\/k-beautyci.com\/fr\/wp-json\/wp\/v2\/product_cat?post=1077"},{"taxonomy":"product_tag","embeddable":true,"href":"https:\/\/k-beautyci.com\/fr\/wp-json\/wp\/v2\/product_tag?post=1077"}],"curies":[{"name":"wp","href":"https:\/\/api.w.org\/{rel}","templated":true}]}}