{"id":10764,"date":"2026-01-31T01:23:38","date_gmt":"2026-01-31T01:23:38","guid":{"rendered":"https:\/\/k-beautyci.com\/?post_type=product&#038;p=10764"},"modified":"2026-04-11T17:02:56","modified_gmt":"2026-04-11T17:02:56","slug":"dr-althea-345-relief-cream-mist","status":"publish","type":"product","link":"https:\/\/k-beautyci.com\/fr\/produit\/dr-althea-345-relief-cream-mist\/","title":{"rendered":"Dr. Althea 345 Relief Cream Mist"},"content":{"rendered":"<div class=\"accordion__header wb-break-word\">Comment l'utiliser :<\/div>\n<div id=\"acdnCtt-collapsible_item_xUVNxc\" class=\"accordion__content o-hidden rte js-accordion-content accordion-content ac-collapsible_item_xUVNxc false open\" role=\"region\" aria-describedby=\"acdnTgr-collapsible_item_xUVNxc\">\n<p><span class=\"metafield-multi_line_text_field\">1. Bien agiter pour m\u00e9langer la formule en couches.<br \/>\n2. Vaporisez uniform\u00e9ment sur le visage tout au long de la journ\u00e9e ou avant\/apr\u00e8s le maquillage.<\/span><\/p>\n<p>Avertissement : Pour usage externe uniquement. Toujours effectuer un test \u00e9picutan\u00e9. Cessez d'utiliser le produit si vous ressentez une quelconque g\u00eane. Suivre les instructions suppl\u00e9mentaires figurant sur l'emballage. Les r\u00e9sultats individuels peuvent varier.<\/p>\n<\/div>","protected":false},"excerpt":{"rendered":"<p>La brume cr\u00e8me apaisante 345 du Dr Althea se compose d'une couche cr\u00e9meuse formul\u00e9e \u00e0 base d'eau de son de riz nourrissante, d'acide hyaluronique et de panth\u00e9nol, et d'une couche d'essence aqueuse infus\u00e9e de mad\u00e9cassoside apaisant, d'eau de feuille d'alo\u00e8s et d'extrait de feuille de centella. Il suffit de secouer pour m\u00e9langer les deux couches, puis de vaporiser la brume l\u00e9g\u00e8re pour un rafra\u00eechissement rapide.<\/p>","protected":false},"featured_media":10775,"comment_status":"open","ping_status":"closed","template":"","meta":{"om_disable_all_campaigns":false},"product_brand":[],"product_cat":[88,148,207,31,39,69,223],"product_tag":[],"class_list":{"0":"post-10764","1":"product","2":"type-product","3":"status-publish","4":"has-post-thumbnail","6":"product_cat-centella","7":"product_cat-ceramide","8":"product_cat-dr-althea","9":"product_cat-face-serums","10":"product_cat-face-toners","11":"product_cat-hyaluronic-acid","12":"product_cat-panthenol","14":"first","15":"outofstock","16":"shipping-taxable","17":"purchasable","18":"product-type-variable"},"aioseo_notices":[],"jetpack_sharing_enabled":true,"_links":{"self":[{"href":"https:\/\/k-beautyci.com\/fr\/wp-json\/wp\/v2\/product\/10764","targetHints":{"allow":["GET"]}}],"collection":[{"href":"https:\/\/k-beautyci.com\/fr\/wp-json\/wp\/v2\/product"}],"about":[{"href":"https:\/\/k-beautyci.com\/fr\/wp-json\/wp\/v2\/types\/product"}],"replies":[{"embeddable":true,"href":"https:\/\/k-beautyci.com\/fr\/wp-json\/wp\/v2\/comments?post=10764"}],"wp:featuredmedia":[{"embeddable":true,"href":"https:\/\/k-beautyci.com\/fr\/wp-json\/wp\/v2\/media\/10775"}],"wp:attachment":[{"href":"https:\/\/k-beautyci.com\/fr\/wp-json\/wp\/v2\/media?parent=10764"}],"wp:term":[{"taxonomy":"product_brand","embeddable":true,"href":"https:\/\/k-beautyci.com\/fr\/wp-json\/wp\/v2\/product_brand?post=10764"},{"taxonomy":"product_cat","embeddable":true,"href":"https:\/\/k-beautyci.com\/fr\/wp-json\/wp\/v2\/product_cat?post=10764"},{"taxonomy":"product_tag","embeddable":true,"href":"https:\/\/k-beautyci.com\/fr\/wp-json\/wp\/v2\/product_tag?post=10764"}],"curies":[{"name":"wp","href":"https:\/\/api.w.org\/{rel}","templated":true}]}}