{"id":1075,"date":"2023-05-23T13:52:36","date_gmt":"2023-05-23T13:52:36","guid":{"rendered":"https:\/\/k-beautyci.com\/?post_type=product&#038;p=1075"},"modified":"2026-03-23T08:40:59","modified_gmt":"2026-03-23T08:40:59","slug":"beauty-of-joseon-matte-sun-stick-mugwort-camelia-spf-50-pa","status":"publish","type":"product","link":"https:\/\/k-beautyci.com\/fr\/produit\/beauty-of-joseon-matte-sun-stick-mugwort-camelia-spf-50-pa\/","title":{"rendered":"Beauty of Joseon Matte Sun Stick: Mugwort + Camelia SPF 50+ PA++++"},"content":{"rendered":"","protected":false},"excerpt":{"rendered":"<p>Stick solaire mat non gras pour apaiser votre peau. Formul\u00e9 avec de l'extrait d'armoise et du th\u00e9 vert pour aider \u00e0 nourrir et \u00e0 apaiser la peau sans sensation de collant ou de gras.\u00a0La poudre de silice s\u00e9bor\u00e9gulatrice r\u00e9gule le s\u00e9bum, ce qui donne un fini mat et lisse sans faire de grumeaux.\u00a0Id\u00e9al pour r\u00e9appliquer la cr\u00e8me solaire !<\/p>\n<p>Appliquer le stick solaire sur le visage et les parties du corps expos\u00e9es aux rayons UV. Renouveler l'application chaque fois que n\u00e9cessaire.<\/p>","protected":false},"featured_media":1076,"comment_status":"open","ping_status":"closed","template":"","meta":{"om_disable_all_campaigns":false},"product_brand":[],"product_cat":[57,25,82,52,66,41,77,75],"product_tag":[],"class_list":{"0":"post-1075","1":"product","2":"type-product","3":"status-publish","4":"has-post-thumbnail","6":"product_cat-anti-aging","7":"product_cat-asian-brands","8":"product_cat-beauty-of-joseon","9":"product_cat-dark-spots","10":"product_cat-normal-combination-skin","11":"product_cat-oily-skin","12":"product_cat-spf-50","13":"product_cat-sunscreens","15":"first","16":"instock","17":"shipping-taxable","18":"purchasable","19":"product-type-simple"},"aioseo_notices":[],"jetpack_sharing_enabled":true,"_links":{"self":[{"href":"https:\/\/k-beautyci.com\/fr\/wp-json\/wp\/v2\/product\/1075","targetHints":{"allow":["GET"]}}],"collection":[{"href":"https:\/\/k-beautyci.com\/fr\/wp-json\/wp\/v2\/product"}],"about":[{"href":"https:\/\/k-beautyci.com\/fr\/wp-json\/wp\/v2\/types\/product"}],"replies":[{"embeddable":true,"href":"https:\/\/k-beautyci.com\/fr\/wp-json\/wp\/v2\/comments?post=1075"}],"wp:featuredmedia":[{"embeddable":true,"href":"https:\/\/k-beautyci.com\/fr\/wp-json\/wp\/v2\/media\/1076"}],"wp:attachment":[{"href":"https:\/\/k-beautyci.com\/fr\/wp-json\/wp\/v2\/media?parent=1075"}],"wp:term":[{"taxonomy":"product_brand","embeddable":true,"href":"https:\/\/k-beautyci.com\/fr\/wp-json\/wp\/v2\/product_brand?post=1075"},{"taxonomy":"product_cat","embeddable":true,"href":"https:\/\/k-beautyci.com\/fr\/wp-json\/wp\/v2\/product_cat?post=1075"},{"taxonomy":"product_tag","embeddable":true,"href":"https:\/\/k-beautyci.com\/fr\/wp-json\/wp\/v2\/product_tag?post=1075"}],"curies":[{"name":"wp","href":"https:\/\/api.w.org\/{rel}","templated":true}]}}