{"id":10737,"date":"2026-01-23T01:01:24","date_gmt":"2026-01-23T01:01:24","guid":{"rendered":"https:\/\/k-beautyci.com\/product\/jumiso-niacinamide-2-oil-control-cream-80ml\/"},"modified":"2026-03-27T15:34:15","modified_gmt":"2026-03-27T15:34:15","slug":"jumiso-niacinamide-2-oil-control-cream-80ml","status":"publish","type":"product","link":"https:\/\/k-beautyci.com\/fr\/produit\/jumiso-niacinamide-2-oil-control-cream-80ml\/","title":{"rendered":"Jumiso Niacinamide 2 + Oil Control Cream 80ml"},"content":{"rendered":"<p>Avertissement : Pour usage externe uniquement. Toujours effectuer un test \u00e9picutan\u00e9. Cessez d'utiliser le produit si vous ressentez une quelconque g\u00eane. Suivre les instructions suppl\u00e9mentaires figurant sur l'emballage. Les r\u00e9sultats individuels peuvent varier.<\/p>","protected":false},"excerpt":{"rendered":"<p><span style=\"font-family: arial; font-size: 13.333333px; font-style: normal; font-weight: 500; letter-spacing: -0.3px; text-align: start; text-indent: 0px; text-transform: none; white-space: normal; text-decoration: none; display: inline !important; float: none;\">Une cr\u00e8me visage anti-acn\u00e9 enrichie en niacinamide et en TXA pour aider \u00e0 \u00e9quilibrer le s\u00e9bum et l'hydratation, pr\u00e9venir les \u00e9ruptions cutan\u00e9es et r\u00e9duire visiblement l'exc\u00e8s de s\u00e9bum, tout en apaisant les rougeurs et en aidant \u00e0 estomper les marques post-acn\u00e9iques pour les peaux sensibles et sujettes \u00e0 l'acn\u00e9.<\/span><br \/>\n<span style=\"font-family: arial; font-size: 13.333333px; font-style: normal; font-weight: 500; letter-spacing: -0.3px; text-align: start; text-indent: 0px; text-transform: none; white-space: normal; text-decoration: none; display: inline !important; float: none;\">Infused with Galactomyces Ferment Filtrate and Bifida Ferment Lysate to help strengthen skin barrier, support a healthier microbiome, and improve overall skin resilience.<\/span><br \/>\n<span style=\"font-family: arial; font-size: 13.333333px; font-style: normal; font-weight: 500; letter-spacing: -0.3px; text-align: start; text-indent: 0px; text-transform: none; white-space: normal; text-decoration: none; display: inline !important; float: none;\">Contains Glutathione, Allantoin and Hydrolyzed Sodium Hyaluronate to help brighten dull and uneven skin tone, calm irritated or sensitized skin, and provide deep hydration without heaviness.<\/span><\/p>","protected":false},"featured_media":10733,"comment_status":"open","ping_status":"closed","template":"","meta":{"om_disable_all_campaigns":false},"product_brand":[],"product_cat":[60,52,26,153,74,243],"product_tag":[],"class_list":{"0":"post-10737","1":"product","2":"type-product","3":"status-publish","4":"has-post-thumbnail","6":"product_cat-acne","7":"product_cat-dark-spots","8":"product_cat-face-moisturizer","9":"product_cat-jumiso","10":"product_cat-niacinamide","11":"product_cat-tranxemic-acid-txa","13":"first","14":"instock","15":"shipping-taxable","16":"purchasable","17":"product-type-simple"},"aioseo_notices":[],"jetpack_sharing_enabled":true,"_links":{"self":[{"href":"https:\/\/k-beautyci.com\/fr\/wp-json\/wp\/v2\/product\/10737","targetHints":{"allow":["GET"]}}],"collection":[{"href":"https:\/\/k-beautyci.com\/fr\/wp-json\/wp\/v2\/product"}],"about":[{"href":"https:\/\/k-beautyci.com\/fr\/wp-json\/wp\/v2\/types\/product"}],"replies":[{"embeddable":true,"href":"https:\/\/k-beautyci.com\/fr\/wp-json\/wp\/v2\/comments?post=10737"}],"wp:featuredmedia":[{"embeddable":true,"href":"https:\/\/k-beautyci.com\/fr\/wp-json\/wp\/v2\/media\/10733"}],"wp:attachment":[{"href":"https:\/\/k-beautyci.com\/fr\/wp-json\/wp\/v2\/media?parent=10737"}],"wp:term":[{"taxonomy":"product_brand","embeddable":true,"href":"https:\/\/k-beautyci.com\/fr\/wp-json\/wp\/v2\/product_brand?post=10737"},{"taxonomy":"product_cat","embeddable":true,"href":"https:\/\/k-beautyci.com\/fr\/wp-json\/wp\/v2\/product_cat?post=10737"},{"taxonomy":"product_tag","embeddable":true,"href":"https:\/\/k-beautyci.com\/fr\/wp-json\/wp\/v2\/product_tag?post=10737"}],"curies":[{"name":"wp","href":"https:\/\/api.w.org\/{rel}","templated":true}]}}