{"id":1072,"date":"2023-05-23T14:20:55","date_gmt":"2023-05-23T14:20:55","guid":{"rendered":"https:\/\/k-beautyci.com\/?post_type=product&#038;p=1072"},"modified":"2026-01-30T19:57:45","modified_gmt":"2026-01-30T19:57:45","slug":"beauty-of-joseon-red-bean-refreshing-pore-mask-140ml","status":"publish","type":"product","link":"https:\/\/k-beautyci.com\/fr\/produit\/beauty-of-joseon-red-bean-refreshing-pore-mask-140ml\/","title":{"rendered":"Beauty of Joseon Red Bean Refreshing Pore Mask 140ml"},"content":{"rendered":"<p><strong>B\u00c9N\u00c9FICES<\/strong><\/p>\n<ul>\n<li>L'extrait de haricot rouge de Haenam (30 %) exfolie la peau et aide \u00e0 absorber l'exc\u00e8s de s\u00e9bum pour r\u00e9duire l'apparence des pores.<\/li>\n<li>L'argile donne \u00e0 la peau une sensation de rajeunissement et d'hydratation.<\/li>\n<li>Nettoie les pores en profondeur pour un teint plus lisse.<\/li>\n<\/ul>\n<p>&nbsp;<\/p>\n<p><strong>COMMENT L'UTILISER :<\/strong><\/p>\n<p>Apr\u00e8s avoir nettoy\u00e9 le visage, appliquer une quantit\u00e9 mod\u00e9r\u00e9e sur le visage. \u00c9viter le contour des yeux et de la bouche. Laisser agir pendant 5 \u00e0 10 minutes. Massez doucement et rincez abondamment \u00e0 l'eau ti\u00e8de.<\/p>\n<p>Avertissement : Pour usage externe uniquement. Toujours effectuer un test \u00e9picutan\u00e9. Cessez d'utiliser le produit si vous ressentez une quelconque g\u00eane. Suivre les instructions suppl\u00e9mentaires figurant sur l'emballage. Les r\u00e9sultats individuels peuvent varier.<\/p>","protected":false},"excerpt":{"rendered":"<p>Ce masque rafra\u00eechissant affine la visibilit\u00e9 des pores. Riche en antioxydants, l'argile absorbe l'exc\u00e8s de s\u00e9bum pour laisser la peau respirer.<\/p>","protected":false},"featured_media":1074,"comment_status":"open","ping_status":"closed","template":"","meta":{"om_disable_all_campaigns":false},"product_brand":[],"product_cat":[25,82,61,62,33],"product_tag":[],"class_list":{"0":"post-1072","1":"product","2":"type-product","3":"status-publish","4":"has-post-thumbnail","6":"product_cat-asian-brands","7":"product_cat-beauty-of-joseon","8":"product_cat-face-exfoliator-peels-scrubs","9":"product_cat-face-masks","10":"product_cat-face-treatments","12":"first","13":"instock","14":"shipping-taxable","15":"purchasable","16":"product-type-simple"},"aioseo_notices":[],"jetpack_sharing_enabled":true,"_links":{"self":[{"href":"https:\/\/k-beautyci.com\/fr\/wp-json\/wp\/v2\/product\/1072","targetHints":{"allow":["GET"]}}],"collection":[{"href":"https:\/\/k-beautyci.com\/fr\/wp-json\/wp\/v2\/product"}],"about":[{"href":"https:\/\/k-beautyci.com\/fr\/wp-json\/wp\/v2\/types\/product"}],"replies":[{"embeddable":true,"href":"https:\/\/k-beautyci.com\/fr\/wp-json\/wp\/v2\/comments?post=1072"}],"wp:featuredmedia":[{"embeddable":true,"href":"https:\/\/k-beautyci.com\/fr\/wp-json\/wp\/v2\/media\/1074"}],"wp:attachment":[{"href":"https:\/\/k-beautyci.com\/fr\/wp-json\/wp\/v2\/media?parent=1072"}],"wp:term":[{"taxonomy":"product_brand","embeddable":true,"href":"https:\/\/k-beautyci.com\/fr\/wp-json\/wp\/v2\/product_brand?post=1072"},{"taxonomy":"product_cat","embeddable":true,"href":"https:\/\/k-beautyci.com\/fr\/wp-json\/wp\/v2\/product_cat?post=1072"},{"taxonomy":"product_tag","embeddable":true,"href":"https:\/\/k-beautyci.com\/fr\/wp-json\/wp\/v2\/product_tag?post=1072"}],"curies":[{"name":"wp","href":"https:\/\/api.w.org\/{rel}","templated":true}]}}