{"id":1067,"date":"2023-05-23T14:21:45","date_gmt":"2023-05-23T14:21:45","guid":{"rendered":"https:\/\/k-beautyci.com\/?post_type=product&#038;p=1067"},"modified":"2024-09-27T09:11:46","modified_gmt":"2024-09-27T09:11:46","slug":"cosrx-centella-blemish-cream","status":"publish","type":"product","link":"https:\/\/k-beautyci.com\/fr\/produit\/cosrx-centella-blemish-cream\/","title":{"rendered":"COSRX Centella Cr\u00e8me anti-imperfections"},"content":{"rendered":"<p><strong>B\u00c9N\u00c9FICES<\/strong><\/p>\n<ul>\n<li>La centella asiatica est surtout connue pour ses propri\u00e9t\u00e9s cicatrisantes et intens\u00e9ment apaisantes. Elle r\u00e9duit l'hyperpigmentation, hydrate et nourrit.<\/li>\n<li>L'oxyde de zinc, souvent pr\u00e9sent dans les cr\u00e8mes solaires min\u00e9rales, contribue \u00e0 r\u00e9duire l'inflammation et \u00e0 favoriser la cicatrisation des plaies.<\/li>\n<\/ul>\n<p>&nbsp;<\/p>\n<p><strong>COMMENT L'UTILISER :<\/strong><\/p>\n<p>Apr\u00e8s les soins quotidiens, appliquer une quantit\u00e9 g\u00e9n\u00e9reuse sur les zones concern\u00e9es. Masser jusqu'\u00e0 absorption compl\u00e8te.<\/p>\n<p>Avertissement : Pour usage externe uniquement. Toujours effectuer un test \u00e9picutan\u00e9. Cessez d'utiliser le produit si vous ressentez une quelconque g\u00eane. Suivre les instructions suppl\u00e9mentaires figurant sur l'emballage. Les r\u00e9sultats individuels peuvent varier.<\/p>","protected":false},"excerpt":{"rendered":"<p>Une cr\u00e8me \u00e9paisse de traitement des taches qui apaise en profondeur les zones irrit\u00e9es et sensibles. Avec l'eau de feuille de centella asiatica en t\u00eate de liste des ingr\u00e9dients, cette cr\u00e8me r\u00e9hydrate, apaise l'inflammation et la sensibilit\u00e9, et fournit les antioxydants dont on a tant besoin.<\/p>","protected":false},"featured_media":1223,"comment_status":"open","ping_status":"closed","template":"","meta":{"om_disable_all_campaigns":false},"product_brand":[],"product_cat":[60,25,88,51,52,26,33,66,36],"product_tag":[],"class_list":{"0":"post-1067","1":"product","2":"type-product","3":"status-publish","4":"has-post-thumbnail","6":"product_cat-acne","7":"product_cat-asian-brands","8":"product_cat-centella","9":"product_cat-cosrx","10":"product_cat-dark-spots","11":"product_cat-face-moisturizer","12":"product_cat-face-treatments","13":"product_cat-normal-combination-skin","14":"product_cat-sensitive-skin","16":"first","17":"outofstock","18":"sale","19":"shipping-taxable","20":"purchasable","21":"product-type-simple"},"aioseo_notices":[],"jetpack_sharing_enabled":true,"_links":{"self":[{"href":"https:\/\/k-beautyci.com\/fr\/wp-json\/wp\/v2\/product\/1067","targetHints":{"allow":["GET"]}}],"collection":[{"href":"https:\/\/k-beautyci.com\/fr\/wp-json\/wp\/v2\/product"}],"about":[{"href":"https:\/\/k-beautyci.com\/fr\/wp-json\/wp\/v2\/types\/product"}],"replies":[{"embeddable":true,"href":"https:\/\/k-beautyci.com\/fr\/wp-json\/wp\/v2\/comments?post=1067"}],"wp:featuredmedia":[{"embeddable":true,"href":"https:\/\/k-beautyci.com\/fr\/wp-json\/wp\/v2\/media\/1223"}],"wp:attachment":[{"href":"https:\/\/k-beautyci.com\/fr\/wp-json\/wp\/v2\/media?parent=1067"}],"wp:term":[{"taxonomy":"product_brand","embeddable":true,"href":"https:\/\/k-beautyci.com\/fr\/wp-json\/wp\/v2\/product_brand?post=1067"},{"taxonomy":"product_cat","embeddable":true,"href":"https:\/\/k-beautyci.com\/fr\/wp-json\/wp\/v2\/product_cat?post=1067"},{"taxonomy":"product_tag","embeddable":true,"href":"https:\/\/k-beautyci.com\/fr\/wp-json\/wp\/v2\/product_tag?post=1067"}],"curies":[{"name":"wp","href":"https:\/\/api.w.org\/{rel}","templated":true}]}}