{"id":1063,"date":"2023-05-23T14:21:27","date_gmt":"2023-05-23T14:21:27","guid":{"rendered":"https:\/\/k-beautyci.com\/?post_type=product&#038;p=1063"},"modified":"2025-12-04T12:12:28","modified_gmt":"2025-12-04T12:12:28","slug":"cosrx-advanced-snail-radiance-dual-essence","status":"publish","type":"product","link":"https:\/\/k-beautyci.com\/fr\/produit\/cosrx-advanced-snail-radiance-dual-essence\/","title":{"rendered":"Cosrx Advanced Snail Radiance Dual Essence"},"content":{"rendered":"<p><strong>B\u00c9N\u00c9FICES<\/strong><\/p>\n<ul>\n<li>Le filtrat de s\u00e9cr\u00e9tion d'escargot hydrate, apaise et r\u00e9pare la peau enflamm\u00e9e et la texture in\u00e9gale.<\/li>\n<li>Le niacinamide \u00e9claircit la peau en att\u00e9nuant l'hyperpigmentation.<\/li>\n<li>Le glutathion est un antioxydant puissant qui contribue \u00e0 \u00e9claircir et \u00e0 unifier les teints ternes.<\/li>\n<\/ul>\n<p>&nbsp;<\/p>\n<p><strong>COMMENT L'UTILISER :<\/strong><\/p>\n<p>Apr\u00e8s avoir nettoy\u00e9 et tonifi\u00e9 le visage, r\u00e9partir une quantit\u00e9 suffisante de produit sur des mains propres. M\u00e9langer les deux essences et appliquer sur le visage en tapotant l\u00e9g\u00e8rement pour faire p\u00e9n\u00e9trer le produit.<\/p>\n<p>&nbsp;<\/p>\n<p>Avertissement : Pour usage externe uniquement. Toujours effectuer un test \u00e9picutan\u00e9. Cessez d'utiliser le produit si vous ressentez une quelconque g\u00eane. Suivre les instructions suppl\u00e9mentaires figurant sur l'emballage. Les r\u00e9sultats individuels peuvent varier.<\/p>","protected":false},"excerpt":{"rendered":"<p>Acc\u00e9l\u00e9rez votre routine de soins de la peau avec cette essence qui pr\u00e9sente un design 2 en 1. \u00a0Elle contient un ratio dor\u00e9 de 1:1 de filtrat de s\u00e9cr\u00e9tion d'escargot provenant de 3 types d'escargots diff\u00e9rents pour apporter une hydratation et une r\u00e9paration intenses \u00e0 votre peau.<\/p>","protected":false},"featured_media":1064,"comment_status":"open","ping_status":"closed","template":"","meta":{"om_disable_all_campaigns":false},"product_brand":[],"product_cat":[25,51,42,32,31,74,66,41,36,86],"product_tag":[],"class_list":{"0":"post-1063","1":"product","2":"type-product","3":"status-publish","4":"has-post-thumbnail","6":"product_cat-asian-brands","7":"product_cat-cosrx","8":"product_cat-dry-skin","9":"product_cat-essence","10":"product_cat-face-serums","11":"product_cat-niacinamide","12":"product_cat-normal-combination-skin","13":"product_cat-oily-skin","14":"product_cat-sensitive-skin","15":"product_cat-snail-mucin","17":"first","18":"outofstock","19":"sale","20":"shipping-taxable","21":"purchasable","22":"product-type-simple"},"aioseo_notices":[],"jetpack_sharing_enabled":true,"_links":{"self":[{"href":"https:\/\/k-beautyci.com\/fr\/wp-json\/wp\/v2\/product\/1063","targetHints":{"allow":["GET"]}}],"collection":[{"href":"https:\/\/k-beautyci.com\/fr\/wp-json\/wp\/v2\/product"}],"about":[{"href":"https:\/\/k-beautyci.com\/fr\/wp-json\/wp\/v2\/types\/product"}],"replies":[{"embeddable":true,"href":"https:\/\/k-beautyci.com\/fr\/wp-json\/wp\/v2\/comments?post=1063"}],"wp:featuredmedia":[{"embeddable":true,"href":"https:\/\/k-beautyci.com\/fr\/wp-json\/wp\/v2\/media\/1064"}],"wp:attachment":[{"href":"https:\/\/k-beautyci.com\/fr\/wp-json\/wp\/v2\/media?parent=1063"}],"wp:term":[{"taxonomy":"product_brand","embeddable":true,"href":"https:\/\/k-beautyci.com\/fr\/wp-json\/wp\/v2\/product_brand?post=1063"},{"taxonomy":"product_cat","embeddable":true,"href":"https:\/\/k-beautyci.com\/fr\/wp-json\/wp\/v2\/product_cat?post=1063"},{"taxonomy":"product_tag","embeddable":true,"href":"https:\/\/k-beautyci.com\/fr\/wp-json\/wp\/v2\/product_tag?post=1063"}],"curies":[{"name":"wp","href":"https:\/\/api.w.org\/{rel}","templated":true}]}}