{"id":1059,"date":"2023-05-23T14:21:10","date_gmt":"2023-05-23T14:21:10","guid":{"rendered":"https:\/\/k-beautyci.com\/?post_type=product&#038;p=1059"},"modified":"2026-01-30T15:52:34","modified_gmt":"2026-01-30T15:52:34","slug":"cosrx-the-retinol-0-1-cream","status":"publish","type":"product","link":"https:\/\/k-beautyci.com\/fr\/produit\/cosrx-the-retinol-0-1-cream\/","title":{"rendered":"COSRX The Retinol 0.1 Cream"},"content":{"rendered":"<p>Comment l'utiliser :<\/p>\n<p>Apr\u00e8s avoir utilis\u00e9 l'essence ou le s\u00e9rum, tapoter une petite quantit\u00e9 \u00e0 l'aide de l'annulaire. Appliquer uniform\u00e9ment sur le visage, le cou et les parties concern\u00e9es par les rides. Limiter l'utilisation initiale \u00e0 trois fois par semaine ; augmenter progressivement la fr\u00e9quence jusqu'\u00e0 un soir sur deux, utiliser selon la tol\u00e9rance.<\/p>\n<p>Si vous avez la peau sensible ou si vous n'avez jamais utilis\u00e9 de produits \u00e0 base de vitamine A, nous vous recommandons d'ajuster la quantit\u00e9 ou la fr\u00e9quence. Lorsque vous utilisez ce produit pour la premi\u00e8re fois, appliquez une petite quantit\u00e9 sur votre peau et surveillez les r\u00e9actions \u00e9ventuelles. Augmentez lentement la quantit\u00e9 utilis\u00e9e jusqu'\u00e0 ce que vous trouviez l'\u00e9quilibre appropri\u00e9 pour votre peau.<\/p>\n<p>Toujours effectuer un test \u00e9picutan\u00e9. Utiliser uniquement selon les instructions. Ne pas utiliser sur une peau ab\u00eem\u00e9e. \u00c9viter l'utilisation pendant la grossesse ou l'allaitement. Ne pas utiliser imm\u00e9diatement apr\u00e8s un gommage. \u00c9viter d'utiliser ce produit en m\u00eame temps que des produits \u00e0 base de vitamine C ou d'acide. En cas d'irritation de la peau lors de l'utilisation de ce produit, r\u00e9duire la quantit\u00e9 ou la fr\u00e9quence d'utilisation et arr\u00eater l'utilisation si l'irritation persiste. Suivre les instructions suppl\u00e9mentaires figurant sur l'emballage. Avant de s'exposer au soleil, il est recommand\u00e9 aux utilisateurs de couvrir les zones o\u00f9 des r\u00e9tino\u00efdes ont \u00e9t\u00e9 appliqu\u00e9s avec un \u00e9cran solaire. Le contact du produit avec la peau doit \u00eatre limit\u00e9 en fr\u00e9quence et en dur\u00e9e. Les r\u00e9sultats individuels peuvent varier.<\/p>","protected":false},"excerpt":{"rendered":"<p>Le r\u00e9tinol aide \u00e0 r\u00e9duire les signes de vieillissement, comme les rides et les ridules, pour obtenir une peau plus lisse, plus ferme et d'apparence plus jeune. Renouvelez votre peau avec la cr\u00e8me au r\u00e9tinol de COSRX d\u00e8s aujourd'hui !<\/p>","protected":false},"featured_media":1060,"comment_status":"open","ping_status":"closed","template":"","meta":{"om_disable_all_campaigns":false},"product_brand":[],"product_cat":[57,25,51,31,33,68],"product_tag":[],"class_list":{"0":"post-1059","1":"product","2":"type-product","3":"status-publish","4":"has-post-thumbnail","6":"product_cat-anti-aging","7":"product_cat-asian-brands","8":"product_cat-cosrx","9":"product_cat-face-serums","10":"product_cat-face-treatments","11":"product_cat-retinol","13":"first","14":"instock","15":"shipping-taxable","16":"purchasable","17":"product-type-simple"},"aioseo_notices":[],"jetpack_sharing_enabled":true,"_links":{"self":[{"href":"https:\/\/k-beautyci.com\/fr\/wp-json\/wp\/v2\/product\/1059","targetHints":{"allow":["GET"]}}],"collection":[{"href":"https:\/\/k-beautyci.com\/fr\/wp-json\/wp\/v2\/product"}],"about":[{"href":"https:\/\/k-beautyci.com\/fr\/wp-json\/wp\/v2\/types\/product"}],"replies":[{"embeddable":true,"href":"https:\/\/k-beautyci.com\/fr\/wp-json\/wp\/v2\/comments?post=1059"}],"wp:featuredmedia":[{"embeddable":true,"href":"https:\/\/k-beautyci.com\/fr\/wp-json\/wp\/v2\/media\/1060"}],"wp:attachment":[{"href":"https:\/\/k-beautyci.com\/fr\/wp-json\/wp\/v2\/media?parent=1059"}],"wp:term":[{"taxonomy":"product_brand","embeddable":true,"href":"https:\/\/k-beautyci.com\/fr\/wp-json\/wp\/v2\/product_brand?post=1059"},{"taxonomy":"product_cat","embeddable":true,"href":"https:\/\/k-beautyci.com\/fr\/wp-json\/wp\/v2\/product_cat?post=1059"},{"taxonomy":"product_tag","embeddable":true,"href":"https:\/\/k-beautyci.com\/fr\/wp-json\/wp\/v2\/product_tag?post=1059"}],"curies":[{"name":"wp","href":"https:\/\/api.w.org\/{rel}","templated":true}]}}