{"id":10564,"date":"2025-12-29T13:34:13","date_gmt":"2025-12-29T13:34:13","guid":{"rendered":"https:\/\/k-beautyci.com\/?post_type=product&#038;p=10564"},"modified":"2026-01-13T11:33:13","modified_gmt":"2026-01-13T11:33:13","slug":"vt-cosmetics-reedle-shot-lip-plumper-expert","status":"publish","type":"product","link":"https:\/\/k-beautyci.com\/fr\/produit\/vt-cosmetics-reedle-shot-lip-plumper-expert\/","title":{"rendered":"VT COSMETICS REEDLE SHOT LIP PLUMPER EXPERT"},"content":{"rendered":"<p><b>Mode d'emploi :<\/b><\/p>\n<ul>\n<li>Pour un r\u00e9sultat optimal, commencez par nettoyer et s\u00e9cher vos l\u00e8vres. Appliquez une couche de VT Lip Plumper et laissez agir pendant 2 \u00e0 3 minutes. Une fois le produit absorb\u00e9, appliquez votre rouge \u00e0 l\u00e8vres ou votre gloss pr\u00e9f\u00e9r\u00e9, ou laissez vos l\u00e8vres nues pour un fini naturel et brillant.<\/li>\n<\/ul>\n<p>Avertissement : Pour usage externe uniquement. Toujours effectuer un test \u00e9picutan\u00e9. Cessez d'utiliser le produit si vous ressentez une quelconque g\u00eane. Suivre les instructions suppl\u00e9mentaires figurant sur l'emballage. Les r\u00e9sultats individuels peuvent varier.<\/p>","protected":false},"excerpt":{"rendered":"<p>Obtenez instantan\u00e9ment des l\u00e8vres pulpeuses et sensuelles gr\u00e2ce \u00e0 ce gloss transparent ultra-brillant. Con\u00e7u pour rehausser le volume naturel de vos l\u00e8vres tout en offrant un fini brillant et non collant qui dure toute la journ\u00e9e. Perfectionnez votre moue avec le gloss repulpant Reedle Shot Lip Plumper de VT ! Int\u00e9grant le traitement microneedling CICA REEDLE, signature de la marque, \u00e0 vos l\u00e8vres, ce gloss repulpant VT est enrichi en extrait de racine d'anemarrhena asphodeloides, l'ingr\u00e9dient v\u00e9g\u00e9tal phare de Volufiline, pour hydrater et repulper vos l\u00e8vres. Des agents hydratants tels que CICAHYLON\u2122, l'huile de jojoba, la vitamine E et l'acide hyaluronique gardent vos l\u00e8vres pulpeuses, \u00e9clatantes et brillantes.<\/p>\n<p>&nbsp;<\/p>\n<p>Bon \u00e0 savoir : VT Lip Plumper Expert convient aux personnes qui ont d\u00e9j\u00e0 utilis\u00e9 des repulpeurs pour les l\u00e8vres et qui recherchent un effet volumateur plus spectaculaire. Attendez-vous \u00e0 une sensation de picotement intense.<\/p>","protected":false},"featured_media":10572,"comment_status":"open","ping_status":"closed","template":"","meta":{"om_disable_all_campaigns":false},"product_brand":[],"product_cat":[65,211],"product_tag":[],"class_list":{"0":"post-10564","1":"product","2":"type-product","3":"status-publish","4":"has-post-thumbnail","6":"product_cat-lip-care","7":"product_cat-vt-cosmetics","9":"first","10":"outofstock","11":"shipping-taxable","12":"purchasable","13":"product-type-simple"},"aioseo_notices":[],"jetpack_sharing_enabled":true,"_links":{"self":[{"href":"https:\/\/k-beautyci.com\/fr\/wp-json\/wp\/v2\/product\/10564","targetHints":{"allow":["GET"]}}],"collection":[{"href":"https:\/\/k-beautyci.com\/fr\/wp-json\/wp\/v2\/product"}],"about":[{"href":"https:\/\/k-beautyci.com\/fr\/wp-json\/wp\/v2\/types\/product"}],"replies":[{"embeddable":true,"href":"https:\/\/k-beautyci.com\/fr\/wp-json\/wp\/v2\/comments?post=10564"}],"wp:featuredmedia":[{"embeddable":true,"href":"https:\/\/k-beautyci.com\/fr\/wp-json\/wp\/v2\/media\/10572"}],"wp:attachment":[{"href":"https:\/\/k-beautyci.com\/fr\/wp-json\/wp\/v2\/media?parent=10564"}],"wp:term":[{"taxonomy":"product_brand","embeddable":true,"href":"https:\/\/k-beautyci.com\/fr\/wp-json\/wp\/v2\/product_brand?post=10564"},{"taxonomy":"product_cat","embeddable":true,"href":"https:\/\/k-beautyci.com\/fr\/wp-json\/wp\/v2\/product_cat?post=10564"},{"taxonomy":"product_tag","embeddable":true,"href":"https:\/\/k-beautyci.com\/fr\/wp-json\/wp\/v2\/product_tag?post=10564"}],"curies":[{"name":"wp","href":"https:\/\/api.w.org\/{rel}","templated":true}]}}