{"id":10553,"date":"2025-12-29T13:20:57","date_gmt":"2025-12-29T13:20:57","guid":{"rendered":"https:\/\/k-beautyci.com\/?post_type=product&#038;p=10553"},"modified":"2026-01-30T18:24:00","modified_gmt":"2026-01-30T18:24:00","slug":"sungboon-editor-deep-collagen-retinol-power-boosting-capsule-cream-50ml","status":"publish","type":"product","link":"https:\/\/k-beautyci.com\/fr\/produit\/sungboon-editor-deep-collagen-retinol-power-boosting-capsule-cream-50ml\/","title":{"rendered":"Sungboon Editor Deep Collagen Retinol Power Boosting Capsule Cream 50ml"},"content":{"rendered":"<p>Comment l'utiliser :<\/p>\n<p>Utiliser le soir, commencer par 2 \u00e0 3 fois par semaine et augmenter la fr\u00e9quence selon la tol\u00e9rance.<\/p>\n<p>Personnalisez votre routine de soins de la peau gr\u00e2ce \u00e0 des proportions capsule\/gel ajustables en fonction de votre type de peau. (*Proportion capsule\/gel : pour les peaux s\u00e8ches, utilisez une proportion de 2:1 ; pour les peaux normales, une proportion de 1:1 ; et pour les peaux grasses, une proportion de 1:2.) Cette polyvalence garantit un soin optimal pour tous les types de peau.<\/p>\n<p>Avertissement : Pour usage externe uniquement. Toujours effectuer un test \u00e9picutan\u00e9. Cessez d'utiliser le produit si vous ressentez une quelconque g\u00eane. Suivre les instructions suppl\u00e9mentaires figurant sur l'emballage. Les r\u00e9sultats individuels peuvent varier.<\/p>","protected":false},"excerpt":{"rendered":"<p>Un produit anti-\u00e2ge innovant et intens\u00e9ment hydratant qui combine du collag\u00e8ne \u00e0 faible poids mol\u00e9culaire et du r\u00e9tinol dans une formule unique et personnalisable sous forme de capsule \u00e0 gel pour am\u00e9liorer l'\u00e9lasticit\u00e9 de la peau et r\u00e9duire les rides.<\/p>","protected":false},"featured_media":10562,"comment_status":"open","ping_status":"closed","template":"","meta":{"om_disable_all_campaigns":false},"product_brand":[],"product_cat":[57,26,68,254],"product_tag":[],"class_list":{"0":"post-10553","1":"product","2":"type-product","3":"status-publish","4":"has-post-thumbnail","6":"product_cat-anti-aging","7":"product_cat-face-moisturizer","8":"product_cat-retinol","9":"product_cat-sungboon","11":"first","12":"instock","13":"shipping-taxable","14":"purchasable","15":"product-type-simple"},"aioseo_notices":[],"jetpack_sharing_enabled":true,"_links":{"self":[{"href":"https:\/\/k-beautyci.com\/fr\/wp-json\/wp\/v2\/product\/10553","targetHints":{"allow":["GET"]}}],"collection":[{"href":"https:\/\/k-beautyci.com\/fr\/wp-json\/wp\/v2\/product"}],"about":[{"href":"https:\/\/k-beautyci.com\/fr\/wp-json\/wp\/v2\/types\/product"}],"replies":[{"embeddable":true,"href":"https:\/\/k-beautyci.com\/fr\/wp-json\/wp\/v2\/comments?post=10553"}],"wp:featuredmedia":[{"embeddable":true,"href":"https:\/\/k-beautyci.com\/fr\/wp-json\/wp\/v2\/media\/10562"}],"wp:attachment":[{"href":"https:\/\/k-beautyci.com\/fr\/wp-json\/wp\/v2\/media?parent=10553"}],"wp:term":[{"taxonomy":"product_brand","embeddable":true,"href":"https:\/\/k-beautyci.com\/fr\/wp-json\/wp\/v2\/product_brand?post=10553"},{"taxonomy":"product_cat","embeddable":true,"href":"https:\/\/k-beautyci.com\/fr\/wp-json\/wp\/v2\/product_cat?post=10553"},{"taxonomy":"product_tag","embeddable":true,"href":"https:\/\/k-beautyci.com\/fr\/wp-json\/wp\/v2\/product_tag?post=10553"}],"curies":[{"name":"wp","href":"https:\/\/api.w.org\/{rel}","templated":true}]}}