{"id":10540,"date":"2025-12-29T13:00:58","date_gmt":"2025-12-29T13:00:58","guid":{"rendered":"https:\/\/k-beautyci.com\/?post_type=product&#038;p=10540"},"modified":"2026-01-27T07:52:27","modified_gmt":"2026-01-27T07:52:27","slug":"round-lab-vita-niacinamide-dark-spot-serum-30ml","status":"publish","type":"product","link":"https:\/\/k-beautyci.com\/fr\/produit\/round-lab-vita-niacinamide-dark-spot-serum-30ml\/","title":{"rendered":"Round Lab VITA NIACINAMIDE DARK SPOT SERUM 30ml"},"content":{"rendered":"<p>Comment l'utiliser :<\/p>\n<p>Apr\u00e8s avoir nettoy\u00e9 et tonifi\u00e9 votre peau, appliquez une quantit\u00e9 appropri\u00e9e de s\u00e9rum sur votre visage, en insistant sur les zones pr\u00e9sentant des taches brunes ou un teint irr\u00e9gulier. Tapotez doucement jusqu'\u00e0 absorption compl\u00e8te. Appliquez ensuite une cr\u00e8me hydratante et un \u00e9cran solaire pendant la journ\u00e9e. Convient \u00e0 un usage quotidien, matin et soir.<\/p>\n<p>Avertissement : Pour usage externe uniquement. Toujours effectuer un test \u00e9picutan\u00e9. Cessez d'utiliser le produit si vous ressentez une quelconque g\u00eane. Suivre les instructions suppl\u00e9mentaires figurant sur l'emballage. Les r\u00e9sultats individuels peuvent varier.<\/p>","protected":false},"excerpt":{"rendered":"<p>Redonnez vie \u00e0 votre peau terne et sans \u00e9clat gr\u00e2ce \u00e0 ce s\u00e9rum \u00e9claircissant enrichi en Triple Vita Activer\u2122, compos\u00e9 d'eau de fruit d'hippophae rhamnoides, de vitamine C et d'extrait d'hippophae rhamnoides. D'autres ingr\u00e9dients illuminateurs tels que la niacinamide, l'acide tranexamique et le glutathion unifient le teint, estompent les imperfections et r\u00e9duisent les rides. La formule hypoallerg\u00e9nique convient \u00e0 tous les types de peau, y compris les peaux sensibles.<\/p>","protected":false},"featured_media":10552,"comment_status":"open","ping_status":"closed","template":"","meta":{"om_disable_all_campaigns":false},"product_brand":[],"product_cat":[31,257,74,157,243,72],"product_tag":[],"class_list":{"0":"post-10540","1":"product","2":"type-product","3":"status-publish","4":"has-post-thumbnail","6":"product_cat-face-serums","7":"product_cat-glutathione","8":"product_cat-niacinamide","9":"product_cat-round-lab","10":"product_cat-tranxemic-acid-txa","11":"product_cat-vitamin-c","13":"first","14":"instock","15":"shipping-taxable","16":"purchasable","17":"product-type-simple"},"aioseo_notices":[],"jetpack_sharing_enabled":true,"_links":{"self":[{"href":"https:\/\/k-beautyci.com\/fr\/wp-json\/wp\/v2\/product\/10540","targetHints":{"allow":["GET"]}}],"collection":[{"href":"https:\/\/k-beautyci.com\/fr\/wp-json\/wp\/v2\/product"}],"about":[{"href":"https:\/\/k-beautyci.com\/fr\/wp-json\/wp\/v2\/types\/product"}],"replies":[{"embeddable":true,"href":"https:\/\/k-beautyci.com\/fr\/wp-json\/wp\/v2\/comments?post=10540"}],"wp:featuredmedia":[{"embeddable":true,"href":"https:\/\/k-beautyci.com\/fr\/wp-json\/wp\/v2\/media\/10552"}],"wp:attachment":[{"href":"https:\/\/k-beautyci.com\/fr\/wp-json\/wp\/v2\/media?parent=10540"}],"wp:term":[{"taxonomy":"product_brand","embeddable":true,"href":"https:\/\/k-beautyci.com\/fr\/wp-json\/wp\/v2\/product_brand?post=10540"},{"taxonomy":"product_cat","embeddable":true,"href":"https:\/\/k-beautyci.com\/fr\/wp-json\/wp\/v2\/product_cat?post=10540"},{"taxonomy":"product_tag","embeddable":true,"href":"https:\/\/k-beautyci.com\/fr\/wp-json\/wp\/v2\/product_tag?post=10540"}],"curies":[{"name":"wp","href":"https:\/\/api.w.org\/{rel}","templated":true}]}}