{"id":10532,"date":"2025-12-29T12:19:38","date_gmt":"2025-12-29T12:19:38","guid":{"rendered":"https:\/\/k-beautyci.com\/?post_type=product&#038;p=10532"},"modified":"2025-12-31T00:59:59","modified_gmt":"2025-12-31T00:59:59","slug":"purito-seoul-oat-pdrn-gentle-refining-toner","status":"publish","type":"product","link":"https:\/\/k-beautyci.com\/fr\/produit\/purito-seoul-oat-pdrn-gentle-refining-toner\/","title":{"rendered":"Purito SEOUL Oat PDRN Gentle Refining Toner"},"content":{"rendered":"<p>Comment l'utiliser :<\/p>\n<ul class=\"product-single__extend-list\">\n<li>\n<p class=\"jt-typo--14\">Pour affiner le grain de peau : apr\u00e8s avoir nettoy\u00e9 votre peau, versez une quantit\u00e9 mod\u00e9r\u00e9e de tonique dans votre paume ou sur un coton. Passez-le sur votre peau et tapotez l\u00e9g\u00e8rement.<\/p>\n<\/li>\n<li>\n<p class=\"jt-typo--14\">Pour un regain d'hydratation : imbibez des cotons de tonique et placez-les sur les zones s\u00e8ches ou sensibles pendant 5 \u00e0 10 minutes. Cela procure une hydratation intense et aide \u00e0 lisser le grain de peau.<\/p>\n<\/li>\n<\/ul>\n<p>Avertissement : Pour usage externe uniquement. Toujours effectuer un test \u00e9picutan\u00e9. Cessez d'utiliser le produit si vous ressentez une quelconque g\u00eane. Suivre les instructions suppl\u00e9mentaires figurant sur l'emballage. Les r\u00e9sultats individuels peuvent varier.<\/p>","protected":false},"excerpt":{"rendered":"<p>Pr\u00e9parez-vous \u00e0 nourrir votre peau gr\u00e2ce aux pouvoirs rafra\u00eechissants de l'eau de graines d'avoine et du PDRN d'avoine pur ! Le tonique doux et raffermissant Oat PDRN chouchoute votre peau en lui apportant une bonne dose d'hydratation, tout en pr\u00e9servant la sant\u00e9 de votre barri\u00e8re cutan\u00e9e et l'\u00e9clat de votre teint. V\u00e9gan, sans parfum et hypoallerg\u00e9nique, ce tonique l\u00e9ger est le produit miracle ultime pour les peaux sujettes \u00e0 l'acn\u00e9.<\/p>","protected":false},"featured_media":10539,"comment_status":"open","ping_status":"closed","template":"","meta":{"om_disable_all_campaigns":false},"product_brand":[],"product_cat":[60,57,39,41,238,200],"product_tag":[],"class_list":{"0":"post-10532","1":"product","2":"type-product","3":"status-publish","4":"has-post-thumbnail","6":"product_cat-acne","7":"product_cat-anti-aging","8":"product_cat-face-toners","9":"product_cat-oily-skin","10":"product_cat-pdrn","11":"product_cat-purito","13":"first","14":"instock","15":"shipping-taxable","16":"purchasable","17":"product-type-simple"},"aioseo_notices":[],"jetpack_sharing_enabled":true,"_links":{"self":[{"href":"https:\/\/k-beautyci.com\/fr\/wp-json\/wp\/v2\/product\/10532","targetHints":{"allow":["GET"]}}],"collection":[{"href":"https:\/\/k-beautyci.com\/fr\/wp-json\/wp\/v2\/product"}],"about":[{"href":"https:\/\/k-beautyci.com\/fr\/wp-json\/wp\/v2\/types\/product"}],"replies":[{"embeddable":true,"href":"https:\/\/k-beautyci.com\/fr\/wp-json\/wp\/v2\/comments?post=10532"}],"wp:featuredmedia":[{"embeddable":true,"href":"https:\/\/k-beautyci.com\/fr\/wp-json\/wp\/v2\/media\/10539"}],"wp:attachment":[{"href":"https:\/\/k-beautyci.com\/fr\/wp-json\/wp\/v2\/media?parent=10532"}],"wp:term":[{"taxonomy":"product_brand","embeddable":true,"href":"https:\/\/k-beautyci.com\/fr\/wp-json\/wp\/v2\/product_brand?post=10532"},{"taxonomy":"product_cat","embeddable":true,"href":"https:\/\/k-beautyci.com\/fr\/wp-json\/wp\/v2\/product_cat?post=10532"},{"taxonomy":"product_tag","embeddable":true,"href":"https:\/\/k-beautyci.com\/fr\/wp-json\/wp\/v2\/product_tag?post=10532"}],"curies":[{"name":"wp","href":"https:\/\/api.w.org\/{rel}","templated":true}]}}