{"id":10518,"date":"2025-12-28T19:21:20","date_gmt":"2025-12-28T19:21:20","guid":{"rendered":"https:\/\/k-beautyci.com\/?post_type=product&#038;p=10518"},"modified":"2026-03-17T06:26:23","modified_gmt":"2026-03-17T06:26:23","slug":"medicube-hypochlorous-acid-daily-facial-spray-50ml","status":"publish","type":"product","link":"https:\/\/k-beautyci.com\/fr\/produit\/medicube-hypochlorous-acid-daily-facial-spray-50ml\/","title":{"rendered":"medicube Hypochlorous Acid Daily Facial Spray 50ml"},"content":{"rendered":"<p><b>Comment l'utiliser :<\/b><br \/>\n1. Vaporisez sur le visage et le corps \u00e0 tout moment, y compris avant ou apr\u00e8s les soins de la peau, sur le maquillage ou sur la peau nue.<\/p>\n<p>2. Il n'est pas n\u00e9cessaire de tapoter ou de rincer, laissez simplement s\u00e9cher \u00e0 l'air libre.<\/p>\n<p>Avertissement : Pour usage externe uniquement. Toujours effectuer un test \u00e9picutan\u00e9. Cessez d'utiliser le produit si vous ressentez une quelconque g\u00eane. Suivre les instructions suppl\u00e9mentaires figurant sur l'emballage. Les r\u00e9sultats individuels peuvent varier.<\/p>","protected":false},"excerpt":{"rendered":"<p>Une brume pour le visage au pH \u00e9quilibr\u00e9, con\u00e7ue pour apaiser, purifier et hydrater les peaux sensibles et sujettes \u00e0 l'acn\u00e9. Elle est formul\u00e9e avec 150 ppm d'acide hypochloreux (HOCl), un compos\u00e9 naturellement produit par le syst\u00e8me immunitaire de l'organisme pour lutter contre les bact\u00e9ries et apaiser les irritations.<\/p>","protected":false},"featured_media":10523,"comment_status":"open","ping_status":"closed","template":"","meta":{"om_disable_all_campaigns":false},"product_brand":[],"product_cat":[60,39,215,36],"product_tag":[],"class_list":{"0":"post-10518","1":"product","2":"type-product","3":"status-publish","4":"has-post-thumbnail","6":"product_cat-acne","7":"product_cat-face-toners","8":"product_cat-medicube","9":"product_cat-sensitive-skin","11":"first","12":"outofstock","13":"shipping-taxable","14":"purchasable","15":"product-type-simple"},"aioseo_notices":[],"jetpack_sharing_enabled":true,"_links":{"self":[{"href":"https:\/\/k-beautyci.com\/fr\/wp-json\/wp\/v2\/product\/10518","targetHints":{"allow":["GET"]}}],"collection":[{"href":"https:\/\/k-beautyci.com\/fr\/wp-json\/wp\/v2\/product"}],"about":[{"href":"https:\/\/k-beautyci.com\/fr\/wp-json\/wp\/v2\/types\/product"}],"replies":[{"embeddable":true,"href":"https:\/\/k-beautyci.com\/fr\/wp-json\/wp\/v2\/comments?post=10518"}],"wp:featuredmedia":[{"embeddable":true,"href":"https:\/\/k-beautyci.com\/fr\/wp-json\/wp\/v2\/media\/10523"}],"wp:attachment":[{"href":"https:\/\/k-beautyci.com\/fr\/wp-json\/wp\/v2\/media?parent=10518"}],"wp:term":[{"taxonomy":"product_brand","embeddable":true,"href":"https:\/\/k-beautyci.com\/fr\/wp-json\/wp\/v2\/product_brand?post=10518"},{"taxonomy":"product_cat","embeddable":true,"href":"https:\/\/k-beautyci.com\/fr\/wp-json\/wp\/v2\/product_cat?post=10518"},{"taxonomy":"product_tag","embeddable":true,"href":"https:\/\/k-beautyci.com\/fr\/wp-json\/wp\/v2\/product_tag?post=10518"}],"curies":[{"name":"wp","href":"https:\/\/api.w.org\/{rel}","templated":true}]}}