{"id":10509,"date":"2025-12-28T19:01:54","date_gmt":"2025-12-28T19:01:54","guid":{"rendered":"https:\/\/k-beautyci.com\/?post_type=product&#038;p=10509"},"modified":"2025-12-31T01:00:27","modified_gmt":"2025-12-31T01:00:27","slug":"medicube-kojic-acid-turmeric-vita-jelly-mist-serum-100ml","status":"publish","type":"product","link":"https:\/\/k-beautyci.com\/fr\/produit\/medicube-kojic-acid-turmeric-vita-jelly-mist-serum-100ml\/","title":{"rendered":"medicube Kojic Acid Turmeric Vita Jelly Mist Serum 100ml"},"content":{"rendered":"<p>Comment l'utiliser :<\/p>\n<ol>\n<li>Tenez le vaporisateur \u00e0 environ 20 cm de votre visage et vaporisez uniform\u00e9ment.<\/li>\n<li>Laissez les capsules se dissoudre compl\u00e8tement dans la peau avant de tapoter doucement pour favoriser l'absorption.<\/li>\n<\/ol>\n<p>Pour des r\u00e9sultats optimaux, utilisez ce s\u00e9rum en spray apr\u00e8s avoir nettoy\u00e9 et tonifi\u00e9 votre peau, mais avant d'appliquer votre cr\u00e8me hydratante.<\/p>\n<p>Avertissement : Pour usage externe uniquement. Toujours effectuer un test \u00e9picutan\u00e9. Cessez d'utiliser le produit si vous ressentez une quelconque g\u00eane. Suivre les instructions suppl\u00e9mentaires figurant sur l'emballage. Les r\u00e9sultats individuels peuvent varier.<\/p>","protected":false},"excerpt":{"rendered":"<p>Obtenez un teint visiblement plus lumineux et plus uniforme gr\u00e2ce \u00e0 une brume cliniquement formul\u00e9e qui fait \u00e9galement office de s\u00e9rum. Le s\u00e9rum Medicube Kojic Acid Turmeric Vita Jelly Mist agit comme une \u00ab seconde peau \u00bb essentielle, fondant sans effort sur la peau d\u00e8s son application. Cette formule unique enrichie en capsules assure une absorption rapide, apportant une nutrition cibl\u00e9e qui am\u00e9liore le teint terne tout en affinant le grain de peau. L\u00e9g\u00e8re mais puissante, elle corrige imm\u00e9diatement le teint et hydrate sans laisser de r\u00e9sidus collants, ce qui en fait une \u00e9tape essentielle pour am\u00e9liorer l'\u00e9clat de votre peau.<\/p>","protected":false},"featured_media":10516,"comment_status":"open","ping_status":"closed","template":"","meta":{"om_disable_all_campaigns":false},"product_brand":[],"product_cat":[52,39,215],"product_tag":[],"class_list":{"0":"post-10509","1":"product","2":"type-product","3":"status-publish","4":"has-post-thumbnail","6":"product_cat-dark-spots","7":"product_cat-face-toners","8":"product_cat-medicube","10":"first","11":"instock","12":"shipping-taxable","13":"purchasable","14":"product-type-simple"},"aioseo_notices":[],"jetpack_sharing_enabled":true,"_links":{"self":[{"href":"https:\/\/k-beautyci.com\/fr\/wp-json\/wp\/v2\/product\/10509","targetHints":{"allow":["GET"]}}],"collection":[{"href":"https:\/\/k-beautyci.com\/fr\/wp-json\/wp\/v2\/product"}],"about":[{"href":"https:\/\/k-beautyci.com\/fr\/wp-json\/wp\/v2\/types\/product"}],"replies":[{"embeddable":true,"href":"https:\/\/k-beautyci.com\/fr\/wp-json\/wp\/v2\/comments?post=10509"}],"wp:featuredmedia":[{"embeddable":true,"href":"https:\/\/k-beautyci.com\/fr\/wp-json\/wp\/v2\/media\/10516"}],"wp:attachment":[{"href":"https:\/\/k-beautyci.com\/fr\/wp-json\/wp\/v2\/media?parent=10509"}],"wp:term":[{"taxonomy":"product_brand","embeddable":true,"href":"https:\/\/k-beautyci.com\/fr\/wp-json\/wp\/v2\/product_brand?post=10509"},{"taxonomy":"product_cat","embeddable":true,"href":"https:\/\/k-beautyci.com\/fr\/wp-json\/wp\/v2\/product_cat?post=10509"},{"taxonomy":"product_tag","embeddable":true,"href":"https:\/\/k-beautyci.com\/fr\/wp-json\/wp\/v2\/product_tag?post=10509"}],"curies":[{"name":"wp","href":"https:\/\/api.w.org\/{rel}","templated":true}]}}