{"id":10500,"date":"2025-12-28T18:47:22","date_gmt":"2025-12-28T18:47:22","guid":{"rendered":"https:\/\/k-beautyci.com\/?post_type=product&#038;p=10500"},"modified":"2025-12-31T01:04:00","modified_gmt":"2025-12-31T01:04:00","slug":"medicube-pdrn-pink-collagen-glow-jelly-mist-serum-100ml","status":"publish","type":"product","link":"https:\/\/k-beautyci.com\/fr\/produit\/medicube-pdrn-pink-collagen-glow-jelly-mist-serum-100ml\/","title":{"rendered":"Medicube PDRN PINK COLLAGEN GLOW JELLY MIST SERUM 100ml"},"content":{"rendered":"<div class=\"otQkpb\" role=\"heading\" aria-level=\"3\" data-animation-nesting=\"\" data-sfc-cp=\"\" data-processed=\"true\" data-sae=\"\" data-complete=\"true\">Comment l'utiliser :<\/div>\n<ol class=\"IaGLZe VimKh\" data-processed=\"true\" data-complete=\"true\">\n<li data-hveid=\"CAYQAA\" data-complete=\"true\" data-sae=\"\"><span class=\"T286Pc\" data-sfc-cp=\"\" data-complete=\"true\">Bien agiter avant la premi\u00e8re utilisation afin de m\u00e9langer compl\u00e8tement les couches de PDRN et de collag\u00e8ne. Pour les utilisations suivantes, il suffit d'agiter l\u00e9g\u00e8rement.<\/span><\/li>\n<li data-hveid=\"CAYQAQ\" data-sae=\"\" data-complete=\"true\"><span class=\"T286Pc\" data-sfc-cp=\"\" data-complete=\"true\">Vaporisez la brume sur votre visage d\u00e8s que votre peau semble terne ou d\u00e9shydrat\u00e9e.<\/span>\n<ul class=\"KsbFXc U6u95\" data-complete=\"true\">\n<li data-hveid=\"CAYQAg\" data-complete=\"true\" data-sae=\"\"><span class=\"T286Pc\" data-sfc-cp=\"\" data-complete=\"true\">Pour un soin semblable \u00e0 un s\u00e9rum, vaporisez pr\u00e8s de la peau et tapotez doucement pour favoriser l'absorption.<\/span><\/li>\n<li data-hveid=\"CAYQAw\" data-sae=\"\" data-complete=\"true\"><span class=\"T286Pc\" data-sfc-cp=\"\" data-complete=\"true\">Pour un rafra\u00eechissement l\u00e9ger ou sur le maquillage, vaporisez uniform\u00e9ment \u00e0 une distance de 10 \u00e0 20 cm.<\/span><\/li>\n<\/ul>\n<\/li>\n<li data-hveid=\"CAYQBA\" data-complete=\"true\" data-processed=\"true\" data-sae=\"\"><span class=\"T286Pc\" data-sfc-cp=\"\" data-complete=\"true\">Appliquez le produit en tapotant d\u00e9licatement du bout des doigts pour faciliter son absorption.<\/span><\/li>\n<li data-hveid=\"CAYQBQ\" data-complete=\"true\" data-processed=\"true\" data-sae=\"\"><span class=\"T286Pc\" data-sfc-cp=\"\" data-complete=\"true\">Il peut \u00eatre utilis\u00e9 matin et soir dans le cadre de votre routine de soins habituelle.<\/span><\/li>\n<\/ol>\n<p>Avertissement : Pour usage externe uniquement. Toujours effectuer un test \u00e9picutan\u00e9. Cessez d'utiliser le produit si vous ressentez une quelconque g\u00eane. Suivre les instructions suppl\u00e9mentaires figurant sur l'emballage. Les r\u00e9sultats individuels peuvent varier.<\/p>","protected":false},"excerpt":{"rendered":"<p>Le s\u00e9rum Medicube PDRN Pink Collagen Glow Jelly Mist Serum 100 ml est un produit unique \u00e0 double texture qui combine la puissance d'un s\u00e9rum et la commodit\u00e9 d'une brume pour hydrater en profondeur, am\u00e9liorer l'\u00e9lasticit\u00e9 de la peau et favoriser un teint \u00e9clatant et lumineux.<\/p>","protected":false},"featured_media":10501,"comment_status":"open","ping_status":"closed","template":"","meta":{"om_disable_all_campaigns":false},"product_brand":[],"product_cat":[31,39,257,69,215,74,238],"product_tag":[],"class_list":{"0":"post-10500","1":"product","2":"type-product","3":"status-publish","4":"has-post-thumbnail","6":"product_cat-face-serums","7":"product_cat-face-toners","8":"product_cat-glutathione","9":"product_cat-hyaluronic-acid","10":"product_cat-medicube","11":"product_cat-niacinamide","12":"product_cat-pdrn","14":"first","15":"instock","16":"shipping-taxable","17":"purchasable","18":"product-type-simple"},"aioseo_notices":[],"jetpack_sharing_enabled":true,"_links":{"self":[{"href":"https:\/\/k-beautyci.com\/fr\/wp-json\/wp\/v2\/product\/10500","targetHints":{"allow":["GET"]}}],"collection":[{"href":"https:\/\/k-beautyci.com\/fr\/wp-json\/wp\/v2\/product"}],"about":[{"href":"https:\/\/k-beautyci.com\/fr\/wp-json\/wp\/v2\/types\/product"}],"replies":[{"embeddable":true,"href":"https:\/\/k-beautyci.com\/fr\/wp-json\/wp\/v2\/comments?post=10500"}],"wp:featuredmedia":[{"embeddable":true,"href":"https:\/\/k-beautyci.com\/fr\/wp-json\/wp\/v2\/media\/10501"}],"wp:attachment":[{"href":"https:\/\/k-beautyci.com\/fr\/wp-json\/wp\/v2\/media?parent=10500"}],"wp:term":[{"taxonomy":"product_brand","embeddable":true,"href":"https:\/\/k-beautyci.com\/fr\/wp-json\/wp\/v2\/product_brand?post=10500"},{"taxonomy":"product_cat","embeddable":true,"href":"https:\/\/k-beautyci.com\/fr\/wp-json\/wp\/v2\/product_cat?post=10500"},{"taxonomy":"product_tag","embeddable":true,"href":"https:\/\/k-beautyci.com\/fr\/wp-json\/wp\/v2\/product_tag?post=10500"}],"curies":[{"name":"wp","href":"https:\/\/api.w.org\/{rel}","templated":true}]}}