{"id":10491,"date":"2025-12-28T18:22:54","date_gmt":"2025-12-28T18:22:54","guid":{"rendered":"https:\/\/k-beautyci.com\/?post_type=product&#038;p=10491"},"modified":"2026-04-15T23:40:35","modified_gmt":"2026-04-15T23:40:35","slug":"medicube-pdrn-pink-collagen-bubble-serum-95ml","status":"publish","type":"product","link":"https:\/\/k-beautyci.com\/fr\/produit\/medicube-pdrn-pink-collagen-bubble-serum-95ml\/","title":{"rendered":"Medicube PDRN PINK COLLAGEN BUBBLE SERUM 95ml"},"content":{"rendered":"<p><b>Comment l'utiliser :<\/b><\/p>\n<p>Bien agiter avant utilisation, puis appliquer une quantit\u00e9 appropri\u00e9e uniform\u00e9ment sur le visage apr\u00e8s avoir tonifi\u00e9 la peau. Peut \u00eatre utilis\u00e9 matin et soir.<\/p>\n<p>Avertissement : Pour usage externe uniquement. Toujours effectuer un test \u00e9picutan\u00e9. Cessez d'utiliser le produit si vous ressentez une quelconque g\u00eane. Suivre les instructions suppl\u00e9mentaires figurant sur l'emballage. Les r\u00e9sultats individuels peuvent varier.<\/p>\n<div class=\"Y3BBE\" data-sfc-cp=\"\" data-hveid=\"CA0QAA\" data-processed=\"true\" data-complete=\"true\"><\/div>","protected":false},"excerpt":{"rendered":"<p>Un s\u00e9rum l\u00e9ger \u00e0 double couche qui utilise des microbulles pour hydrater en profondeur, am\u00e9liorer l'\u00e9lasticit\u00e9 de la peau et rehausser son \u00e9clat. Sa formule bulles-s\u00e9rum contient 99 % de PDRN pur, 5 % de niacinamide et du collag\u00e8ne hautement purifi\u00e9 pour booster l'\u00e9clat, l'hydratation et la fermet\u00e9 de la peau.<\/p>","protected":false},"featured_media":10499,"comment_status":"open","ping_status":"closed","template":"","meta":{"om_disable_all_campaigns":false},"product_brand":[],"product_cat":[57,148,52,31,69,215,238],"product_tag":[],"class_list":{"0":"post-10491","1":"product","2":"type-product","3":"status-publish","4":"has-post-thumbnail","6":"product_cat-anti-aging","7":"product_cat-ceramide","8":"product_cat-dark-spots","9":"product_cat-face-serums","10":"product_cat-hyaluronic-acid","11":"product_cat-medicube","12":"product_cat-pdrn","14":"first","15":"instock","16":"shipping-taxable","17":"purchasable","18":"product-type-simple"},"aioseo_notices":[],"jetpack_sharing_enabled":true,"_links":{"self":[{"href":"https:\/\/k-beautyci.com\/fr\/wp-json\/wp\/v2\/product\/10491","targetHints":{"allow":["GET"]}}],"collection":[{"href":"https:\/\/k-beautyci.com\/fr\/wp-json\/wp\/v2\/product"}],"about":[{"href":"https:\/\/k-beautyci.com\/fr\/wp-json\/wp\/v2\/types\/product"}],"replies":[{"embeddable":true,"href":"https:\/\/k-beautyci.com\/fr\/wp-json\/wp\/v2\/comments?post=10491"}],"wp:featuredmedia":[{"embeddable":true,"href":"https:\/\/k-beautyci.com\/fr\/wp-json\/wp\/v2\/media\/10499"}],"wp:attachment":[{"href":"https:\/\/k-beautyci.com\/fr\/wp-json\/wp\/v2\/media?parent=10491"}],"wp:term":[{"taxonomy":"product_brand","embeddable":true,"href":"https:\/\/k-beautyci.com\/fr\/wp-json\/wp\/v2\/product_brand?post=10491"},{"taxonomy":"product_cat","embeddable":true,"href":"https:\/\/k-beautyci.com\/fr\/wp-json\/wp\/v2\/product_cat?post=10491"},{"taxonomy":"product_tag","embeddable":true,"href":"https:\/\/k-beautyci.com\/fr\/wp-json\/wp\/v2\/product_tag?post=10491"}],"curies":[{"name":"wp","href":"https:\/\/api.w.org\/{rel}","templated":true}]}}