{"id":10484,"date":"2025-12-28T15:18:44","date_gmt":"2025-12-28T15:18:44","guid":{"rendered":"https:\/\/k-beautyci.com\/?post_type=product&#038;p=10484"},"modified":"2025-12-31T01:00:56","modified_gmt":"2025-12-31T01:00:56","slug":"kopher-ttaekkugmul-special-mild-peeling-system-100ml","status":"publish","type":"product","link":"https:\/\/k-beautyci.com\/fr\/produit\/kopher-ttaekkugmul-special-mild-peeling-system-100ml\/","title":{"rendered":"KOPHER Ttaekkugmul Special Mild Peeling System 100ml"},"content":{"rendered":"<p>Comment l'utiliser :<\/p>\n<p>Recommande une utilisation 2 \u00e0 3 fois par semaine pour les peaux normales. Pour les peaux sensibles, recommande une utilisation 1 \u00e0 2 fois par semaine.<\/p>\n<p>S\u00e9chez votre peau apr\u00e8s avoir lav\u00e9 votre visage. Appliquez soigneusement, sauf pr\u00e8s des yeux, et massez pendant 30 secondes.<\/p>\n<p>Avertissement : Pour usage externe uniquement. Toujours effectuer un test \u00e9picutan\u00e9. Cessez d'utiliser le produit si vous ressentez une quelconque g\u00eane. Suivre les instructions suppl\u00e9mentaires figurant sur l'emballage. Les r\u00e9sultats individuels peuvent varier.<\/p>","protected":false},"excerpt":{"rendered":"<p>Kopher \u2013 Le syst\u00e8me de peeling doux sp\u00e9cial 100 ml revitalise et exfolie la peau en douceur, r\u00e9v\u00e9lant un teint plus lisse et plus \u00e9clatant. Con\u00e7u pour celles et ceux qui recherchent une solution de peeling douce mais efficace, il convient aux peaux sensibles en \u00e9liminant les cellules mortes sans irritation, laissant la peau douce et rafra\u00eechie.<\/p>","protected":false},"featured_media":10490,"comment_status":"open","ping_status":"closed","template":"","meta":{"om_disable_all_campaigns":false},"product_brand":[],"product_cat":[61,266],"product_tag":[],"class_list":{"0":"post-10484","1":"product","2":"type-product","3":"status-publish","4":"has-post-thumbnail","6":"product_cat-face-exfoliator-peels-scrubs","7":"product_cat-kopher","9":"first","10":"instock","11":"shipping-taxable","12":"purchasable","13":"product-type-simple"},"aioseo_notices":[],"jetpack_sharing_enabled":true,"_links":{"self":[{"href":"https:\/\/k-beautyci.com\/fr\/wp-json\/wp\/v2\/product\/10484","targetHints":{"allow":["GET"]}}],"collection":[{"href":"https:\/\/k-beautyci.com\/fr\/wp-json\/wp\/v2\/product"}],"about":[{"href":"https:\/\/k-beautyci.com\/fr\/wp-json\/wp\/v2\/types\/product"}],"replies":[{"embeddable":true,"href":"https:\/\/k-beautyci.com\/fr\/wp-json\/wp\/v2\/comments?post=10484"}],"wp:featuredmedia":[{"embeddable":true,"href":"https:\/\/k-beautyci.com\/fr\/wp-json\/wp\/v2\/media\/10490"}],"wp:attachment":[{"href":"https:\/\/k-beautyci.com\/fr\/wp-json\/wp\/v2\/media?parent=10484"}],"wp:term":[{"taxonomy":"product_brand","embeddable":true,"href":"https:\/\/k-beautyci.com\/fr\/wp-json\/wp\/v2\/product_brand?post=10484"},{"taxonomy":"product_cat","embeddable":true,"href":"https:\/\/k-beautyci.com\/fr\/wp-json\/wp\/v2\/product_cat?post=10484"},{"taxonomy":"product_tag","embeddable":true,"href":"https:\/\/k-beautyci.com\/fr\/wp-json\/wp\/v2\/product_tag?post=10484"}],"curies":[{"name":"wp","href":"https:\/\/api.w.org\/{rel}","templated":true}]}}