{"id":10474,"date":"2025-12-28T12:47:03","date_gmt":"2025-12-28T12:47:03","guid":{"rendered":"https:\/\/k-beautyci.com\/?post_type=product&#038;p=10474"},"modified":"2025-12-31T01:01:10","modified_gmt":"2025-12-31T01:01:10","slug":"ilso-deep-clean-master-blackhead-remover","status":"publish","type":"product","link":"https:\/\/k-beautyci.com\/fr\/produit\/ilso-deep-clean-master-blackhead-remover\/","title":{"rendered":"ilso Deep Clean Master (Blackhead Remover)"},"content":{"rendered":"<p>Avertissement : Pour usage externe uniquement. Toujours effectuer un test \u00e9picutan\u00e9. Cessez d'utiliser le produit si vous ressentez une quelconque g\u00eane. Suivre les instructions suppl\u00e9mentaires figurant sur l'emballage. Les r\u00e9sultats individuels peuvent varier.<\/p>","protected":false},"excerpt":{"rendered":"<p>Ilso Deep Clean Master est un outil pratique qui aide efficacement \u00e0 \u00e9liminer les points noirs, les cellules mortes de la peau et les impuret\u00e9s, laissant votre peau fra\u00eeche et \u00e9clatante.\nVous pouvez gratter doucement votre peau avec cet outil pour rendre votre peau encore plus lisse et plus claire. L'exc\u00e8s de s\u00e9bum et les points noirs se retrouvent sur la pointe du Deep Clean Master, ce qui le rend facile \u00e0 nettoyer et ne le laisse pas sur votre peau.<\/p>","protected":false},"featured_media":10475,"comment_status":"open","ping_status":"closed","template":"","meta":{"om_disable_all_campaigns":false},"product_brand":[],"product_cat":[25,265],"product_tag":[],"class_list":{"0":"post-10474","1":"product","2":"type-product","3":"status-publish","4":"has-post-thumbnail","6":"product_cat-asian-brands","7":"product_cat-ilso-asian-brands","9":"first","10":"instock","11":"shipping-taxable","12":"purchasable","13":"product-type-simple"},"aioseo_notices":[],"jetpack_sharing_enabled":true,"_links":{"self":[{"href":"https:\/\/k-beautyci.com\/fr\/wp-json\/wp\/v2\/product\/10474","targetHints":{"allow":["GET"]}}],"collection":[{"href":"https:\/\/k-beautyci.com\/fr\/wp-json\/wp\/v2\/product"}],"about":[{"href":"https:\/\/k-beautyci.com\/fr\/wp-json\/wp\/v2\/types\/product"}],"replies":[{"embeddable":true,"href":"https:\/\/k-beautyci.com\/fr\/wp-json\/wp\/v2\/comments?post=10474"}],"wp:featuredmedia":[{"embeddable":true,"href":"https:\/\/k-beautyci.com\/fr\/wp-json\/wp\/v2\/media\/10475"}],"wp:attachment":[{"href":"https:\/\/k-beautyci.com\/fr\/wp-json\/wp\/v2\/media?parent=10474"}],"wp:term":[{"taxonomy":"product_brand","embeddable":true,"href":"https:\/\/k-beautyci.com\/fr\/wp-json\/wp\/v2\/product_brand?post=10474"},{"taxonomy":"product_cat","embeddable":true,"href":"https:\/\/k-beautyci.com\/fr\/wp-json\/wp\/v2\/product_cat?post=10474"},{"taxonomy":"product_tag","embeddable":true,"href":"https:\/\/k-beautyci.com\/fr\/wp-json\/wp\/v2\/product_tag?post=10474"}],"curies":[{"name":"wp","href":"https:\/\/api.w.org\/{rel}","templated":true}]}}