{"id":10461,"date":"2025-12-27T15:05:44","date_gmt":"2025-12-27T15:05:44","guid":{"rendered":"https:\/\/k-beautyci.com\/?post_type=product&#038;p=10461"},"modified":"2026-03-11T10:36:11","modified_gmt":"2026-03-11T10:36:11","slug":"haruharu-wonder-black-rice-pure-mineral-relief-daily-sunscreen","status":"publish","type":"product","link":"https:\/\/k-beautyci.com\/fr\/produit\/haruharu-wonder-black-rice-pure-mineral-relief-daily-sunscreen\/","title":{"rendered":"haruharu wonder Black Rice Pure Mineral Relief Daily Sunscreen"},"content":{"rendered":"<p><b>Comment l'utiliser :<\/b><\/p>\n<p>\u00c0 la derni\u00e8re \u00e9tape de votre routine de soins de la peau, appliquez une couche g\u00e9n\u00e9reuse sur les zones fr\u00e9quemment expos\u00e9es au soleil.<\/p>\n<p>Avertissement : Pour usage externe uniquement. Toujours effectuer un test \u00e9picutan\u00e9. Cessez d'utiliser le produit si vous ressentez une quelconque g\u00eane. Suivre les instructions suppl\u00e9mentaires figurant sur l'emballage. Les r\u00e9sultats individuels peuvent varier.<\/p>","protected":false},"excerpt":{"rendered":"<p>Prenez soin de votre peau sensible et prot\u00e9gez-la des rayons UV gr\u00e2ce \u00e0 cette cr\u00e8me solaire min\u00e9rale dot\u00e9e d'un indice de protection SPF 50+ PA++++ et riche en agents hydratants (comme l'huile de son de riz et l'acide hyaluronique) et apaisants (comme l'extrait de c\u0153ur de feuille). Cette cr\u00e8me solaire physique est exempte de parfums artificiels, de colorants et d'alcools. Ce produit \u00e0 la texture cr\u00e9meuse est pr\u00e9sent\u00e9 dans un tube pompe pour une application hygi\u00e9nique.<\/p>","protected":false},"featured_media":10466,"comment_status":"open","ping_status":"closed","template":"","meta":{"om_disable_all_campaigns":false},"product_brand":[],"product_cat":[152],"product_tag":[],"class_list":{"0":"post-10461","1":"product","2":"type-product","3":"status-publish","4":"has-post-thumbnail","6":"product_cat-haruharu-wonder","8":"first","9":"outofstock","10":"shipping-taxable","11":"purchasable","12":"product-type-simple"},"aioseo_notices":[],"jetpack_sharing_enabled":true,"_links":{"self":[{"href":"https:\/\/k-beautyci.com\/fr\/wp-json\/wp\/v2\/product\/10461","targetHints":{"allow":["GET"]}}],"collection":[{"href":"https:\/\/k-beautyci.com\/fr\/wp-json\/wp\/v2\/product"}],"about":[{"href":"https:\/\/k-beautyci.com\/fr\/wp-json\/wp\/v2\/types\/product"}],"replies":[{"embeddable":true,"href":"https:\/\/k-beautyci.com\/fr\/wp-json\/wp\/v2\/comments?post=10461"}],"wp:featuredmedia":[{"embeddable":true,"href":"https:\/\/k-beautyci.com\/fr\/wp-json\/wp\/v2\/media\/10466"}],"wp:attachment":[{"href":"https:\/\/k-beautyci.com\/fr\/wp-json\/wp\/v2\/media?parent=10461"}],"wp:term":[{"taxonomy":"product_brand","embeddable":true,"href":"https:\/\/k-beautyci.com\/fr\/wp-json\/wp\/v2\/product_brand?post=10461"},{"taxonomy":"product_cat","embeddable":true,"href":"https:\/\/k-beautyci.com\/fr\/wp-json\/wp\/v2\/product_cat?post=10461"},{"taxonomy":"product_tag","embeddable":true,"href":"https:\/\/k-beautyci.com\/fr\/wp-json\/wp\/v2\/product_tag?post=10461"}],"curies":[{"name":"wp","href":"https:\/\/api.w.org\/{rel}","templated":true}]}}